{"id":14,"date":"2021-11-21T15:14:19","date_gmt":"2021-11-21T15:14:19","guid":{"rendered":"https:\/\/ateramex.com.mx\/index.php\/about\/"},"modified":"2025-06-05T17:50:43","modified_gmt":"2025-06-05T23:50:43","slug":"quienes-somos","status":"publish","type":"page","link":"https:\/\/ateramex.com.mx\/index.php\/quienes-somos\/","title":{"rendered":"Qui\u00e9nes somos"},"content":{"rendered":"\t\t<div data-elementor-type=\"wp-page\" data-elementor-id=\"14\" class=\"elementor elementor-14\">\n\t\t\t\t\t\t\t\t\t<section class=\"elementor-section elementor-top-section elementor-element elementor-element-c8ddeb6 elementor-section-height-min-height elementor-section-boxed elementor-section-height-default elementor-section-items-middle\" data-id=\"c8ddeb6\" data-element_type=\"section\" data-settings=\"{&quot;background_background&quot;:&quot;classic&quot;}\">\n\t\t\t\t\t\t\t<div class=\"elementor-background-overlay\"><\/div>\n\t\t\t\t\t\t\t<div class=\"elementor-container elementor-column-gap-default\">\n\t\t\t\t\t<div class=\"elementor-column elementor-col-100 elementor-top-column elementor-element elementor-element-6a5337e\" data-id=\"6a5337e\" data-element_type=\"column\">\n\t\t\t<div class=\"elementor-widget-wrap elementor-element-populated\">\n\t\t\t\t\t\t\t\t<div class=\"elementor-element elementor-element-feefb6c elementor-widget elementor-widget-heading\" data-id=\"feefb6c\" data-element_type=\"widget\" data-widget_type=\"heading.default\">\n\t\t\t\t<div class=\"elementor-widget-container\">\n\t\t\t<style>\/*! elementor - v3.8.1 - 13-11-2022 *\/\n.elementor-heading-title{padding:0;margin:0;line-height:1}.elementor-widget-heading .elementor-heading-title[class*=elementor-size-]>a{color:inherit;font-size:inherit;line-height:inherit}.elementor-widget-heading .elementor-heading-title.elementor-size-small{font-size:15px}.elementor-widget-heading .elementor-heading-title.elementor-size-medium{font-size:19px}.elementor-widget-heading .elementor-heading-title.elementor-size-large{font-size:29px}.elementor-widget-heading .elementor-heading-title.elementor-size-xl{font-size:39px}.elementor-widget-heading .elementor-heading-title.elementor-size-xxl{font-size:59px}<\/style><h1 class=\"elementor-heading-title elementor-size-default\">Apasionados en la mejora de la calidad de vida...<\/h1>\t\t<\/div>\n\t\t\t\t<\/div>\n\t\t\t\t<div class=\"elementor-element elementor-element-afc7061 elementor-widget elementor-widget-text-editor\" data-id=\"afc7061\" data-element_type=\"widget\" data-widget_type=\"text-editor.default\">\n\t\t\t\t<div class=\"elementor-widget-container\">\n\t\t\t<style>\/*! elementor - v3.8.1 - 13-11-2022 *\/\n.elementor-widget-text-editor.elementor-drop-cap-view-stacked .elementor-drop-cap{background-color:#818a91;color:#fff}.elementor-widget-text-editor.elementor-drop-cap-view-framed .elementor-drop-cap{color:#818a91;border:3px solid;background-color:transparent}.elementor-widget-text-editor:not(.elementor-drop-cap-view-default) .elementor-drop-cap{margin-top:8px}.elementor-widget-text-editor:not(.elementor-drop-cap-view-default) .elementor-drop-cap-letter{width:1em;height:1em}.elementor-widget-text-editor .elementor-drop-cap{float:left;text-align:center;line-height:1;font-size:50px}.elementor-widget-text-editor .elementor-drop-cap-letter{display:inline-block}<\/style>\t\t\t\t<p><span style=\"color: #003300;\"><strong>Industrias Electr\u00f3nicas Ateramex, S.A. de C.V. fue fundada por un grupo de profesionales mexicanos altamente capacitados enfocados en el dise\u00f1o y producci\u00f3n de equipos electr\u00f3nicos de alta tecnolog\u00eda para satisfacer las necesidades y mejorar la calidad de vida de la sociedad.<\/strong><\/span><\/p>\t\t\t\t\t\t<\/div>\n\t\t\t\t<\/div>\n\t\t\t\t\t<\/div>\n\t\t<\/div>\n\t\t\t\t\t\t\t<\/div>\n\t\t<\/section>\n\t\t\t\t<section class=\"elementor-section elementor-top-section elementor-element elementor-element-034f786 elementor-section-boxed elementor-section-height-default elementor-section-height-default\" data-id=\"034f786\" data-element_type=\"section\">\n\t\t\t\t\t\t<div class=\"elementor-container elementor-column-gap-default\">\n\t\t\t\t\t<div class=\"elementor-column elementor-col-100 elementor-top-column elementor-element elementor-element-ba0c118\" data-id=\"ba0c118\" data-element_type=\"column\">\n\t\t\t<div class=\"elementor-widget-wrap elementor-element-populated\">\n\t\t\t\t\t\t\t\t<section class=\"elementor-section elementor-inner-section elementor-element elementor-element-d762106 elementor-section-boxed elementor-section-height-default elementor-section-height-default\" data-id=\"d762106\" data-element_type=\"section\">\n\t\t\t\t\t\t<div class=\"elementor-container elementor-column-gap-default\">\n\t\t\t\t\t<div class=\"elementor-column elementor-col-50 elementor-inner-column elementor-element elementor-element-08ec54c\" data-id=\"08ec54c\" data-element_type=\"column\">\n\t\t\t<div class=\"elementor-widget-wrap elementor-element-populated\">\n\t\t\t\t\t\t\t\t<div class=\"elementor-element elementor-element-d35be41 elementor-widget elementor-widget-heading\" data-id=\"d35be41\" data-element_type=\"widget\" data-widget_type=\"heading.default\">\n\t\t\t\t<div class=\"elementor-widget-container\">\n\t\t\t<h3 class=\"elementor-heading-title elementor-size-default\">Somos<\/h3>\t\t<\/div>\n\t\t\t\t<\/div>\n\t\t\t\t<div class=\"elementor-element elementor-element-8fa3d11 elementor-widget elementor-widget-text-editor\" data-id=\"8fa3d11\" data-element_type=\"widget\" data-widget_type=\"text-editor.default\">\n\t\t\t\t<div class=\"elementor-widget-container\">\n\t\t\t\t\t\t\t<p>Una empresa humana comprometida y socialmente responsable formada por emprendedores y profesionales mexicanos, con nuevas ideas de desarrollo e investigaci\u00f3n.<\/p>\t\t\t\t\t\t<\/div>\n\t\t\t\t<\/div>\n\t\t\t\t\t<\/div>\n\t\t<\/div>\n\t\t\t\t<div class=\"elementor-column elementor-col-50 elementor-inner-column elementor-element elementor-element-d30d7a1\" data-id=\"d30d7a1\" data-element_type=\"column\">\n\t\t\t<div class=\"elementor-widget-wrap elementor-element-populated\">\n\t\t\t\t\t\t\t\t<div class=\"elementor-element elementor-element-6260bc9 elementor-widget elementor-widget-heading\" data-id=\"6260bc9\" data-element_type=\"widget\" data-widget_type=\"heading.default\">\n\t\t\t\t<div class=\"elementor-widget-container\">\n\t\t\t<h3 class=\"elementor-heading-title elementor-size-default\">Nuestra Misi\u00f3n<\/h3>\t\t<\/div>\n\t\t\t\t<\/div>\n\t\t\t\t<div class=\"elementor-element elementor-element-3a99000 elementor-widget elementor-widget-text-editor\" data-id=\"3a99000\" data-element_type=\"widget\" data-widget_type=\"text-editor.default\">\n\t\t\t\t<div class=\"elementor-widget-container\">\n\t\t\t\t\t\t\t<p>Desarrollar y fabricar productos de excelencia que mejoren la calidad de vida para satisfacer las necesidades de nuestros clientes incorporando los \u00faltimos avances de la ciencia y tecnolog\u00eda, con sentido social y humano<\/p>\t\t\t\t\t\t<\/div>\n\t\t\t\t<\/div>\n\t\t\t\t\t<\/div>\n\t\t<\/div>\n\t\t\t\t\t\t\t<\/div>\n\t\t<\/section>\n\t\t\t\t\t<\/div>\n\t\t<\/div>\n\t\t\t\t\t\t\t<\/div>\n\t\t<\/section>\n\t\t\t\t<section class=\"elementor-section elementor-top-section elementor-element elementor-element-e889fc3 elementor-section-boxed elementor-section-height-default elementor-section-height-default\" data-id=\"e889fc3\" data-element_type=\"section\" data-settings=\"{&quot;background_background&quot;:&quot;classic&quot;}\">\n\t\t\t\t\t\t<div class=\"elementor-container elementor-column-gap-default\">\n\t\t\t\t\t<div class=\"elementor-column elementor-col-100 elementor-top-column elementor-element elementor-element-ebb2ba7\" data-id=\"ebb2ba7\" data-element_type=\"column\">\n\t\t\t<div class=\"elementor-widget-wrap elementor-element-populated\">\n\t\t\t\t\t\t\t\t<div class=\"elementor-element elementor-element-d1e0af2 elementor-widget elementor-widget-text-editor\" data-id=\"d1e0af2\" data-element_type=\"widget\" data-widget_type=\"text-editor.default\">\n\t\t\t\t<div class=\"elementor-widget-container\">\n\t\t\t\t\t\t\t<h3 style=\"text-align: justify; line-height: 150%;\"><span style=\"font-size: 16.0pt; line-height: 150%; font-family: 'Arial','sans-serif';\">Estamos inscritos en el Registro Nacional de Instituciones y Empresas Cient\u00edficas y Tecnol\u00f3gicas (RENIECYT) perteneciente al Consejo Nacional de Ciencia y Tecnolog\u00eda (CONACYT) con\u00a0<\/span><a href=\"https:\/\/ateramex.com.mx\/wp-content\/uploads\/2023\/02\/Ateramex-Registro-de-inscripcion-al-Reniecyt.pdf\" target=\"_blank\" rel=\"noopener\">n\u00famero de registro 1803488.\u00a0<\/a><\/h3><h3>Contamos con las siguientes patentes otorgadas y en tr\u00e1mite:<\/h3><h6>Rodolfo Alvarado Mart\u00ednez, Rodolfo Alvarado Cervantes, M\u00c9TODO Y APARATO PARA LA MEDICI\u00d3N DE CONCENTRACI\u00d3N DE OZONO MEDIANTE ESPECTROFOTOMETR\u00cdA EN LA BANDA DE CHAPPUIS, presentada en el Instituto Mexicano de la Propiedad Industrial (IMPI) en la Ciudad de M\u00e9xico el 26 de octubre de 2019, <a href=\"https:\/\/ateramex.com.mx\/wp-content\/uploads\/2024\/10\/Titulo-de-patente-417293-2024.pdf\">T\u00edtulo de Patente No. 417293<\/a><\/h6><h6>Rodolfo Alvarado Cervantes, M\u00c9TODO DE SEGMENTACI\u00d3N DE IM\u00c1GENES EN COLOR MEDIANTE EL USO DE LA INFORMACI\u00d3N DE COLOR COMO UN TODO, expediente: PA\/a\/2006\/004633, presentada en el Instituto Mexicano de la Propiedad Industrial (IMPI) en la Ciudad de M\u00e9xico el 26 de abril de 2006,\u00a0<a href=\"https:\/\/ateramex.com.mx\/wp-content\/uploads\/2023\/02\/Titulo-de-Patente-269875.pdf\">T\u00edtulo de Patente No. 269875<\/a><\/h6><h6>Rodolfo Alvarado Cervantes, Rodolfo Alvarado Mart\u00ednez, Edgardo Manuel Felipe River\u00f3n, Vladislav Khartchenko, M\u00c9TODO AUTOM\u00c1TICO DE SEGMENTACI\u00d3N DE LOS COLORES EN LAS IM\u00c1GENES DIGITALES, presentada en el Instituto Mexicano de la Propiedad Industrial (IMPI) en la Ciudad de M\u00e9xico el 3 de noviembre de 2017, <a href=\"https:\/\/ateramex.com.mx\/wp-content\/uploads\/2023\/02\/Titulo-de-Patente-386943.jpg\">T\u00edtulo de Patente No. 386943<\/a><\/h6><h3 style=\"font-style: normal;\">Tenemos publicaciones cient\u00edficas con menci\u00f3n y agradecimientos en:<\/h3><h6 style=\"font-style: normal;\">Rodolfo Alvarado-Cervantes, Edgardo M. Felipe-River\u00f3n, Vladislav Khartchenko, Oleksiy Pogrebnyak and Rodolfo Alvarado-Mart\u00ednez,\u00a0<span style=\"font-weight: bold;\">Behavior of the CIE L*a*b* Color Space in the Detection of Saturation Variations during Color Image Segmentation<\/span>., Felix Castro, Sabino MIranda-Jimenez, Eds., Advances in Computational Intelligence, LNAI 10633, 16th Mexican International Congress on Artificial Intelligence MICAI 2017, Ensenada, Baja California, M\u00e9xico, October 23-28, 2017. Springer Nature Switzerland AG 2018.,\u00a0\u00a0<a style=\"transition-property: all;\" href=\"https:\/\/doi.org\/10.1007\/978-3-030-02840-4_19\">https:\/\/doi.org\/10.1007\/978-3-030-02840-4_19<\/a><\/h6><h6>El Director de nuestro Departamento de Desarrollo:<\/h6><h6><a href=\"https:\/\/www.researchgate.net\/profile\/Rodolfo_Alvarado-Cervantes\">https:\/\/www.researchgate.net\/profile\/Rodolfo_Alvarado-Cervantes<\/a><\/h6><h6>Es primer autor de los siguientes trabajos cient\u00edficos:<\/h6><ol><li><h6>Alvarado-Cervantes R., Felipe-Riveron E.M., Khartchenko V., and Pogrebnyak O.\u00a0<strong>An Adaptive Color Similarity Function Suitable for Image Segmentation and its Numerical Evaluation.<\/strong>Color Research and Application. Ellen C. Carter (Ed.). 2016 Wiley Periodicals, Inc. Col Res Appl, 00, 000\u2013000, 2016; published Online May 20, 2016 in Wiley Online Library (<a href=\"http:\/\/l.facebook.com\/l.php?u=http%3A%2F%2Fwileyonlinelibrary.com%2F&amp;h=sAQHKSnPC&amp;s=1\">com<\/a>). DOI 10.1002\/col.22059. New Jersey USA, 2016,\u00a0<a href=\"https:\/\/doi.org\/10.1002\/col.22059\">https:\/\/doi.org\/10.1002\/col.22059<\/a><\/h6><\/li><li><h6>Alvarado-Cervantes, R, Felipe-Riveron, EM, Khartchenko, V, and Pogrebnyak, O.\u00a0<strong>Influence of Luminance L* in the L*a*b* Color Space during Color Segmentation in Highly Saturated Color Images<\/strong>. In: Oscar Herrera Alc\u00e1ntara (Ed.) Research in Computer Science. Vol 102. Advances in Machine Learning and Image Processing pp 21-31. 14th Mexican International Conference on Artificial Intelligence MICAI 2015. Cuernavaca Morelos, Mexico. October 25-31, 2015.<\/h6><\/li><li><h6>Alvarado-Cervantes, R, Felipe-Riveron, EM, Khartchenko, V, and Pogrebnyak, O.\u00a0<strong>Influence of the Luminance L* during Color Segmentation in the L*a*b* Color Space<\/strong>. 15th International Conference on Computing Science CORE 2015, Research in Computer Science 105: 107-115. CIC IPN, M\u00e9xico, 2015.<\/h6><\/li><li><h6>Alvarado-Cervantes, R, Felipe-Riveron, EM y Khartchenko, V.\u00a0<strong>Characterization and Numerical Evaluation of a Color Image Segmentation Method<\/strong>. In: Alexander Gelbukh, F\u00e9lix Castro Espinoza and Sof\u00eda N. Galicia-Haro (Eds.) Thirteenth Mexican International Conference on Artificial Intelligence MICAI 2014 pp 48-52. Published by the IEEE Computer Society, Los Alamitos, CA, USA, ISBN 978-1-4799-9900-2, and Library of Congress Number 2015935989. BMS Part Number CFP1434B-PRT, 2015.<\/h6><\/li><li><h6>Alvarado-Cervantes, R y Felipe-Riveron, EM.\u00a0<strong>Improved HSI Color Space for Color Image Segmentation<\/strong>. In: Luis Alvarez, Marta Mejail, Luis Gomez, Julio Jacobo (Eds.). Progress in Pattern Recognition, Image Analysis, Computer Vision, and Applications. LNCS Volume 7441. pp. 348-354 .Springer. 17th Iberoamerican Congress, CIARP 2012, Buenos Aires, Argentina. ISBN: 978-3-642-33274-6, 2012.<\/h6><\/li><li><h6>Alvarado-Cervantes, R y Felipe-Riveron, EM.\u00a0<strong>An Adaptive Color Similarity Function for Color Image Segmentation<\/strong>. In: C. San Mart\u00edn and Sang-Woon Kim Jacobo (Eds.). Progress in Pattern Recognition, Image Analysis, Computer Vision, and Applications. LNCS Volume 7042. pp. 113-124. Springer. 16th Iberoamerican Congress, CIARP 2011, Puc\u00f3n, Chile, ISBN: 978-3-642-25084-2, 2011.<\/h6><\/li><li><h6>Alvarado-Cervantes, R y Felipe-Riveron, EM.\u00a0<strong>Refined Achromatic Zone Segmentation in Color Images<\/strong>. In: Castillo Montiel E., Chimal Egu\u00eda J.C., Uriarte Arcia A., and Cabrera Rivera L. (Volume Eds.). Advances in Computer Science Vol. 58 p 79-90. 12th International Conference on Computer Science CORE 2012. CIC IPN, M\u00e9xico, 2012.<\/h6><\/li><li><h6>Alvarado-Cervantes, R, Felipe-Riveron, EM and Sanchez-Fernandez, LP.\u00a0<strong>Color Image Segmentation by means of a Similarity Function<\/strong>. In: I. Bloch and R.M. Cesar, Jr., Jacobo (Eds.). Progress in Pattern Recognition, Image Analysis, Computer Vision, and Applications. LNCS Volume 6419. pp. 319-328. Springer. 15th Iberoamerican Congress, CIARP 2010, Sao Paulo, Brasil, ISBN: 978-3-642-16686-0, 2010<\/h6><\/li><li><h6>Alvarado-Cervantes, R y Felipe-Riveron, EM.\u00a0<strong>Color Image Segmentation Accomplished by an Adaptive Similarity Measure<\/strong>. In: Grigori Sidorov, Benjam\u00edn Cruz, Miguel A. Mart\u00ednez and Sulema Torres (Eds.) Research in Computing Science. Vol 34, pp. 103-115. 9th International Conference on Computing Science CORE 2008, CIC IPN, Mexico. ISSN 1870-4069, 2008<\/h6><\/li><li><h6>Alvarado-Cervantes R., Felipe-Riveron E.M., Khartchenko V., and Pogrebnyak O., A\u00a0<strong>Study on the Influence of Luminance L* in the L*a*b* Color Space during Color Segmentation<\/strong>, Journal of Computer and Communications, 4, 28-34. (2016). Scientific Research Publishing. ISSN Online: 2327-5227. 5th International Conference on Signal and Image Processing CSIP 2016. March 2-4, Beijing, China\u00a0\u00a0<a href=\"http:\/\/dx.doi.org\/10.4236\/jcc.2016.43005\">http:\/\/dx.doi.org\/10.4236\/jcc.2016.43005<\/a><\/h6><\/li><li><h6>Alvarado-Cervantes, R, Felipe-Riveron, EM, Khartchenko, V, and Pogrebnyak, O., A\u00a0<strong>Comparative Study of the use of a Robust Color Image Segmentation Method<\/strong>, Fifteenth Mexican International Conference on Artificial Intelligence MICAI 2016, Cancun, Mexico October 23-29, 2016, In press<\/h6><\/li><\/ol><h6>\u00a0<\/h6>\t\t\t\t\t\t<\/div>\n\t\t\t\t<\/div>\n\t\t\t\t\t<\/div>\n\t\t<\/div>\n\t\t\t\t\t\t\t<\/div>\n\t\t<\/section>\n\t\t\t\t\t\t\t<\/div>\n\t\t","protected":false},"excerpt":{"rendered":"<p>Apasionados en la mejora de la calidad de vida&#8230; Industrias Electr\u00f3nicas Ateramex, S.A. de C.V. fue fundada por un grupo de profesionales mexicanos altamente capacitados enfocados en el dise\u00f1o y producci\u00f3n de equipos electr\u00f3nicos de alta tecnolog\u00eda para satisfacer las necesidades y mejorar la calidad de vida de la sociedad. Somos Una empresa humana comprometida &hellip;<\/p>\n<p class=\"read-more\"> <a class=\"\" href=\"https:\/\/ateramex.com.mx\/index.php\/quienes-somos\/\"> <span class=\"screen-reader-text\">Qui\u00e9nes somos<\/span> Leer m\u00e1s &raquo;<\/a><\/p>\n","protected":false},"author":1,"featured_media":0,"parent":0,"menu_order":0,"comment_status":"closed","ping_status":"closed","template":"","meta":{"om_disable_all_campaigns":false,"_uf_show_specific_survey":0,"_uf_disable_surveys":false,"site-sidebar-layout":"no-sidebar","site-content-layout":"page-builder","ast-global-header-display":"","ast-main-header-display":"","ast-hfb-above-header-display":"","ast-hfb-below-header-display":"","ast-hfb-mobile-header-display":"","site-post-title":"disabled","ast-breadcrumbs-content":"","ast-featured-img":"disabled","footer-sml-layout":"","theme-transparent-header-meta":"disabled","adv-header-id-meta":"","stick-header-meta":"","header-above-stick-meta":"","header-main-stick-meta":"","header-below-stick-meta":"","_joinchat":[],"footnotes":""},"aioseo_notices":[],"_links":{"self":[{"href":"https:\/\/ateramex.com.mx\/index.php\/wp-json\/wp\/v2\/pages\/14"}],"collection":[{"href":"https:\/\/ateramex.com.mx\/index.php\/wp-json\/wp\/v2\/pages"}],"about":[{"href":"https:\/\/ateramex.com.mx\/index.php\/wp-json\/wp\/v2\/types\/page"}],"author":[{"embeddable":true,"href":"https:\/\/ateramex.com.mx\/index.php\/wp-json\/wp\/v2\/users\/1"}],"replies":[{"embeddable":true,"href":"https:\/\/ateramex.com.mx\/index.php\/wp-json\/wp\/v2\/comments?post=14"}],"version-history":[{"count":41,"href":"https:\/\/ateramex.com.mx\/index.php\/wp-json\/wp\/v2\/pages\/14\/revisions"}],"predecessor-version":[{"id":4037,"href":"https:\/\/ateramex.com.mx\/index.php\/wp-json\/wp\/v2\/pages\/14\/revisions\/4037"}],"wp:attachment":[{"href":"https:\/\/ateramex.com.mx\/index.php\/wp-json\/wp\/v2\/media?parent=14"}],"curies":[{"name":"wp","href":"https:\/\/api.w.org\/{rel}","templated":true}]}}