{"id":1651,"date":"2023-02-24T16:36:16","date_gmt":"2023-02-24T22:36:16","guid":{"rendered":"https:\/\/ateramex.com.mx\/?page_id=1651"},"modified":"2026-01-30T16:11:33","modified_gmt":"2026-01-30T22:11:33","slug":"ram3-analizador-de-ozono-por-espectrometria","status":"publish","type":"page","link":"https:\/\/ateramex.com.mx\/index.php\/ram3-analizador-de-ozono-por-espectrometria\/","title":{"rendered":"Analizador de Ozono por Espectrometr\u00eda RAM3"},"content":{"rendered":"\t\t<div data-elementor-type=\"wp-page\" data-elementor-id=\"1651\" class=\"elementor elementor-1651\">\n\t\t\t\t\t\t\t\t\t<section class=\"elementor-section elementor-top-section elementor-element elementor-element-03cb288 elementor-section-boxed elementor-section-height-default elementor-section-height-default\" data-id=\"03cb288\" data-element_type=\"section\">\n\t\t\t\t\t\t<div class=\"elementor-container elementor-column-gap-default\">\n\t\t\t\t\t<div class=\"elementor-column elementor-col-100 elementor-top-column elementor-element elementor-element-b5766c6\" data-id=\"b5766c6\" data-element_type=\"column\">\n\t\t\t<div class=\"elementor-widget-wrap elementor-element-populated\">\n\t\t\t\t\t\t\t\t<section class=\"elementor-section elementor-inner-section elementor-element elementor-element-e0ad1b5 elementor-section-boxed elementor-section-height-default elementor-section-height-default\" data-id=\"e0ad1b5\" data-element_type=\"section\">\n\t\t\t\t\t\t<div class=\"elementor-container elementor-column-gap-default\">\n\t\t\t\t\t<div class=\"elementor-column elementor-col-50 elementor-inner-column elementor-element elementor-element-30d40c5\" data-id=\"30d40c5\" data-element_type=\"column\">\n\t\t\t<div class=\"elementor-widget-wrap elementor-element-populated\">\n\t\t\t\t\t\t\t\t<div class=\"elementor-element elementor-element-51807e5 elementor-widget elementor-widget-image\" data-id=\"51807e5\" data-element_type=\"widget\" data-widget_type=\"image.default\">\n\t\t\t\t<div class=\"elementor-widget-container\">\n\t\t\t<style>\/*! elementor - v3.8.1 - 13-11-2022 *\/\n.elementor-widget-image{text-align:center}.elementor-widget-image a{display:inline-block}.elementor-widget-image a img[src$=\".svg\"]{width:48px}.elementor-widget-image img{vertical-align:middle;display:inline-block}<\/style>\t\t\t\t\t\t\t\t\t<figure class=\"wp-caption\">\n\t\t\t\t\t\t\t\t\t\t<img loading=\"lazy\" decoding=\"async\" width=\"989\" height=\"1024\" src=\"https:\/\/ateramex.com.mx\/wp-content\/uploads\/2023\/08\/Lateral-recortado_1-989x1024.jpg\" class=\"attachment-large size-large\" alt=\"\" srcset=\"https:\/\/ateramex.com.mx\/wp-content\/uploads\/2023\/08\/Lateral-recortado_1-989x1024.jpg 989w, https:\/\/ateramex.com.mx\/wp-content\/uploads\/2023\/08\/Lateral-recortado_1-290x300.jpg 290w, https:\/\/ateramex.com.mx\/wp-content\/uploads\/2023\/08\/Lateral-recortado_1-768x795.jpg 768w, https:\/\/ateramex.com.mx\/wp-content\/uploads\/2023\/08\/Lateral-recortado_1-600x621.jpg 600w, https:\/\/ateramex.com.mx\/wp-content\/uploads\/2023\/08\/Lateral-recortado_1.jpg 1309w\" sizes=\"(max-width: 989px) 100vw, 989px\" \/>\t\t\t\t\t\t\t\t\t\t\t<figcaption class=\"widget-image-caption wp-caption-text\">Analizador de Ozono RAM3<\/figcaption>\n\t\t\t\t\t\t\t\t\t\t<\/figure>\n\t\t\t\t\t\t\t\t\t<\/div>\n\t\t\t\t<\/div>\n\t\t\t\t<div class=\"elementor-element elementor-element-53fa117 elementor-widget elementor-widget-image\" data-id=\"53fa117\" data-element_type=\"widget\" data-widget_type=\"image.default\">\n\t\t\t\t<div class=\"elementor-widget-container\">\n\t\t\t\t\t\t\t\t\t\t\t\t<figure class=\"wp-caption\">\n\t\t\t\t\t\t\t\t\t\t<img loading=\"lazy\" decoding=\"async\" width=\"849\" height=\"1024\" src=\"https:\/\/ateramex.com.mx\/wp-content\/uploads\/2023\/08\/Atras_2_edited-849x1024.jpg\" class=\"attachment-large size-large\" alt=\"\" srcset=\"https:\/\/ateramex.com.mx\/wp-content\/uploads\/2023\/08\/Atras_2_edited-849x1024.jpg 849w, https:\/\/ateramex.com.mx\/wp-content\/uploads\/2023\/08\/Atras_2_edited-249x300.jpg 249w, https:\/\/ateramex.com.mx\/wp-content\/uploads\/2023\/08\/Atras_2_edited-768x926.jpg 768w, https:\/\/ateramex.com.mx\/wp-content\/uploads\/2023\/08\/Atras_2_edited-600x723.jpg 600w, https:\/\/ateramex.com.mx\/wp-content\/uploads\/2023\/08\/Atras_2_edited.jpg 1182w\" sizes=\"(max-width: 849px) 100vw, 849px\" \/>\t\t\t\t\t\t\t\t\t\t\t<figcaption class=\"widget-image-caption wp-caption-text\">Analizador de Ozono RAM3<\/figcaption>\n\t\t\t\t\t\t\t\t\t\t<\/figure>\n\t\t\t\t\t\t\t\t\t<\/div>\n\t\t\t\t<\/div>\n\t\t\t\t<div class=\"elementor-element elementor-element-c1a73bf elementor-widget elementor-widget-heading\" data-id=\"c1a73bf\" data-element_type=\"widget\" data-widget_type=\"heading.default\">\n\t\t\t\t<div class=\"elementor-widget-container\">\n\t\t\t<style>\/*! elementor - v3.8.1 - 13-11-2022 *\/\n.elementor-heading-title{padding:0;margin:0;line-height:1}.elementor-widget-heading .elementor-heading-title[class*=elementor-size-]>a{color:inherit;font-size:inherit;line-height:inherit}.elementor-widget-heading .elementor-heading-title.elementor-size-small{font-size:15px}.elementor-widget-heading .elementor-heading-title.elementor-size-medium{font-size:19px}.elementor-widget-heading .elementor-heading-title.elementor-size-large{font-size:29px}.elementor-widget-heading .elementor-heading-title.elementor-size-xl{font-size:39px}.elementor-widget-heading .elementor-heading-title.elementor-size-xxl{font-size:59px}<\/style><h2 class=\"elementor-heading-title elementor-size-default\">Precio: $28,900 pesos<\/h2>\t\t<\/div>\n\t\t\t\t<\/div>\n\t\t\t\t<div class=\"elementor-element elementor-element-bd2e5e6 elementor-widget elementor-widget-heading\" data-id=\"bd2e5e6\" data-element_type=\"widget\" data-widget_type=\"heading.default\">\n\t\t\t\t<div class=\"elementor-widget-container\">\n\t\t\t<h2 class=\"elementor-heading-title elementor-size-default\">El precio incluye el IVA y el env\u00edo<\/h2>\t\t<\/div>\n\t\t\t\t<\/div>\n\t\t\t\t<div class=\"elementor-element elementor-element-c3464d0 elementor-widget elementor-widget-text-editor\" data-id=\"c3464d0\" data-element_type=\"widget\" data-widget_type=\"text-editor.default\">\n\t\t\t\t<div class=\"elementor-widget-container\">\n\t\t\t<style>\/*! elementor - v3.8.1 - 13-11-2022 *\/\n.elementor-widget-text-editor.elementor-drop-cap-view-stacked .elementor-drop-cap{background-color:#818a91;color:#fff}.elementor-widget-text-editor.elementor-drop-cap-view-framed .elementor-drop-cap{color:#818a91;border:3px solid;background-color:transparent}.elementor-widget-text-editor:not(.elementor-drop-cap-view-default) .elementor-drop-cap{margin-top:8px}.elementor-widget-text-editor:not(.elementor-drop-cap-view-default) .elementor-drop-cap-letter{width:1em;height:1em}.elementor-widget-text-editor .elementor-drop-cap{float:left;text-align:center;line-height:1;font-size:50px}.elementor-widget-text-editor .elementor-drop-cap-letter{display:inline-block}<\/style>\t\t\t\t<p style=\"text-align: center;\"><a href=\"https:\/\/ateramex.com.mx\/index.php\/ram3-medicion-de-o3-por-espectrometria-datos-tecnicos\/\"><strong>VER DATOS T\u00c9CNICOS<\/strong><\/a><\/p>\t\t\t\t\t\t<\/div>\n\t\t\t\t<\/div>\n\t\t\t\t\t<\/div>\n\t\t<\/div>\n\t\t\t\t<div class=\"elementor-column elementor-col-50 elementor-inner-column elementor-element elementor-element-b940322\" data-id=\"b940322\" data-element_type=\"column\">\n\t\t\t<div class=\"elementor-widget-wrap elementor-element-populated\">\n\t\t\t\t\t\t\t\t<div class=\"elementor-element elementor-element-1ec7eee elementor-widget elementor-widget-heading\" data-id=\"1ec7eee\" data-element_type=\"widget\" data-widget_type=\"heading.default\">\n\t\t\t\t<div class=\"elementor-widget-container\">\n\t\t\t<h1 class=\"elementor-heading-title elementor-size-large\">Medidor de Ozono RAM3<\/h1>\t\t<\/div>\n\t\t\t\t<\/div>\n\t\t\t\t<div class=\"elementor-element elementor-element-24c97cb elementor-widget elementor-widget-text-editor\" data-id=\"24c97cb\" data-element_type=\"widget\" data-widget_type=\"text-editor.default\">\n\t\t\t\t<div class=\"elementor-widget-container\">\n\t\t\t\t\t\t\t<p class=\"font_8\">RAM3 es un medidor de ozono (analizador de ozono), en una mezcla de ozono y ox\u00edgeno, a partir de la t\u00e9cnica de espectrofotometr\u00eda (utilizando la ley de Lambert \u2013 Beer) en la banda de Chappuis a 602 nm. Cuenta con compensaci\u00f3n por temperatura y presi\u00f3n de acuerdo a la altitud.\u00a0<\/p><p class=\"font_8\">Su rango de detecci\u00f3n es de \u00a00-200 ug\/ml (gammas) con resoluci\u00f3n de medici\u00f3n de 0.05 gamma, haci\u00e9ndolo perfecto para aplicaciones de ozonoterapia. Cuenta con pantalla t\u00e1ctil de 8 pulgadas que permite visualizar la informaci\u00f3n y cambiar de pantallas de manera f\u00e1cil e intuitiva.<\/p><p class=\"font_8\">\u00a0<\/p><p class=\"font_8\">Est\u00e1 enfocado en el \u00e1rea de ozonoterapia m\u00e9dica, para garantizar los protocolos que se han establecido en la <a href=\"https:\/\/ateramex.com.mx\/wp-content\/uploads\/2023\/02\/DECLARACION-DE-MADRID-TERCERA-EDICION.pdf\">Declaraci\u00f3n de Madrid<\/a>. Con RAM3 puede verificar en tiempo real la concentraci\u00f3n de ozono de salida de su equipo de ozonoterapia, de esta manera puede dosificar la cantidad de ozono correcta.\u00a0 \u00a0<\/p><p class=\"font_8\">\u00a0<\/p><p class=\"font_8\">Las caracter\u00edsticas propias de RAM3 como precisi\u00f3n, rango de detecci\u00f3n, resoluci\u00f3n, linealidad, etc., fueron dise\u00f1adas especialmente para las aplicaciones de ozonoterapia de acuerdo a los protocolos de la <a href=\"https:\/\/ateramex.com.mx\/wp-content\/uploads\/2023\/02\/DECLARACION-DE-MADRID-TERCERA-EDICION.pdf\">Declaraci\u00f3n de Madrid de la Ozonoterapia<\/a>. El equipo tambi\u00e9n puede ser utilizado para:<\/p><p class=\"font_8\">\u00a0<\/p><ul class=\"font_8\"><li><p class=\"font_8\">Medir la producci\u00f3n de ozono en sistemas de alta generaci\u00f3n de ozono.<\/p><\/li><li><p class=\"font_8\">Medir la cantidad de ozono aplicado en producci\u00f3n de aceite ozonizado.<\/p><\/li><li><p class=\"font_8\">Para calibraci\u00f3n de equipos generadores de ozono entre otros.<\/p><\/li><\/ul><p class=\"font_8\">\u00a0<\/p><p>Desarrollo original con <a href=\"https:\/\/ateramex.com.mx\/wp-content\/uploads\/2024\/10\/Titulo-de-patente-417293-2024.pdf\">T\u00edtulo de Patente No. 417293<\/a><\/p><p class=\"font_8\">\u00a0<\/p>\t\t\t\t\t\t<\/div>\n\t\t\t\t<\/div>\n\t\t\t\t<div class=\"elementor-element elementor-element-865388c elementor-align-center elementor-widget elementor-widget-button\" data-id=\"865388c\" data-element_type=\"widget\" data-widget_type=\"button.default\">\n\t\t\t\t<div class=\"elementor-widget-container\">\n\t\t\t\t\t<div class=\"elementor-button-wrapper\">\n\t\t\t<a href=\"https:\/\/ateramex.com.mx\/index.php\/tienda\/\" class=\"elementor-button-link elementor-button elementor-size-sm\" role=\"button\">\n\t\t\t\t\t\t<span class=\"elementor-button-content-wrapper\">\n\t\t\t\t\t\t<span class=\"elementor-button-text\">Ir a la Tienda<\/span>\n\t\t<\/span>\n\t\t\t\t\t<\/a>\n\t\t<\/div>\n\t\t\t\t<\/div>\n\t\t\t\t<\/div>\n\t\t\t\t\t<\/div>\n\t\t<\/div>\n\t\t\t\t\t\t\t<\/div>\n\t\t<\/section>\n\t\t\t\t<section class=\"elementor-section elementor-inner-section elementor-element elementor-element-4bcc4b1 elementor-section-boxed elementor-section-height-default elementor-section-height-default\" data-id=\"4bcc4b1\" data-element_type=\"section\">\n\t\t\t\t\t\t<div class=\"elementor-container elementor-column-gap-default\">\n\t\t\t\t\t<div class=\"elementor-column elementor-col-50 elementor-inner-column elementor-element elementor-element-5808f51\" data-id=\"5808f51\" data-element_type=\"column\">\n\t\t\t<div class=\"elementor-widget-wrap\">\n\t\t\t\t\t\t\t\t\t<\/div>\n\t\t<\/div>\n\t\t\t\t<div class=\"elementor-column elementor-col-50 elementor-inner-column elementor-element elementor-element-af0fcd5\" data-id=\"af0fcd5\" data-element_type=\"column\">\n\t\t\t<div class=\"elementor-widget-wrap elementor-element-populated\">\n\t\t\t\t\t\t\t\t<div class=\"elementor-element elementor-element-572a031 elementor-widget elementor-widget-heading\" data-id=\"572a031\" data-element_type=\"widget\" data-widget_type=\"heading.default\">\n\t\t\t\t<div class=\"elementor-widget-container\">\n\t\t\t<h2 class=\"elementor-heading-title elementor-size-default\">2 A\u00f1os de garant\u00eda<\/h2>\t\t<\/div>\n\t\t\t\t<\/div>\n\t\t\t\t\t<\/div>\n\t\t<\/div>\n\t\t\t\t\t\t\t<\/div>\n\t\t<\/section>\n\t\t\t\t\t<\/div>\n\t\t<\/div>\n\t\t\t\t\t\t\t<\/div>\n\t\t<\/section>\n\t\t\t\t<section class=\"elementor-section elementor-top-section elementor-element elementor-element-62dba01 elementor-section-boxed elementor-section-height-default elementor-section-height-default\" data-id=\"62dba01\" data-element_type=\"section\">\n\t\t\t\t\t\t<div class=\"elementor-container elementor-column-gap-default\">\n\t\t\t\t\t<div class=\"elementor-column elementor-col-100 elementor-top-column elementor-element elementor-element-4a519da\" data-id=\"4a519da\" data-element_type=\"column\">\n\t\t\t<div class=\"elementor-widget-wrap\">\n\t\t\t\t\t\t\t\t\t<\/div>\n\t\t<\/div>\n\t\t\t\t\t\t\t<\/div>\n\t\t<\/section>\n\t\t\t\t\t\t\t<\/div>\n\t\t","protected":false},"excerpt":{"rendered":"<p>Analizador de Ozono RAM3 Analizador de Ozono RAM3 Precio: $28,900 pesos El precio incluye el IVA y el env\u00edo VER DATOS T\u00c9CNICOS Medidor de Ozono RAM3 RAM3 es un medidor de ozono (analizador de ozono), en una mezcla de ozono y ox\u00edgeno, a partir de la t\u00e9cnica de espectrofotometr\u00eda (utilizando la ley de Lambert \u2013 &hellip;<\/p>\n<p class=\"read-more\"> <a class=\"\" href=\"https:\/\/ateramex.com.mx\/index.php\/ram3-analizador-de-ozono-por-espectrometria\/\"> <span class=\"screen-reader-text\">Analizador de Ozono por Espectrometr\u00eda RAM3<\/span> Leer m\u00e1s &raquo;<\/a><\/p>\n","protected":false},"author":1,"featured_media":0,"parent":0,"menu_order":0,"comment_status":"closed","ping_status":"closed","template":"","meta":{"om_disable_all_campaigns":false,"_uf_show_specific_survey":0,"_uf_disable_surveys":false,"site-sidebar-layout":"no-sidebar","site-content-layout":"page-builder","ast-global-header-display":"","ast-main-header-display":"","ast-hfb-above-header-display":"","ast-hfb-below-header-display":"","ast-hfb-mobile-header-display":"","site-post-title":"disabled","ast-breadcrumbs-content":"","ast-featured-img":"disabled","footer-sml-layout":"","theme-transparent-header-meta":"","adv-header-id-meta":"","stick-header-meta":"","header-above-stick-meta":"","header-main-stick-meta":"","header-below-stick-meta":"","_joinchat":[],"footnotes":""},"aioseo_notices":[],"_links":{"self":[{"href":"https:\/\/ateramex.com.mx\/index.php\/wp-json\/wp\/v2\/pages\/1651"}],"collection":[{"href":"https:\/\/ateramex.com.mx\/index.php\/wp-json\/wp\/v2\/pages"}],"about":[{"href":"https:\/\/ateramex.com.mx\/index.php\/wp-json\/wp\/v2\/types\/page"}],"author":[{"embeddable":true,"href":"https:\/\/ateramex.com.mx\/index.php\/wp-json\/wp\/v2\/users\/1"}],"replies":[{"embeddable":true,"href":"https:\/\/ateramex.com.mx\/index.php\/wp-json\/wp\/v2\/comments?post=1651"}],"version-history":[{"count":68,"href":"https:\/\/ateramex.com.mx\/index.php\/wp-json\/wp\/v2\/pages\/1651\/revisions"}],"predecessor-version":[{"id":4139,"href":"https:\/\/ateramex.com.mx\/index.php\/wp-json\/wp\/v2\/pages\/1651\/revisions\/4139"}],"wp:attachment":[{"href":"https:\/\/ateramex.com.mx\/index.php\/wp-json\/wp\/v2\/media?parent=1651"}],"curies":[{"name":"wp","href":"https:\/\/api.w.org\/{rel}","templated":true}]}}