{"id":1707,"date":"2023-08-17T12:59:00","date_gmt":"2023-08-17T18:59:00","guid":{"rendered":"https:\/\/ateramex.com.mx\/?page_id=1707"},"modified":"2026-01-30T16:16:50","modified_gmt":"2026-01-30T22:16:50","slug":"ram3-medicion-de-o3-por-espectrometria-datos-tecnicos","status":"publish","type":"page","link":"https:\/\/ateramex.com.mx\/index.php\/ram3-medicion-de-o3-por-espectrometria-datos-tecnicos\/","title":{"rendered":"RAM3 Medici\u00f3n de O3 por espectrometr\u00eda datos t\u00e9cnicos"},"content":{"rendered":"\t\t<div data-elementor-type=\"wp-page\" data-elementor-id=\"1707\" class=\"elementor elementor-1707\">\n\t\t\t\t\t\t\t\t\t<section class=\"elementor-section elementor-top-section elementor-element elementor-element-f30c7d7 elementor-section-boxed elementor-section-height-default elementor-section-height-default\" data-id=\"f30c7d7\" data-element_type=\"section\">\n\t\t\t\t\t\t<div class=\"elementor-container elementor-column-gap-default\">\n\t\t\t\t\t<div class=\"elementor-column elementor-col-100 elementor-top-column elementor-element elementor-element-5ad47c8\" data-id=\"5ad47c8\" data-element_type=\"column\">\n\t\t\t<div class=\"elementor-widget-wrap elementor-element-populated\">\n\t\t\t\t\t\t\t\t<section class=\"elementor-section elementor-inner-section elementor-element elementor-element-954e9a5 elementor-section-boxed elementor-section-height-default elementor-section-height-default\" data-id=\"954e9a5\" data-element_type=\"section\">\n\t\t\t\t\t\t<div class=\"elementor-container elementor-column-gap-default\">\n\t\t\t\t\t<div class=\"elementor-column elementor-col-50 elementor-inner-column elementor-element elementor-element-88390bf\" data-id=\"88390bf\" data-element_type=\"column\">\n\t\t\t<div class=\"elementor-widget-wrap elementor-element-populated\">\n\t\t\t\t\t\t\t\t<div class=\"elementor-element elementor-element-9472a98 elementor-widget elementor-widget-image\" data-id=\"9472a98\" data-element_type=\"widget\" data-widget_type=\"image.default\">\n\t\t\t\t<div class=\"elementor-widget-container\">\n\t\t\t<style>\/*! elementor - v3.8.1 - 13-11-2022 *\/\n.elementor-widget-image{text-align:center}.elementor-widget-image a{display:inline-block}.elementor-widget-image a img[src$=\".svg\"]{width:48px}.elementor-widget-image img{vertical-align:middle;display:inline-block}<\/style>\t\t\t\t\t\t\t\t\t<figure class=\"wp-caption\">\n\t\t\t\t\t\t\t\t\t\t<img loading=\"lazy\" decoding=\"async\" width=\"768\" height=\"795\" src=\"https:\/\/ateramex.com.mx\/wp-content\/uploads\/2023\/08\/Lateral-recortado_1-768x795.jpg\" class=\"attachment-medium_large size-medium_large\" alt=\"\" srcset=\"https:\/\/ateramex.com.mx\/wp-content\/uploads\/2023\/08\/Lateral-recortado_1-768x795.jpg 768w, https:\/\/ateramex.com.mx\/wp-content\/uploads\/2023\/08\/Lateral-recortado_1-290x300.jpg 290w, https:\/\/ateramex.com.mx\/wp-content\/uploads\/2023\/08\/Lateral-recortado_1-989x1024.jpg 989w, https:\/\/ateramex.com.mx\/wp-content\/uploads\/2023\/08\/Lateral-recortado_1-600x621.jpg 600w, https:\/\/ateramex.com.mx\/wp-content\/uploads\/2023\/08\/Lateral-recortado_1.jpg 1309w\" sizes=\"(max-width: 768px) 100vw, 768px\" \/>\t\t\t\t\t\t\t\t\t\t\t<figcaption class=\"widget-image-caption wp-caption-text\">Analizador de Ozono RAM3<\/figcaption>\n\t\t\t\t\t\t\t\t\t\t<\/figure>\n\t\t\t\t\t\t\t\t\t<\/div>\n\t\t\t\t<\/div>\n\t\t\t\t\t<\/div>\n\t\t<\/div>\n\t\t\t\t<div class=\"elementor-column elementor-col-50 elementor-inner-column elementor-element elementor-element-09c514d\" data-id=\"09c514d\" data-element_type=\"column\">\n\t\t\t<div class=\"elementor-widget-wrap elementor-element-populated\">\n\t\t\t\t\t\t\t\t<div class=\"elementor-element elementor-element-0875ada elementor-widget elementor-widget-heading\" data-id=\"0875ada\" data-element_type=\"widget\" data-widget_type=\"heading.default\">\n\t\t\t\t<div class=\"elementor-widget-container\">\n\t\t\t<style>\/*! elementor - v3.8.1 - 13-11-2022 *\/\n.elementor-heading-title{padding:0;margin:0;line-height:1}.elementor-widget-heading .elementor-heading-title[class*=elementor-size-]>a{color:inherit;font-size:inherit;line-height:inherit}.elementor-widget-heading .elementor-heading-title.elementor-size-small{font-size:15px}.elementor-widget-heading .elementor-heading-title.elementor-size-medium{font-size:19px}.elementor-widget-heading .elementor-heading-title.elementor-size-large{font-size:29px}.elementor-widget-heading .elementor-heading-title.elementor-size-xl{font-size:39px}.elementor-widget-heading .elementor-heading-title.elementor-size-xxl{font-size:59px}<\/style><h1 class=\"elementor-heading-title elementor-size-large\">Medidor de Ozono RAM3 Datos T\u00e9cnicos<\/h1>\t\t<\/div>\n\t\t\t\t<\/div>\n\t\t\t\t<div class=\"elementor-element elementor-element-54faf57 elementor-widget elementor-widget-text-editor\" data-id=\"54faf57\" data-element_type=\"widget\" data-widget_type=\"text-editor.default\">\n\t\t\t\t<div class=\"elementor-widget-container\">\n\t\t\t<style>\/*! elementor - v3.8.1 - 13-11-2022 *\/\n.elementor-widget-text-editor.elementor-drop-cap-view-stacked .elementor-drop-cap{background-color:#818a91;color:#fff}.elementor-widget-text-editor.elementor-drop-cap-view-framed .elementor-drop-cap{color:#818a91;border:3px solid;background-color:transparent}.elementor-widget-text-editor:not(.elementor-drop-cap-view-default) .elementor-drop-cap{margin-top:8px}.elementor-widget-text-editor:not(.elementor-drop-cap-view-default) .elementor-drop-cap-letter{width:1em;height:1em}.elementor-widget-text-editor .elementor-drop-cap{float:left;text-align:center;line-height:1;font-size:50px}.elementor-widget-text-editor .elementor-drop-cap-letter{display:inline-block}<\/style>\t\t\t\t<p class=\"font_8\">M\u00e9todo de detecci\u00f3n de ozono:\u00a0Medici\u00f3n precisa de absorci\u00f3n fotom\u00e9trica en la banda de Chappuis a 602 nm de acuerdo a la Ley de Lambert \u2013 Beer, con compensaci\u00f3n por temperatura y presi\u00f3n de acuerdo a la altitud. Cuenta con un sistema de fuente y detecci\u00f3n fotom\u00e9trica de larga vida \u00fatil y alta precisi\u00f3n. \u00a0<\/p><p class=\"font_8\"><span class=\"wixGuard\">\u200b<\/span><\/p><p class=\"font_8\">Rango de detecci\u00f3n: 0-200 ug\/ml (gammas) o de 0 \u2013 94,000 ppm.<\/p><p class=\"font_8\">Resoluci\u00f3n de medici\u00f3n: 0.05 gamma o 23 ppm<\/p><p class=\"font_8\">L\u00edmite inferior detectable: 0.1 gamma<\/p><p class=\"font_8\">Precisi\u00f3n:\u00a0\u00a0\u00a0\u00a0\u00a0 0.5% de lectura o 0.5 ug \/ ml<\/p><p class=\"font_8\">Error m\u00e1ximo de medici\u00f3n: 0.5%.<\/p><p class=\"font_8\">Repetitividad: dentro de \u00b1 1%<\/p><p class=\"font_8\">Deriva Cero: Menos de 0.1 ug \/ ml\u00a0durante 30 minutos.<\/p><p class=\"font_8\">Linealidad: dentro de \u00b1 1% \/ escala completa<\/p><p class=\"font_8\">Flujo de gas: 1\/16 &#8211; 2 l\/min.<\/p><p class=\"font_8\">Presi\u00f3n de entrada: &lt; 0.1 MPa.<\/p><p class=\"font_8\">Tiempo de respuesta: 3 segundos<\/p><p class=\"font_8\">Temperatura de funcionamiento: -10 a 50 \u00baC<\/p><p class=\"font_8\">Fuente de alimentaci\u00f3n: 120\/220 V CA a 9 V DC<\/p><p class=\"font_8\">Tama\u00f1o:\u00a027 x 25 x 9\u00a0cm<\/p><p class=\"font_8\">Peso: 1.5 Kg<\/p><p class=\"font_8\">Modo de comunicaci\u00f3n: Puerto USB y Wifi<\/p><p class=\"font_8\">Vida de la fuente de luz: Superior a 100,000 horas (m\u00e1s de 10 a\u00f1os)<\/p><p class=\"font_8\">M\u00e9todo de muestreo: muestreo de presi\u00f3n activa.<\/p><p class=\"font_8\">Interfaz de pantalla: pantalla t\u00e1ctil de 8 pulgadas.<\/p><p class=\"font_8\">Informaci\u00f3n mostrada: concentraci\u00f3n de ozono, temperatura, presi\u00f3n atmosf\u00e9rica local, altitud y humedad.<\/p><p class=\"font_8\">Desarrollo original con <a href=\"https:\/\/ateramex.com.mx\/wp-content\/uploads\/2024\/10\/Titulo-de-patente-417293-2024.pdf\">T\u00edtulo de Patente No. 417293<\/a><\/p>\t\t\t\t\t\t<\/div>\n\t\t\t\t<\/div>\n\t\t\t\t\t<\/div>\n\t\t<\/div>\n\t\t\t\t\t\t\t<\/div>\n\t\t<\/section>\n\t\t\t\t<section class=\"elementor-section elementor-inner-section elementor-element elementor-element-b555c2f elementor-section-boxed elementor-section-height-default elementor-section-height-default\" data-id=\"b555c2f\" data-element_type=\"section\">\n\t\t\t\t\t\t<div class=\"elementor-container elementor-column-gap-default\">\n\t\t\t\t\t<div class=\"elementor-column elementor-col-50 elementor-inner-column elementor-element elementor-element-cbb5b41\" data-id=\"cbb5b41\" data-element_type=\"column\">\n\t\t\t<div class=\"elementor-widget-wrap\">\n\t\t\t\t\t\t\t\t\t<\/div>\n\t\t<\/div>\n\t\t\t\t<div class=\"elementor-column elementor-col-50 elementor-inner-column elementor-element elementor-element-b4689f0\" data-id=\"b4689f0\" data-element_type=\"column\">\n\t\t\t<div class=\"elementor-widget-wrap elementor-element-populated\">\n\t\t\t\t\t\t\t\t<div class=\"elementor-element elementor-element-788dc6d elementor-widget elementor-widget-heading\" data-id=\"788dc6d\" data-element_type=\"widget\" data-widget_type=\"heading.default\">\n\t\t\t\t<div class=\"elementor-widget-container\">\n\t\t\t<h2 class=\"elementor-heading-title elementor-size-default\">2 A\u00f1os de garant\u00eda<\/h2>\t\t<\/div>\n\t\t\t\t<\/div>\n\t\t\t\t\t<\/div>\n\t\t<\/div>\n\t\t\t\t\t\t\t<\/div>\n\t\t<\/section>\n\t\t\t\t\t<\/div>\n\t\t<\/div>\n\t\t\t\t\t\t\t<\/div>\n\t\t<\/section>\n\t\t\t\t\t\t\t<\/div>\n\t\t","protected":false},"excerpt":{"rendered":"<p>Analizador de Ozono RAM3 Medidor de Ozono RAM3 Datos T\u00e9cnicos M\u00e9todo de detecci\u00f3n de ozono:\u00a0Medici\u00f3n precisa de absorci\u00f3n fotom\u00e9trica en la banda de Chappuis a 602 nm de acuerdo a la Ley de Lambert \u2013 Beer, con compensaci\u00f3n por temperatura y presi\u00f3n de acuerdo a la altitud. Cuenta con un sistema de fuente y detecci\u00f3n &hellip;<\/p>\n<p class=\"read-more\"> <a class=\"\" href=\"https:\/\/ateramex.com.mx\/index.php\/ram3-medicion-de-o3-por-espectrometria-datos-tecnicos\/\"> <span class=\"screen-reader-text\">RAM3 Medici\u00f3n de O3 por espectrometr\u00eda datos t\u00e9cnicos<\/span> Leer m\u00e1s &raquo;<\/a><\/p>\n","protected":false},"author":1,"featured_media":0,"parent":0,"menu_order":0,"comment_status":"closed","ping_status":"closed","template":"","meta":{"om_disable_all_campaigns":false,"_uf_show_specific_survey":0,"_uf_disable_surveys":false,"site-sidebar-layout":"no-sidebar","site-content-layout":"page-builder","ast-global-header-display":"","ast-main-header-display":"","ast-hfb-above-header-display":"","ast-hfb-below-header-display":"","ast-hfb-mobile-header-display":"","site-post-title":"disabled","ast-breadcrumbs-content":"","ast-featured-img":"disabled","footer-sml-layout":"","theme-transparent-header-meta":"","adv-header-id-meta":"","stick-header-meta":"","header-above-stick-meta":"","header-main-stick-meta":"","header-below-stick-meta":"","_joinchat":[],"footnotes":""},"aioseo_notices":[],"_links":{"self":[{"href":"https:\/\/ateramex.com.mx\/index.php\/wp-json\/wp\/v2\/pages\/1707"}],"collection":[{"href":"https:\/\/ateramex.com.mx\/index.php\/wp-json\/wp\/v2\/pages"}],"about":[{"href":"https:\/\/ateramex.com.mx\/index.php\/wp-json\/wp\/v2\/types\/page"}],"author":[{"embeddable":true,"href":"https:\/\/ateramex.com.mx\/index.php\/wp-json\/wp\/v2\/users\/1"}],"replies":[{"embeddable":true,"href":"https:\/\/ateramex.com.mx\/index.php\/wp-json\/wp\/v2\/comments?post=1707"}],"version-history":[{"count":25,"href":"https:\/\/ateramex.com.mx\/index.php\/wp-json\/wp\/v2\/pages\/1707\/revisions"}],"predecessor-version":[{"id":3619,"href":"https:\/\/ateramex.com.mx\/index.php\/wp-json\/wp\/v2\/pages\/1707\/revisions\/3619"}],"wp:attachment":[{"href":"https:\/\/ateramex.com.mx\/index.php\/wp-json\/wp\/v2\/media?parent=1707"}],"curies":[{"name":"wp","href":"https:\/\/api.w.org\/{rel}","templated":true}]}}