{"id":1883,"date":"2023-08-27T14:51:12","date_gmt":"2023-08-27T20:51:12","guid":{"rendered":"https:\/\/ateramex.com.mx\/?page_id=1883"},"modified":"2025-11-27T11:53:57","modified_gmt":"2025-11-27T17:53:57","slug":"doktor-ozono","status":"publish","type":"page","link":"https:\/\/ateramex.com.mx\/index.php\/doktor-ozono\/","title":{"rendered":"Doktor Ozono | Ozonoterapia | Ozono Medicinal"},"content":{"rendered":"\t\t<div data-elementor-type=\"wp-page\" data-elementor-id=\"1883\" class=\"elementor elementor-1883\">\n\t\t\t\t\t\t\t\t\t<section class=\"elementor-section elementor-top-section elementor-element elementor-element-134aa91 elementor-section-boxed elementor-section-height-default elementor-section-height-default\" data-id=\"134aa91\" data-element_type=\"section\">\n\t\t\t\t\t\t<div class=\"elementor-container elementor-column-gap-default\">\n\t\t\t\t\t<div class=\"elementor-column elementor-col-100 elementor-top-column elementor-element elementor-element-0d07f35\" data-id=\"0d07f35\" data-element_type=\"column\">\n\t\t\t<div class=\"elementor-widget-wrap elementor-element-populated\">\n\t\t\t\t\t\t\t\t<section class=\"elementor-section elementor-inner-section elementor-element elementor-element-de75b62 elementor-section-boxed elementor-section-height-default elementor-section-height-default\" data-id=\"de75b62\" data-element_type=\"section\">\n\t\t\t\t\t\t<div class=\"elementor-container elementor-column-gap-default\">\n\t\t\t\t\t<div class=\"elementor-column elementor-col-50 elementor-inner-column elementor-element elementor-element-b5a6695\" data-id=\"b5a6695\" data-element_type=\"column\">\n\t\t\t<div class=\"elementor-widget-wrap elementor-element-populated\">\n\t\t\t\t\t\t\t\t<div class=\"elementor-element elementor-element-a410557 elementor-widget elementor-widget-image\" data-id=\"a410557\" data-element_type=\"widget\" data-widget_type=\"image.default\">\n\t\t\t\t<div class=\"elementor-widget-container\">\n\t\t\t<style>\/*! elementor - v3.8.1 - 13-11-2022 *\/\n.elementor-widget-image{text-align:center}.elementor-widget-image a{display:inline-block}.elementor-widget-image a img[src$=\".svg\"]{width:48px}.elementor-widget-image img{vertical-align:middle;display:inline-block}<\/style>\t\t\t\t\t\t\t\t\t\t\t\t<img loading=\"lazy\" decoding=\"async\" width=\"800\" height=\"598\" src=\"https:\/\/ateramex.com.mx\/wp-content\/uploads\/2024\/09\/Generador-de-ozono-medicinal-Doktor-Ozono-frente.png\" class=\"attachment-large size-large\" alt=\"Maquina de ozono, generador de ozono medicinal Doktor Ozono\" srcset=\"https:\/\/ateramex.com.mx\/wp-content\/uploads\/2024\/09\/Generador-de-ozono-medicinal-Doktor-Ozono-frente.png 800w, https:\/\/ateramex.com.mx\/wp-content\/uploads\/2024\/09\/Generador-de-ozono-medicinal-Doktor-Ozono-frente-300x224.png 300w, https:\/\/ateramex.com.mx\/wp-content\/uploads\/2024\/09\/Generador-de-ozono-medicinal-Doktor-Ozono-frente-768x574.png 768w, https:\/\/ateramex.com.mx\/wp-content\/uploads\/2024\/09\/Generador-de-ozono-medicinal-Doktor-Ozono-frente-600x449.png 600w\" sizes=\"(max-width: 800px) 100vw, 800px\" \/>\t\t\t\t\t\t\t\t\t\t\t\t\t\t\t<\/div>\n\t\t\t\t<\/div>\n\t\t\t\t<div class=\"elementor-element elementor-element-65d6cd7 elementor-widget elementor-widget-image\" data-id=\"65d6cd7\" data-element_type=\"widget\" data-widget_type=\"image.default\">\n\t\t\t\t<div class=\"elementor-widget-container\">\n\t\t\t\t\t\t\t\t\t\t\t\t\t\t\t<img loading=\"lazy\" decoding=\"async\" width=\"741\" height=\"598\" src=\"https:\/\/ateramex.com.mx\/wp-content\/uploads\/2024\/09\/Generador-de-ozono-medicinal-Doktor-Ozono-atras.png\" class=\"attachment-large size-large\" alt=\"Maquina de ozono, generador de ozono medicinal Doktor Ozono\" srcset=\"https:\/\/ateramex.com.mx\/wp-content\/uploads\/2024\/09\/Generador-de-ozono-medicinal-Doktor-Ozono-atras.png 741w, https:\/\/ateramex.com.mx\/wp-content\/uploads\/2024\/09\/Generador-de-ozono-medicinal-Doktor-Ozono-atras-300x242.png 300w, https:\/\/ateramex.com.mx\/wp-content\/uploads\/2024\/09\/Generador-de-ozono-medicinal-Doktor-Ozono-atras-600x484.png 600w\" sizes=\"(max-width: 741px) 100vw, 741px\" \/>\t\t\t\t\t\t\t\t\t\t\t\t\t\t\t<\/div>\n\t\t\t\t<\/div>\n\t\t\t\t<div class=\"elementor-element elementor-element-5581f3b elementor-widget elementor-widget-image\" data-id=\"5581f3b\" data-element_type=\"widget\" data-widget_type=\"image.default\">\n\t\t\t\t<div class=\"elementor-widget-container\">\n\t\t\t\t\t\t\t\t\t\t\t\t\t\t\t<img loading=\"lazy\" decoding=\"async\" width=\"800\" height=\"598\" src=\"https:\/\/ateramex.com.mx\/wp-content\/uploads\/2023\/08\/Doktor-ozono-CVTOX-derecha-1.jpg\" class=\"attachment-large size-large\" alt=\"\" srcset=\"https:\/\/ateramex.com.mx\/wp-content\/uploads\/2023\/08\/Doktor-ozono-CVTOX-derecha-1.jpg 800w, https:\/\/ateramex.com.mx\/wp-content\/uploads\/2023\/08\/Doktor-ozono-CVTOX-derecha-1-300x224.jpg 300w, https:\/\/ateramex.com.mx\/wp-content\/uploads\/2023\/08\/Doktor-ozono-CVTOX-derecha-1-768x574.jpg 768w, https:\/\/ateramex.com.mx\/wp-content\/uploads\/2023\/08\/Doktor-ozono-CVTOX-derecha-1-600x449.jpg 600w\" sizes=\"(max-width: 800px) 100vw, 800px\" \/>\t\t\t\t\t\t\t\t\t\t\t\t\t\t\t<\/div>\n\t\t\t\t<\/div>\n\t\t\t\t\t<\/div>\n\t\t<\/div>\n\t\t\t\t<div class=\"elementor-column elementor-col-50 elementor-inner-column elementor-element elementor-element-ef3a853\" data-id=\"ef3a853\" data-element_type=\"column\">\n\t\t\t<div class=\"elementor-widget-wrap elementor-element-populated\">\n\t\t\t\t\t\t\t\t<div class=\"elementor-element elementor-element-690d077 elementor-widget elementor-widget-heading\" data-id=\"690d077\" data-element_type=\"widget\" data-widget_type=\"heading.default\">\n\t\t\t\t<div class=\"elementor-widget-container\">\n\t\t\t<style>\/*! elementor - v3.8.1 - 13-11-2022 *\/\n.elementor-heading-title{padding:0;margin:0;line-height:1}.elementor-widget-heading .elementor-heading-title[class*=elementor-size-]>a{color:inherit;font-size:inherit;line-height:inherit}.elementor-widget-heading .elementor-heading-title.elementor-size-small{font-size:15px}.elementor-widget-heading .elementor-heading-title.elementor-size-medium{font-size:19px}.elementor-widget-heading .elementor-heading-title.elementor-size-large{font-size:29px}.elementor-widget-heading .elementor-heading-title.elementor-size-xl{font-size:39px}.elementor-widget-heading .elementor-heading-title.elementor-size-xxl{font-size:59px}<\/style><h2 class=\"elementor-heading-title elementor-size-default\">DOKTOR OZONO\nGenerador de Ozono M\u00e9dico<\/h2>\t\t<\/div>\n\t\t\t\t<\/div>\n\t\t\t\t<div class=\"elementor-element elementor-element-d9c5656 elementor-widget elementor-widget-text-editor\" data-id=\"d9c5656\" data-element_type=\"widget\" data-widget_type=\"text-editor.default\">\n\t\t\t\t<div class=\"elementor-widget-container\">\n\t\t\t<style>\/*! elementor - v3.8.1 - 13-11-2022 *\/\n.elementor-widget-text-editor.elementor-drop-cap-view-stacked .elementor-drop-cap{background-color:#818a91;color:#fff}.elementor-widget-text-editor.elementor-drop-cap-view-framed .elementor-drop-cap{color:#818a91;border:3px solid;background-color:transparent}.elementor-widget-text-editor:not(.elementor-drop-cap-view-default) .elementor-drop-cap{margin-top:8px}.elementor-widget-text-editor:not(.elementor-drop-cap-view-default) .elementor-drop-cap-letter{width:1em;height:1em}.elementor-widget-text-editor .elementor-drop-cap{float:left;text-align:center;line-height:1;font-size:50px}.elementor-widget-text-editor .elementor-drop-cap-letter{display:inline-block}<\/style>\t\t\t\t<p class=\"font_8\">Doktor Ozono es un generador de ozono medicinal (produce ozono a partir de ox\u00edgeno puro grado m\u00e9dico) con un rango de concentraci\u00f3n variable de salida que va de 5 a 60 ug\/cc (gammas) abarcando el rango completo del ozono para fines terap\u00e9uticos y permitiendo su uso en una gran variedad de ozonoterapias. \u200bIncluye un fluj\u00f3metro integrado de alta precisi\u00f3n de 0.1- 1.0 lpm para ajustar finamente las concentraciones.<\/p><p class=\"font_8\"><span class=\"wixGuard\">\u200b<\/span><\/p><p class=\"font_8\">Con Doktor Ozono puede realizar:<\/p><p class=\"font_8\">&#8211; Carga de jeringas con ozono para aplicaci\u00f3n intramuscular, subcut\u00e1nea, insuflaci\u00f3n rectal y hemoterapias.<\/p><p class=\"font_8\">&#8211; Hemoterapia mayor y menor.<br \/>&#8211; Tratamiento para el pie diab\u00e9tico.\u00a0<br \/>&#8211; Generaci\u00f3n de agua ozonizada.<br \/>&#8211; Insuflaci\u00f3n rectal y vaginal de ozono de manera directa con sondas de n\u00e9laton.<br \/>&#8211; Tratamientos de padecimientos oculares.<br \/>&#8211; Aplicaci\u00f3n de agua ozonizada para diferentes tratamientos.<\/p><p class=\"font_8\"><span class=\"wixGuard\">\u200b<\/span><\/p><p class=\"font_8\">El equipo utiliza 2 programas de funcionamiento que al ser combinados con diferentes flujos de ox\u00edgeno controlados con un medidor de precisi\u00f3n (en decimas de flujo de 0.1 a 1 ml\/min) se obtiene el rango completo de concentraciones de ozono medicinal: de 5 a 60 ug\/cc (gammas).<\/p><p class=\"font_8\"><span class=\"wixGuard\">\u200b<\/span><\/p><p class=\"font_8\">Su peque\u00f1o tama\u00f1o se debe a mejoras tecnol\u00f3gicas que nos permiten tener altas producciones y concentraciones de ozono (necesarias para la ozonoterapia siguiendo la <a href=\"https:\/\/ateramex.com.mx\/wp-content\/uploads\/2023\/02\/DECLARACION-DE-MADRID-TERCERA-EDICION.pdf\">Declaraci\u00f3n de Madrid de la Ozonoterapia<\/a>) con gran eficiencia y sin calentamiento en un espacio muy reducido. Los equipos de la competencia son en lo general mucho m\u00e1s grandes, pesados y caros. Nuestro equipo puede funcionar de manera continua sin descanso ni necesidad de ventilaci\u00f3n o enfriamiento.<\/p><p class=\"font_8\"><span class=\"wixGuard\">\u200b<\/span><\/p><p class=\"font_8\">El equipo est\u00e1 fabricado con materiales completamente resistentes al ozono y de larga vida \u00fatil. La garant\u00eda de f\u00e1brica es de 2 a\u00f1os y su vida \u00fatil mayor a los 5 a\u00f1os con uso continuo.<\/p><p class=\"font_8\"><span class=\"wixGuard\">\u200b<\/span><\/p><p class=\"font_8\">Los equipos los ajustamos individualmente con nuestro medidor de concentraci\u00f3n de ozono por espectrofotometr\u00eda RAM3. En caso que lo desee recalibrar o certificar nos lo puede enviar sin costo de mantenimiento durante los dos a\u00f1os de garant\u00eda.<\/p>\t\t\t\t\t\t<\/div>\n\t\t\t\t<\/div>\n\t\t\t\t\t<\/div>\n\t\t<\/div>\n\t\t\t\t\t\t\t<\/div>\n\t\t<\/section>\n\t\t\t\t\t<\/div>\n\t\t<\/div>\n\t\t\t\t\t\t\t<\/div>\n\t\t<\/section>\n\t\t\t\t<section class=\"elementor-section elementor-top-section elementor-element elementor-element-8941397 elementor-section-boxed elementor-section-height-default elementor-section-height-default\" data-id=\"8941397\" data-element_type=\"section\">\n\t\t\t\t\t\t<div class=\"elementor-container elementor-column-gap-default\">\n\t\t\t\t\t<div class=\"elementor-column elementor-col-100 elementor-top-column elementor-element elementor-element-016e6f1\" data-id=\"016e6f1\" data-element_type=\"column\">\n\t\t\t<div class=\"elementor-widget-wrap elementor-element-populated\">\n\t\t\t\t\t\t\t\t<section class=\"elementor-section elementor-inner-section elementor-element elementor-element-b66e0d5 elementor-section-boxed elementor-section-height-default elementor-section-height-default\" data-id=\"b66e0d5\" data-element_type=\"section\">\n\t\t\t\t\t\t<div class=\"elementor-container elementor-column-gap-default\">\n\t\t\t\t\t<div class=\"elementor-column elementor-col-50 elementor-inner-column elementor-element elementor-element-1bb1f59\" data-id=\"1bb1f59\" data-element_type=\"column\">\n\t\t\t<div class=\"elementor-widget-wrap elementor-element-populated\">\n\t\t\t\t\t\t\t\t<div class=\"elementor-element elementor-element-52828f0 elementor-align-center elementor-widget elementor-widget-button\" data-id=\"52828f0\" data-element_type=\"widget\" data-widget_type=\"button.default\">\n\t\t\t\t<div class=\"elementor-widget-container\">\n\t\t\t\t\t<div class=\"elementor-button-wrapper\">\n\t\t\t<a href=\"https:\/\/ateramex.com.mx\/index.php\/producto\/doktor-ozono-cvtox-generador-de-ozono-medicinal\/\" class=\"elementor-button-link elementor-button elementor-size-md\" role=\"button\">\n\t\t\t\t\t\t<span class=\"elementor-button-content-wrapper\">\n\t\t\t\t\t\t<span class=\"elementor-button-text\">Ir a la tienda<\/span>\n\t\t<\/span>\n\t\t\t\t\t<\/a>\n\t\t<\/div>\n\t\t\t\t<\/div>\n\t\t\t\t<\/div>\n\t\t\t\t\t<\/div>\n\t\t<\/div>\n\t\t\t\t<div class=\"elementor-column elementor-col-50 elementor-inner-column elementor-element elementor-element-3516ad0\" data-id=\"3516ad0\" data-element_type=\"column\">\n\t\t\t<div class=\"elementor-widget-wrap elementor-element-populated\">\n\t\t\t\t\t\t\t\t<div class=\"elementor-element elementor-element-d11c9f9 elementor-widget elementor-widget-heading\" data-id=\"d11c9f9\" data-element_type=\"widget\" data-widget_type=\"heading.default\">\n\t\t\t\t<div class=\"elementor-widget-container\">\n\t\t\t<h2 class=\"elementor-heading-title elementor-size-default\"><a href=\"https:\/\/ateramex.com.mx\/index.php\/doktor-ozono-datos-tecnicos\/\">Ver Datos T\u00e9cnicos<\/a><\/h2>\t\t<\/div>\n\t\t\t\t<\/div>\n\t\t\t\t<div class=\"elementor-element elementor-element-b18ba4e elementor-widget elementor-widget-heading\" data-id=\"b18ba4e\" data-element_type=\"widget\" data-widget_type=\"heading.default\">\n\t\t\t\t<div class=\"elementor-widget-container\">\n\t\t\t<h2 class=\"elementor-heading-title elementor-size-default\">2 A\u00f1os de garant\u00eda<\/h2>\t\t<\/div>\n\t\t\t\t<\/div>\n\t\t\t\t\t<\/div>\n\t\t<\/div>\n\t\t\t\t\t\t\t<\/div>\n\t\t<\/section>\n\t\t\t\t\t<\/div>\n\t\t<\/div>\n\t\t\t\t\t\t\t<\/div>\n\t\t<\/section>\n\t\t\t\t\t\t\t<\/div>\n\t\t","protected":false},"excerpt":{"rendered":"<p>DOKTOR OZONO Generador de Ozono M\u00e9dico Doktor Ozono es un generador de ozono medicinal (produce ozono a partir de ox\u00edgeno puro grado m\u00e9dico) con un rango de concentraci\u00f3n variable de salida que va de 5 a 60 ug\/cc (gammas) abarcando el rango completo del ozono para fines terap\u00e9uticos y permitiendo su uso en una gran &hellip;<\/p>\n<p class=\"read-more\"> <a class=\"\" href=\"https:\/\/ateramex.com.mx\/index.php\/doktor-ozono\/\"> <span class=\"screen-reader-text\">Doktor Ozono | Ozonoterapia | Ozono Medicinal<\/span> Leer m\u00e1s &raquo;<\/a><\/p>\n","protected":false},"author":1,"featured_media":0,"parent":0,"menu_order":0,"comment_status":"closed","ping_status":"closed","template":"","meta":{"om_disable_all_campaigns":false,"_uf_show_specific_survey":0,"_uf_disable_surveys":false,"site-sidebar-layout":"no-sidebar","site-content-layout":"page-builder","ast-global-header-display":"","ast-main-header-display":"","ast-hfb-above-header-display":"","ast-hfb-below-header-display":"","ast-hfb-mobile-header-display":"","site-post-title":"disabled","ast-breadcrumbs-content":"","ast-featured-img":"disabled","footer-sml-layout":"","theme-transparent-header-meta":"","adv-header-id-meta":"","stick-header-meta":"","header-above-stick-meta":"","header-main-stick-meta":"","header-below-stick-meta":"","_joinchat":[],"footnotes":""},"aioseo_notices":[],"_links":{"self":[{"href":"https:\/\/ateramex.com.mx\/index.php\/wp-json\/wp\/v2\/pages\/1883"}],"collection":[{"href":"https:\/\/ateramex.com.mx\/index.php\/wp-json\/wp\/v2\/pages"}],"about":[{"href":"https:\/\/ateramex.com.mx\/index.php\/wp-json\/wp\/v2\/types\/page"}],"author":[{"embeddable":true,"href":"https:\/\/ateramex.com.mx\/index.php\/wp-json\/wp\/v2\/users\/1"}],"replies":[{"embeddable":true,"href":"https:\/\/ateramex.com.mx\/index.php\/wp-json\/wp\/v2\/comments?post=1883"}],"version-history":[{"count":43,"href":"https:\/\/ateramex.com.mx\/index.php\/wp-json\/wp\/v2\/pages\/1883\/revisions"}],"predecessor-version":[{"id":4145,"href":"https:\/\/ateramex.com.mx\/index.php\/wp-json\/wp\/v2\/pages\/1883\/revisions\/4145"}],"wp:attachment":[{"href":"https:\/\/ateramex.com.mx\/index.php\/wp-json\/wp\/v2\/media?parent=1883"}],"curies":[{"name":"wp","href":"https:\/\/api.w.org\/{rel}","templated":true}]}}