{"id":1885,"date":"2023-08-27T14:54:54","date_gmt":"2023-08-27T20:54:54","guid":{"rendered":"https:\/\/ateramex.com.mx\/?page_id=1885"},"modified":"2024-09-15T16:59:12","modified_gmt":"2024-09-15T22:59:12","slug":"doktor-ozono-datos-tecnicos","status":"publish","type":"page","link":"https:\/\/ateramex.com.mx\/index.php\/doktor-ozono-datos-tecnicos\/","title":{"rendered":"Doktor Ozono Datos T\u00e9cnicos"},"content":{"rendered":"\t\t<div data-elementor-type=\"wp-page\" data-elementor-id=\"1885\" class=\"elementor elementor-1885\">\n\t\t\t\t\t\t\t\t\t<section class=\"elementor-section elementor-top-section elementor-element elementor-element-e72e31b elementor-section-boxed elementor-section-height-default elementor-section-height-default\" data-id=\"e72e31b\" data-element_type=\"section\">\n\t\t\t\t\t\t<div class=\"elementor-container elementor-column-gap-default\">\n\t\t\t\t\t<div class=\"elementor-column elementor-col-100 elementor-top-column elementor-element elementor-element-a9d18c6\" data-id=\"a9d18c6\" data-element_type=\"column\">\n\t\t\t<div class=\"elementor-widget-wrap elementor-element-populated\">\n\t\t\t\t\t\t\t\t<section class=\"elementor-section elementor-inner-section elementor-element elementor-element-c28d1d5 elementor-section-boxed elementor-section-height-default elementor-section-height-default\" data-id=\"c28d1d5\" data-element_type=\"section\">\n\t\t\t\t\t\t<div class=\"elementor-container elementor-column-gap-default\">\n\t\t\t\t\t<div class=\"elementor-column elementor-col-50 elementor-inner-column elementor-element elementor-element-52babaa\" data-id=\"52babaa\" data-element_type=\"column\">\n\t\t\t<div class=\"elementor-widget-wrap elementor-element-populated\">\n\t\t\t\t\t\t\t\t<div class=\"elementor-element elementor-element-fce636b elementor-widget elementor-widget-image\" data-id=\"fce636b\" data-element_type=\"widget\" data-widget_type=\"image.default\">\n\t\t\t\t<div class=\"elementor-widget-container\">\n\t\t\t<style>\/*! elementor - v3.8.1 - 13-11-2022 *\/\n.elementor-widget-image{text-align:center}.elementor-widget-image a{display:inline-block}.elementor-widget-image a img[src$=\".svg\"]{width:48px}.elementor-widget-image img{vertical-align:middle;display:inline-block}<\/style>\t\t\t\t\t\t\t\t\t\t\t\t<img loading=\"lazy\" decoding=\"async\" width=\"800\" height=\"598\" src=\"https:\/\/ateramex.com.mx\/wp-content\/uploads\/2024\/09\/Generador-de-ozono-medicinal-Doktor-Ozono-frente.png\" class=\"attachment-large size-large\" alt=\"Maquina de ozono, generador de ozono medicinal Doktor Ozono\" srcset=\"https:\/\/ateramex.com.mx\/wp-content\/uploads\/2024\/09\/Generador-de-ozono-medicinal-Doktor-Ozono-frente.png 800w, https:\/\/ateramex.com.mx\/wp-content\/uploads\/2024\/09\/Generador-de-ozono-medicinal-Doktor-Ozono-frente-300x224.png 300w, https:\/\/ateramex.com.mx\/wp-content\/uploads\/2024\/09\/Generador-de-ozono-medicinal-Doktor-Ozono-frente-768x574.png 768w, https:\/\/ateramex.com.mx\/wp-content\/uploads\/2024\/09\/Generador-de-ozono-medicinal-Doktor-Ozono-frente-600x449.png 600w\" sizes=\"(max-width: 800px) 100vw, 800px\" \/>\t\t\t\t\t\t\t\t\t\t\t\t\t\t\t<\/div>\n\t\t\t\t<\/div>\n\t\t\t\t<div class=\"elementor-element elementor-element-1ba96fe elementor-widget elementor-widget-image\" data-id=\"1ba96fe\" data-element_type=\"widget\" data-widget_type=\"image.default\">\n\t\t\t\t<div class=\"elementor-widget-container\">\n\t\t\t\t\t\t\t\t\t\t\t\t\t\t\t<img loading=\"lazy\" decoding=\"async\" width=\"383\" height=\"507\" src=\"https:\/\/ateramex.com.mx\/wp-content\/uploads\/2023\/12\/Tabla-de-concentraciones-DK-nivel-de-mar.jpg\" class=\"attachment-large size-large\" alt=\"\" srcset=\"https:\/\/ateramex.com.mx\/wp-content\/uploads\/2023\/12\/Tabla-de-concentraciones-DK-nivel-de-mar.jpg 383w, https:\/\/ateramex.com.mx\/wp-content\/uploads\/2023\/12\/Tabla-de-concentraciones-DK-nivel-de-mar-227x300.jpg 227w\" sizes=\"(max-width: 383px) 100vw, 383px\" \/>\t\t\t\t\t\t\t\t\t\t\t\t\t\t\t<\/div>\n\t\t\t\t<\/div>\n\t\t\t\t\t<\/div>\n\t\t<\/div>\n\t\t\t\t<div class=\"elementor-column elementor-col-50 elementor-inner-column elementor-element elementor-element-2ab5767\" data-id=\"2ab5767\" data-element_type=\"column\">\n\t\t\t<div class=\"elementor-widget-wrap elementor-element-populated\">\n\t\t\t\t\t\t\t\t<div class=\"elementor-element elementor-element-7bea9f4 elementor-widget elementor-widget-heading\" data-id=\"7bea9f4\" data-element_type=\"widget\" data-widget_type=\"heading.default\">\n\t\t\t\t<div class=\"elementor-widget-container\">\n\t\t\t<style>\/*! elementor - v3.8.1 - 13-11-2022 *\/\n.elementor-heading-title{padding:0;margin:0;line-height:1}.elementor-widget-heading .elementor-heading-title[class*=elementor-size-]>a{color:inherit;font-size:inherit;line-height:inherit}.elementor-widget-heading .elementor-heading-title.elementor-size-small{font-size:15px}.elementor-widget-heading .elementor-heading-title.elementor-size-medium{font-size:19px}.elementor-widget-heading .elementor-heading-title.elementor-size-large{font-size:29px}.elementor-widget-heading .elementor-heading-title.elementor-size-xl{font-size:39px}.elementor-widget-heading .elementor-heading-title.elementor-size-xxl{font-size:59px}<\/style><h2 class=\"elementor-heading-title elementor-size-default\">Doktor Ozono Datos T\u00e9cnicos<\/h2>\t\t<\/div>\n\t\t\t\t<\/div>\n\t\t\t\t<div class=\"elementor-element elementor-element-b8eb2c3 elementor-widget elementor-widget-text-editor\" data-id=\"b8eb2c3\" data-element_type=\"widget\" data-widget_type=\"text-editor.default\">\n\t\t\t\t<div class=\"elementor-widget-container\">\n\t\t\t<style>\/*! elementor - v3.8.1 - 13-11-2022 *\/\n.elementor-widget-text-editor.elementor-drop-cap-view-stacked .elementor-drop-cap{background-color:#818a91;color:#fff}.elementor-widget-text-editor.elementor-drop-cap-view-framed .elementor-drop-cap{color:#818a91;border:3px solid;background-color:transparent}.elementor-widget-text-editor:not(.elementor-drop-cap-view-default) .elementor-drop-cap{margin-top:8px}.elementor-widget-text-editor:not(.elementor-drop-cap-view-default) .elementor-drop-cap-letter{width:1em;height:1em}.elementor-widget-text-editor .elementor-drop-cap{float:left;text-align:center;line-height:1;font-size:50px}.elementor-widget-text-editor .elementor-drop-cap-letter{display:inline-block}<\/style>\t\t\t\t<p class=\"font_8\">Tama\u00f1o: 22.5 cm x 16 cm x 12 cm<\/p><p class=\"font_8\">Peso: 0.95 Kgr<\/p><p class=\"font_8\">Alimentaci\u00f3n: 12 VDC. El equipo incluye fuente de alimentaci\u00f3n con 80 a 240 VCA de entrada, tambi\u00e9n puede funcionar en el coche con su adaptador.\u00a0<\/p><p class=\"font_8\">Consumo de potencia: 15 W<\/p><p class=\"font_8\">Fluj\u00f3metro integrado de alta precisi\u00f3n: 0.1 a 1.0 lpm<\/p><p class=\"font_8\"><span class=\"wixGuard\">\u200b<\/span>Concentraci\u00f3n de ozono: de 2 a 60 ug\/cc (gammas) combinando 2 programas de funcionamiento con flujos variables de 0.05 a 0.4 lpm<\/p><p class=\"font_8\"><span class=\"wixGuard\">\u200b<\/span><\/p><p class=\"font_8\">Los equipos los ajustamos individualmente con nuestro medidor de concentraci\u00f3n de ozono por espectrofotometr\u00eda RAM3. En caso que lo desee recalibrar o certificar nos lo pude enviar sin costo alguno durante el tiempo de garant\u00eda para este fin.<\/p><p class=\"font_8\"><span class=\"wixGuard\">\u200b<\/span><\/p><p class=\"font_8\">El precio del equipo incluye:<\/p><p class=\"font_8\"><span class=\"wixGuard\">\u200b<\/span><\/p><p class=\"font_8\">Convertidor catal\u00edtico de ozono a ox\u00edgeno (destructor de ozono), 1 filtro de ox\u00edgeno, conector luer-lock macho, llave de tres v\u00edas para cargar jeringas (y conectar el convertidor catal\u00edtico) y tres mangueras de 1.10 mts de silic\u00f3n con difusores para diferentes usos. Manual de operaci\u00f3n en formato electr\u00f3nico y la <a href=\"https:\/\/ateramex.com.mx\/wp-content\/uploads\/2023\/02\/DECLARACION-DE-MADRID-TERCERA-EDICION.pdf\"><span class=\"color_33\">Declaraci\u00f3n de Madrid<\/span> <\/a>como manual de ozonoterapias.<\/p>\t\t\t\t\t\t<\/div>\n\t\t\t\t<\/div>\n\t\t\t\t\t<\/div>\n\t\t<\/div>\n\t\t\t\t\t\t\t<\/div>\n\t\t<\/section>\n\t\t\t\t\t<\/div>\n\t\t<\/div>\n\t\t\t\t\t\t\t<\/div>\n\t\t<\/section>\n\t\t\t\t\t\t\t<\/div>\n\t\t","protected":false},"excerpt":{"rendered":"<p>Doktor Ozono Datos T\u00e9cnicos Tama\u00f1o: 22.5 cm x 16 cm x 12 cm Peso: 0.95 Kgr Alimentaci\u00f3n: 12 VDC. El equipo incluye fuente de alimentaci\u00f3n con 80 a 240 VCA de entrada, tambi\u00e9n puede funcionar en el coche con su adaptador.\u00a0 Consumo de potencia: 15 W Fluj\u00f3metro integrado de alta precisi\u00f3n: 0.1 a 1.0 lpm &hellip;<\/p>\n<p class=\"read-more\"> <a class=\"\" href=\"https:\/\/ateramex.com.mx\/index.php\/doktor-ozono-datos-tecnicos\/\"> <span class=\"screen-reader-text\">Doktor Ozono Datos T\u00e9cnicos<\/span> Leer m\u00e1s &raquo;<\/a><\/p>\n","protected":false},"author":1,"featured_media":0,"parent":0,"menu_order":0,"comment_status":"closed","ping_status":"closed","template":"","meta":{"om_disable_all_campaigns":false,"_uf_show_specific_survey":0,"_uf_disable_surveys":false,"site-sidebar-layout":"no-sidebar","site-content-layout":"page-builder","ast-global-header-display":"","ast-main-header-display":"","ast-hfb-above-header-display":"","ast-hfb-below-header-display":"","ast-hfb-mobile-header-display":"","site-post-title":"disabled","ast-breadcrumbs-content":"","ast-featured-img":"disabled","footer-sml-layout":"","theme-transparent-header-meta":"","adv-header-id-meta":"","stick-header-meta":"","header-above-stick-meta":"","header-main-stick-meta":"","header-below-stick-meta":"","_joinchat":[],"footnotes":""},"aioseo_notices":[],"_links":{"self":[{"href":"https:\/\/ateramex.com.mx\/index.php\/wp-json\/wp\/v2\/pages\/1885"}],"collection":[{"href":"https:\/\/ateramex.com.mx\/index.php\/wp-json\/wp\/v2\/pages"}],"about":[{"href":"https:\/\/ateramex.com.mx\/index.php\/wp-json\/wp\/v2\/types\/page"}],"author":[{"embeddable":true,"href":"https:\/\/ateramex.com.mx\/index.php\/wp-json\/wp\/v2\/users\/1"}],"replies":[{"embeddable":true,"href":"https:\/\/ateramex.com.mx\/index.php\/wp-json\/wp\/v2\/comments?post=1885"}],"version-history":[{"count":13,"href":"https:\/\/ateramex.com.mx\/index.php\/wp-json\/wp\/v2\/pages\/1885\/revisions"}],"predecessor-version":[{"id":2977,"href":"https:\/\/ateramex.com.mx\/index.php\/wp-json\/wp\/v2\/pages\/1885\/revisions\/2977"}],"wp:attachment":[{"href":"https:\/\/ateramex.com.mx\/index.php\/wp-json\/wp\/v2\/media?parent=1885"}],"curies":[{"name":"wp","href":"https:\/\/api.w.org\/{rel}","templated":true}]}}