{"id":1909,"date":"2023-08-28T11:56:56","date_gmt":"2023-08-28T17:56:56","guid":{"rendered":"https:\/\/ateramex.com.mx\/?page_id=1909"},"modified":"2024-12-15T08:53:32","modified_gmt":"2024-12-15T14:53:32","slug":"doktor-ozono-home-care","status":"publish","type":"page","link":"https:\/\/ateramex.com.mx\/index.php\/doktor-ozono-home-care\/","title":{"rendered":"Ozono Home Care tratamientos del pie diabetico y ozonoterapia"},"content":{"rendered":"\t\t<div data-elementor-type=\"wp-page\" data-elementor-id=\"1909\" class=\"elementor elementor-1909\">\n\t\t\t\t\t\t\t\t\t<section class=\"elementor-section elementor-top-section elementor-element elementor-element-640ce03 elementor-section-boxed elementor-section-height-default elementor-section-height-default\" data-id=\"640ce03\" data-element_type=\"section\">\n\t\t\t\t\t\t<div class=\"elementor-container elementor-column-gap-default\">\n\t\t\t\t\t<div class=\"elementor-column elementor-col-100 elementor-top-column elementor-element elementor-element-7c04393\" data-id=\"7c04393\" data-element_type=\"column\">\n\t\t\t<div class=\"elementor-widget-wrap elementor-element-populated\">\n\t\t\t\t\t\t\t\t<section class=\"elementor-section elementor-inner-section elementor-element elementor-element-bf59fb8 elementor-section-boxed elementor-section-height-default elementor-section-height-default\" data-id=\"bf59fb8\" data-element_type=\"section\">\n\t\t\t\t\t\t<div class=\"elementor-container elementor-column-gap-default\">\n\t\t\t\t\t<div class=\"elementor-column elementor-col-50 elementor-inner-column elementor-element elementor-element-6ed463a\" data-id=\"6ed463a\" data-element_type=\"column\">\n\t\t\t<div class=\"elementor-widget-wrap elementor-element-populated\">\n\t\t\t\t\t\t\t\t<div class=\"elementor-element elementor-element-692a089 elementor-widget elementor-widget-image\" data-id=\"692a089\" data-element_type=\"widget\" data-widget_type=\"image.default\">\n\t\t\t\t<div class=\"elementor-widget-container\">\n\t\t\t<style>\/*! elementor - v3.8.1 - 13-11-2022 *\/\n.elementor-widget-image{text-align:center}.elementor-widget-image a{display:inline-block}.elementor-widget-image a img[src$=\".svg\"]{width:48px}.elementor-widget-image img{vertical-align:middle;display:inline-block}<\/style>\t\t\t\t\t\t\t\t\t\t\t\t<img loading=\"lazy\" decoding=\"async\" width=\"396\" height=\"362\" src=\"https:\/\/ateramex.com.mx\/wp-content\/uploads\/2024\/09\/Ozono-Home-Care-izq.png\" class=\"attachment-large size-large\" alt=\"Pie diab\u00e9tico tratamiento, tratamientos del pie diabetico Ozono Home Care\" srcset=\"https:\/\/ateramex.com.mx\/wp-content\/uploads\/2024\/09\/Ozono-Home-Care-izq.png 396w, https:\/\/ateramex.com.mx\/wp-content\/uploads\/2024\/09\/Ozono-Home-Care-izq-300x274.png 300w\" sizes=\"(max-width: 396px) 100vw, 396px\" \/>\t\t\t\t\t\t\t\t\t\t\t\t\t\t\t<\/div>\n\t\t\t\t<\/div>\n\t\t\t\t<div class=\"elementor-element elementor-element-15a8e1b elementor-widget elementor-widget-image\" data-id=\"15a8e1b\" data-element_type=\"widget\" data-widget_type=\"image.default\">\n\t\t\t\t<div class=\"elementor-widget-container\">\n\t\t\t\t\t\t\t\t\t\t\t\t\t\t\t<img loading=\"lazy\" decoding=\"async\" width=\"345\" height=\"287\" src=\"https:\/\/ateramex.com.mx\/wp-content\/uploads\/2024\/09\/Ozono-Home-Care-frente.png\" class=\"attachment-large size-large\" alt=\"Pie diab\u00e9tico tratamiento, tratamientos del pie diabetico Ozono Home Care\" srcset=\"https:\/\/ateramex.com.mx\/wp-content\/uploads\/2024\/09\/Ozono-Home-Care-frente.png 345w, https:\/\/ateramex.com.mx\/wp-content\/uploads\/2024\/09\/Ozono-Home-Care-frente-300x250.png 300w\" sizes=\"(max-width: 345px) 100vw, 345px\" \/>\t\t\t\t\t\t\t\t\t\t\t\t\t\t\t<\/div>\n\t\t\t\t<\/div>\n\t\t\t\t<div class=\"elementor-element elementor-element-9b6bd8e elementor-widget elementor-widget-heading\" data-id=\"9b6bd8e\" data-element_type=\"widget\" data-widget_type=\"heading.default\">\n\t\t\t\t<div class=\"elementor-widget-container\">\n\t\t\t<style>\/*! elementor - v3.8.1 - 13-11-2022 *\/\n.elementor-heading-title{padding:0;margin:0;line-height:1}.elementor-widget-heading .elementor-heading-title[class*=elementor-size-]>a{color:inherit;font-size:inherit;line-height:inherit}.elementor-widget-heading .elementor-heading-title.elementor-size-small{font-size:15px}.elementor-widget-heading .elementor-heading-title.elementor-size-medium{font-size:19px}.elementor-widget-heading .elementor-heading-title.elementor-size-large{font-size:29px}.elementor-widget-heading .elementor-heading-title.elementor-size-xl{font-size:39px}.elementor-widget-heading .elementor-heading-title.elementor-size-xxl{font-size:59px}<\/style><h2 class=\"elementor-heading-title elementor-size-default\">2 A\u00f1os de garant\u00eda<\/h2>\t\t<\/div>\n\t\t\t\t<\/div>\n\t\t\t\t<div class=\"elementor-element elementor-element-afdbbbc elementor-align-center elementor-widget elementor-widget-button\" data-id=\"afdbbbc\" data-element_type=\"widget\" data-widget_type=\"button.default\">\n\t\t\t\t<div class=\"elementor-widget-container\">\n\t\t\t\t\t<div class=\"elementor-button-wrapper\">\n\t\t\t<a href=\"https:\/\/ateramex.com.mx\/index.php\/producto\/ozono-home-care\/\" class=\"elementor-button-link elementor-button elementor-size-sm\" role=\"button\">\n\t\t\t\t\t\t<span class=\"elementor-button-content-wrapper\">\n\t\t\t\t\t\t<span class=\"elementor-button-text\">Ir a la tienda<\/span>\n\t\t<\/span>\n\t\t\t\t\t<\/a>\n\t\t<\/div>\n\t\t\t\t<\/div>\n\t\t\t\t<\/div>\n\t\t\t\t\t<\/div>\n\t\t<\/div>\n\t\t\t\t<div class=\"elementor-column elementor-col-50 elementor-inner-column elementor-element elementor-element-096402c\" data-id=\"096402c\" data-element_type=\"column\">\n\t\t\t<div class=\"elementor-widget-wrap elementor-element-populated\">\n\t\t\t\t\t\t\t\t<div class=\"elementor-element elementor-element-3e62d5a elementor-widget elementor-widget-heading\" data-id=\"3e62d5a\" data-element_type=\"widget\" data-widget_type=\"heading.default\">\n\t\t\t\t<div class=\"elementor-widget-container\">\n\t\t\t<h2 class=\"elementor-heading-title elementor-size-default\"> Ozono Home Care - Pie Diab\u00e9tico Tratamiento<\/h2>\t\t<\/div>\n\t\t\t\t<\/div>\n\t\t\t\t<div class=\"elementor-element elementor-element-3e02aca elementor-widget elementor-widget-text-editor\" data-id=\"3e02aca\" data-element_type=\"widget\" data-widget_type=\"text-editor.default\">\n\t\t\t\t<div class=\"elementor-widget-container\">\n\t\t\t<style>\/*! elementor - v3.8.1 - 13-11-2022 *\/\n.elementor-widget-text-editor.elementor-drop-cap-view-stacked .elementor-drop-cap{background-color:#818a91;color:#fff}.elementor-widget-text-editor.elementor-drop-cap-view-framed .elementor-drop-cap{color:#818a91;border:3px solid;background-color:transparent}.elementor-widget-text-editor:not(.elementor-drop-cap-view-default) .elementor-drop-cap{margin-top:8px}.elementor-widget-text-editor:not(.elementor-drop-cap-view-default) .elementor-drop-cap-letter{width:1em;height:1em}.elementor-widget-text-editor .elementor-drop-cap{float:left;text-align:center;line-height:1;font-size:50px}.elementor-widget-text-editor .elementor-drop-cap-letter{display:inline-block}<\/style>\t\t\t\t<p class=\"font_8\">OZONO HOME CARE es un equipo de ozonoterapia domestica que aprovecha las bondades naturales del ozono para mantener \u00f3ptima tu salud e higiene personal.<\/p><p>\u00a0<\/p><p class=\"font_8\">Es uno de los mejores tratamientos del pie diab\u00e9tico ya que cura la infecci\u00f3n al tiempo que oxigena el miembro afectado por la diabetes manteni\u00e9ndolo sano.\u00a0<\/p><p>\u00a0<\/p><p class=\"font_8\">Con la generaci\u00f3n y aplicaci\u00f3n de agua ozonizada puedes dar tratamiento a la halitosis, gingivitis y peridontitis entre otros.\u00a0<\/p><p>\u00a0<\/p><p class=\"font_8\">Elimina de manera muy r\u00e1pida y eficiente las infecciones externas en nuestro cuerpo producidas por bacterias, virus y hongos.\u00a0 Es excelente en el tratamiento de quemaduras a traves de la aplicaci\u00f3n de agua ozonizada.<\/p><p>\u00a0<\/p><p class=\"font_8\">Mediante sencillas terapias\u00a0 puedes hacer en tu hogar, Ozono Home Care te evitar\u00e1 muchas visitas, gastos m\u00e9dicos y la necesidad de consumir antibi\u00f3ticos (evitando as\u00ed sus efectos colaterales). El Ozono le da curaci\u00f3n r\u00e1pida y eficaz a:<\/p><p>\u00a0<\/p><p class=\"font_8\">&#8211; Tratamientos del pie diab\u00e9tico.<\/p><p class=\"font_8\">&#8211; Tratamiento para la halitosis, gingivitis y peridontitis. Elimina el mal aliento.<\/p><p class=\"font_8\">&#8211; Abscesos dentales (sirve como analg\u00e9sico para dolores de enc\u00edas y como desinfectante)<br \/>&#8211; Heridas bucales por mordeduras<br \/>&#8211; Infecciones de la piel (cut\u00e1neas), Ulceras por diabetes\u00a0<\/p><p>&#8211; Tratamiento de quemaduras<br \/>&#8211; Infecci\u00f3n de garganta y Tos<br \/>&#8211; Infecciones causadas por hongos (pie de atleta, hongos en las u\u00f1as)<br \/>&#8211; Infecciones en heridas, mordeduras, golpes, cortadas, etc.<br \/>&#8211; Conjuntivitis (laga\u00f1as).<\/p><p class=\"font_8\">&#8211; Tratamiento para la gastritis.<\/p>\t\t\t\t\t\t<\/div>\n\t\t\t\t<\/div>\n\t\t\t\t<div class=\"elementor-element elementor-element-6ab898e elementor-widget elementor-widget-heading\" data-id=\"6ab898e\" data-element_type=\"widget\" data-widget_type=\"heading.default\">\n\t\t\t\t<div class=\"elementor-widget-container\">\n\t\t\t<h2 class=\"elementor-heading-title elementor-size-default\"><a href=\"https:\/\/ateramex.com.mx\/index.php\/ozono-home-care-datos-tecnicos\/\">Ver Datos T\u00e9cnicos<\/a><\/h2>\t\t<\/div>\n\t\t\t\t<\/div>\n\t\t\t\t\t<\/div>\n\t\t<\/div>\n\t\t\t\t\t\t\t<\/div>\n\t\t<\/section>\n\t\t\t\t\t<\/div>\n\t\t<\/div>\n\t\t\t\t\t\t\t<\/div>\n\t\t<\/section>\n\t\t\t\t\t\t\t<\/div>\n\t\t","protected":false},"excerpt":{"rendered":"<p>2 A\u00f1os de garant\u00eda Ir a la tienda Ozono Home Care &#8211; Pie Diab\u00e9tico Tratamiento OZONO HOME CARE es un equipo de ozonoterapia domestica que aprovecha las bondades naturales del ozono para mantener \u00f3ptima tu salud e higiene personal. \u00a0 Es uno de los mejores tratamientos del pie diab\u00e9tico ya que cura la infecci\u00f3n al &hellip;<\/p>\n<p class=\"read-more\"> <a class=\"\" href=\"https:\/\/ateramex.com.mx\/index.php\/doktor-ozono-home-care\/\"> <span class=\"screen-reader-text\">Ozono Home Care tratamientos del pie diabetico y ozonoterapia<\/span> Leer m\u00e1s &raquo;<\/a><\/p>\n","protected":false},"author":1,"featured_media":0,"parent":0,"menu_order":0,"comment_status":"closed","ping_status":"closed","template":"","meta":{"om_disable_all_campaigns":false,"_uf_show_specific_survey":0,"_uf_disable_surveys":false,"site-sidebar-layout":"no-sidebar","site-content-layout":"page-builder","ast-global-header-display":"","ast-main-header-display":"","ast-hfb-above-header-display":"","ast-hfb-below-header-display":"","ast-hfb-mobile-header-display":"","site-post-title":"disabled","ast-breadcrumbs-content":"","ast-featured-img":"disabled","footer-sml-layout":"","theme-transparent-header-meta":"","adv-header-id-meta":"","stick-header-meta":"","header-above-stick-meta":"","header-main-stick-meta":"","header-below-stick-meta":"","_joinchat":[],"footnotes":""},"aioseo_notices":[],"_links":{"self":[{"href":"https:\/\/ateramex.com.mx\/index.php\/wp-json\/wp\/v2\/pages\/1909"}],"collection":[{"href":"https:\/\/ateramex.com.mx\/index.php\/wp-json\/wp\/v2\/pages"}],"about":[{"href":"https:\/\/ateramex.com.mx\/index.php\/wp-json\/wp\/v2\/types\/page"}],"author":[{"embeddable":true,"href":"https:\/\/ateramex.com.mx\/index.php\/wp-json\/wp\/v2\/users\/1"}],"replies":[{"embeddable":true,"href":"https:\/\/ateramex.com.mx\/index.php\/wp-json\/wp\/v2\/comments?post=1909"}],"version-history":[{"count":54,"href":"https:\/\/ateramex.com.mx\/index.php\/wp-json\/wp\/v2\/pages\/1909\/revisions"}],"predecessor-version":[{"id":3965,"href":"https:\/\/ateramex.com.mx\/index.php\/wp-json\/wp\/v2\/pages\/1909\/revisions\/3965"}],"wp:attachment":[{"href":"https:\/\/ateramex.com.mx\/index.php\/wp-json\/wp\/v2\/media?parent=1909"}],"curies":[{"name":"wp","href":"https:\/\/api.w.org\/{rel}","templated":true}]}}