{"id":1958,"date":"2023-08-28T17:29:38","date_gmt":"2023-08-28T23:29:38","guid":{"rendered":"https:\/\/ateramex.com.mx\/?page_id=1958"},"modified":"2026-01-30T11:41:19","modified_gmt":"2026-01-30T17:41:19","slug":"aqua-esplendida-ozonizador-purificador-de-agua","status":"publish","type":"page","link":"https:\/\/ateramex.com.mx\/index.php\/aqua-esplendida-ozonizador-purificador-de-agua\/","title":{"rendered":"Aqua Espl\u00e9ndida Ozonizador Purificador de Agua"},"content":{"rendered":"\t\t<div data-elementor-type=\"wp-page\" data-elementor-id=\"1958\" class=\"elementor elementor-1958\">\n\t\t\t\t\t\t\t\t\t<section class=\"elementor-section elementor-top-section elementor-element elementor-element-4b13902 elementor-section-boxed elementor-section-height-default elementor-section-height-default\" data-id=\"4b13902\" data-element_type=\"section\">\n\t\t\t\t\t\t<div class=\"elementor-container elementor-column-gap-default\">\n\t\t\t\t\t<div class=\"elementor-column elementor-col-100 elementor-top-column elementor-element elementor-element-849a5bf\" data-id=\"849a5bf\" data-element_type=\"column\">\n\t\t\t<div class=\"elementor-widget-wrap elementor-element-populated\">\n\t\t\t\t\t\t\t\t<section class=\"elementor-section elementor-inner-section elementor-element elementor-element-2b9c873 elementor-section-boxed elementor-section-height-default elementor-section-height-default\" data-id=\"2b9c873\" data-element_type=\"section\">\n\t\t\t\t\t\t<div class=\"elementor-container elementor-column-gap-default\">\n\t\t\t\t\t<div class=\"elementor-column elementor-col-50 elementor-inner-column elementor-element elementor-element-06e19c3\" data-id=\"06e19c3\" data-element_type=\"column\">\n\t\t\t<div class=\"elementor-widget-wrap elementor-element-populated\">\n\t\t\t\t\t\t\t\t<div class=\"elementor-element elementor-element-8a3479e elementor-widget elementor-widget-image\" data-id=\"8a3479e\" data-element_type=\"widget\" data-widget_type=\"image.default\">\n\t\t\t\t<div class=\"elementor-widget-container\">\n\t\t\t<style>\/*! elementor - v3.8.1 - 13-11-2022 *\/\n.elementor-widget-image{text-align:center}.elementor-widget-image a{display:inline-block}.elementor-widget-image a img[src$=\".svg\"]{width:48px}.elementor-widget-image img{vertical-align:middle;display:inline-block}<\/style>\t\t\t\t\t\t\t\t\t\t\t\t<img loading=\"lazy\" decoding=\"async\" width=\"645\" height=\"486\" src=\"https:\/\/ateramex.com.mx\/wp-content\/uploads\/2023\/08\/Aqua-Esplendida-Lateral_3-1.jpg\" class=\"attachment-large size-large\" alt=\"\" srcset=\"https:\/\/ateramex.com.mx\/wp-content\/uploads\/2023\/08\/Aqua-Esplendida-Lateral_3-1.jpg 645w, https:\/\/ateramex.com.mx\/wp-content\/uploads\/2023\/08\/Aqua-Esplendida-Lateral_3-1-300x226.jpg 300w, https:\/\/ateramex.com.mx\/wp-content\/uploads\/2023\/08\/Aqua-Esplendida-Lateral_3-1-600x452.jpg 600w\" sizes=\"(max-width: 645px) 100vw, 645px\" \/>\t\t\t\t\t\t\t\t\t\t\t\t\t\t\t<\/div>\n\t\t\t\t<\/div>\n\t\t\t\t\t<\/div>\n\t\t<\/div>\n\t\t\t\t<div class=\"elementor-column elementor-col-50 elementor-inner-column elementor-element elementor-element-d976c76\" data-id=\"d976c76\" data-element_type=\"column\">\n\t\t\t<div class=\"elementor-widget-wrap elementor-element-populated\">\n\t\t\t\t\t\t\t\t<div class=\"elementor-element elementor-element-e9ed597 elementor-widget elementor-widget-heading\" data-id=\"e9ed597\" data-element_type=\"widget\" data-widget_type=\"heading.default\">\n\t\t\t\t<div class=\"elementor-widget-container\">\n\t\t\t<style>\/*! elementor - v3.8.1 - 13-11-2022 *\/\n.elementor-heading-title{padding:0;margin:0;line-height:1}.elementor-widget-heading .elementor-heading-title[class*=elementor-size-]>a{color:inherit;font-size:inherit;line-height:inherit}.elementor-widget-heading .elementor-heading-title.elementor-size-small{font-size:15px}.elementor-widget-heading .elementor-heading-title.elementor-size-medium{font-size:19px}.elementor-widget-heading .elementor-heading-title.elementor-size-large{font-size:29px}.elementor-widget-heading .elementor-heading-title.elementor-size-xl{font-size:39px}.elementor-widget-heading .elementor-heading-title.elementor-size-xxl{font-size:59px}<\/style><h2 class=\"elementor-heading-title elementor-size-default\">Aqua Espl\u00e9ndida Ozonizador Purificador de Agua<\/h2>\t\t<\/div>\n\t\t\t\t<\/div>\n\t\t\t\t<div class=\"elementor-element elementor-element-f36374d elementor-widget elementor-widget-text-editor\" data-id=\"f36374d\" data-element_type=\"widget\" data-widget_type=\"text-editor.default\">\n\t\t\t\t<div class=\"elementor-widget-container\">\n\t\t\t<style>\/*! elementor - v3.8.1 - 13-11-2022 *\/\n.elementor-widget-text-editor.elementor-drop-cap-view-stacked .elementor-drop-cap{background-color:#818a91;color:#fff}.elementor-widget-text-editor.elementor-drop-cap-view-framed .elementor-drop-cap{color:#818a91;border:3px solid;background-color:transparent}.elementor-widget-text-editor:not(.elementor-drop-cap-view-default) .elementor-drop-cap{margin-top:8px}.elementor-widget-text-editor:not(.elementor-drop-cap-view-default) .elementor-drop-cap-letter{width:1em;height:1em}.elementor-widget-text-editor .elementor-drop-cap{float:left;text-align:center;line-height:1;font-size:50px}.elementor-widget-text-editor .elementor-drop-cap-letter{display:inline-block}<\/style>\t\t\t\t<p class=\"font_8\">Aqua Espl\u00e9ndida\u00a0es un ozonizador &#8211; \u00a0generador de ozono port\u00e1til. El ozono al entrar en contacto con el agua elimina de una manera segura todo tipo de g\u00e9rmenes, virus, bacterias y hongos causantes de enfermedades. Despu\u00e9s de actuar regresa a su forma natural: ox\u00edgeno.<\/p><p class=\"font_8\">\u200b<\/p><p class=\"font_8\">Aqua Espl\u00e9ndida\u00a0es tambi\u00e9n un purificador de agua casero que purifica 20 litros de agua en 10 minutos y 40 litros en 20 minutos. Produce agua ozonizada que desinfecta frutas, verduras, carnes, pescados y mariscos sin cambiarles su sabor. Esteriliza vajillas, biberones, material quir\u00fargico y mucho m\u00e1s&#8230;<\/p><p class=\"font_8\">\u200b<\/p><p class=\"font_8\">Elimina r\u00e1pidamente los g\u00e9rmenes causantes del\u00a0e. coli, colera, salmonela, tifoidea, etc.<\/p><p class=\"font_8\">Es un ozonizador &#8211; purificador de agua port\u00e1til, f\u00e1cil de operar y no necesita mantenimiento. No contamina y tiene un bajo consumo de energ\u00eda: 10 watts m\u00e1ximo. Tiene dos programas de funcionamiento: 10 minutos y 20 minutos.<\/p><p class=\"font_8\">Por la gran variedad de sus usos, tu satisfacci\u00f3n est\u00e1 garantizada.<\/p><p class=\"font_8\"><br \/>Al beber todos los d\u00edas agua ozonizada mejorar\u00e1s tu salud de diversas maneras. Ve como\u2026<\/p>\t\t\t\t\t\t<\/div>\n\t\t\t\t<\/div>\n\t\t\t\t\t<\/div>\n\t\t<\/div>\n\t\t\t\t\t\t\t<\/div>\n\t\t<\/section>\n\t\t\t\t\t<\/div>\n\t\t<\/div>\n\t\t\t\t\t\t\t<\/div>\n\t\t<\/section>\n\t\t\t\t<section class=\"elementor-section elementor-top-section elementor-element elementor-element-73ea4e2 elementor-section-boxed elementor-section-height-default elementor-section-height-default\" data-id=\"73ea4e2\" data-element_type=\"section\">\n\t\t\t\t\t\t<div class=\"elementor-container elementor-column-gap-default\">\n\t\t\t\t\t<div class=\"elementor-column elementor-col-100 elementor-top-column elementor-element elementor-element-ba4f833\" data-id=\"ba4f833\" data-element_type=\"column\">\n\t\t\t<div class=\"elementor-widget-wrap elementor-element-populated\">\n\t\t\t\t\t\t\t\t<section class=\"elementor-section elementor-inner-section elementor-element elementor-element-2da91e4 elementor-section-boxed elementor-section-height-default elementor-section-height-default\" data-id=\"2da91e4\" data-element_type=\"section\">\n\t\t\t\t\t\t<div class=\"elementor-container elementor-column-gap-default\">\n\t\t\t\t\t<div class=\"elementor-column elementor-col-50 elementor-inner-column elementor-element elementor-element-3c0e594\" data-id=\"3c0e594\" data-element_type=\"column\">\n\t\t\t<div class=\"elementor-widget-wrap elementor-element-populated\">\n\t\t\t\t\t\t\t\t<div class=\"elementor-element elementor-element-086f836 elementor-widget elementor-widget-heading\" data-id=\"086f836\" data-element_type=\"widget\" data-widget_type=\"heading.default\">\n\t\t\t\t<div class=\"elementor-widget-container\">\n\t\t\t<h2 class=\"elementor-heading-title elementor-size-default\"><a href=\"https:\/\/ateramex.com.mx\/index.php\/aqua-esplendida-datos-tecnicos\/\">Ver Datos T\u00e9cnicos<\/a><\/h2>\t\t<\/div>\n\t\t\t\t<\/div>\n\t\t\t\t\t<\/div>\n\t\t<\/div>\n\t\t\t\t<div class=\"elementor-column elementor-col-50 elementor-inner-column elementor-element elementor-element-bb4b407\" data-id=\"bb4b407\" data-element_type=\"column\">\n\t\t\t<div class=\"elementor-widget-wrap elementor-element-populated\">\n\t\t\t\t\t\t\t\t<div class=\"elementor-element elementor-element-9e9bf7a elementor-widget elementor-widget-heading\" data-id=\"9e9bf7a\" data-element_type=\"widget\" data-widget_type=\"heading.default\">\n\t\t\t\t<div class=\"elementor-widget-container\">\n\t\t\t<h2 class=\"elementor-heading-title elementor-size-default\">2 a\u00f1os de garant\u00eda<\/h2>\t\t<\/div>\n\t\t\t\t<\/div>\n\t\t\t\t\t<\/div>\n\t\t<\/div>\n\t\t\t\t\t\t\t<\/div>\n\t\t<\/section>\n\t\t\t\t\t<\/div>\n\t\t<\/div>\n\t\t\t\t\t\t\t<\/div>\n\t\t<\/section>\n\t\t\t\t\t\t\t<\/div>\n\t\t","protected":false},"excerpt":{"rendered":"<p>Aqua Espl\u00e9ndida Ozonizador Purificador de Agua Aqua Espl\u00e9ndida\u00a0es un ozonizador &#8211; \u00a0generador de ozono port\u00e1til. El ozono al entrar en contacto con el agua elimina de una manera segura todo tipo de g\u00e9rmenes, virus, bacterias y hongos causantes de enfermedades. Despu\u00e9s de actuar regresa a su forma natural: ox\u00edgeno. \u200b Aqua Espl\u00e9ndida\u00a0es tambi\u00e9n un purificador &hellip;<\/p>\n<p class=\"read-more\"> <a class=\"\" href=\"https:\/\/ateramex.com.mx\/index.php\/aqua-esplendida-ozonizador-purificador-de-agua\/\"> <span class=\"screen-reader-text\">Aqua Espl\u00e9ndida Ozonizador Purificador de Agua<\/span> Leer m\u00e1s &raquo;<\/a><\/p>\n","protected":false},"author":1,"featured_media":0,"parent":0,"menu_order":0,"comment_status":"closed","ping_status":"closed","template":"","meta":{"om_disable_all_campaigns":false,"_uf_show_specific_survey":0,"_uf_disable_surveys":false,"site-sidebar-layout":"no-sidebar","site-content-layout":"page-builder","ast-global-header-display":"","ast-main-header-display":"","ast-hfb-above-header-display":"","ast-hfb-below-header-display":"","ast-hfb-mobile-header-display":"","site-post-title":"disabled","ast-breadcrumbs-content":"","ast-featured-img":"disabled","footer-sml-layout":"","theme-transparent-header-meta":"","adv-header-id-meta":"","stick-header-meta":"","header-above-stick-meta":"","header-main-stick-meta":"","header-below-stick-meta":"","_joinchat":[],"footnotes":""},"aioseo_notices":[],"_links":{"self":[{"href":"https:\/\/ateramex.com.mx\/index.php\/wp-json\/wp\/v2\/pages\/1958"}],"collection":[{"href":"https:\/\/ateramex.com.mx\/index.php\/wp-json\/wp\/v2\/pages"}],"about":[{"href":"https:\/\/ateramex.com.mx\/index.php\/wp-json\/wp\/v2\/types\/page"}],"author":[{"embeddable":true,"href":"https:\/\/ateramex.com.mx\/index.php\/wp-json\/wp\/v2\/users\/1"}],"replies":[{"embeddable":true,"href":"https:\/\/ateramex.com.mx\/index.php\/wp-json\/wp\/v2\/comments?post=1958"}],"version-history":[{"count":10,"href":"https:\/\/ateramex.com.mx\/index.php\/wp-json\/wp\/v2\/pages\/1958\/revisions"}],"predecessor-version":[{"id":2207,"href":"https:\/\/ateramex.com.mx\/index.php\/wp-json\/wp\/v2\/pages\/1958\/revisions\/2207"}],"wp:attachment":[{"href":"https:\/\/ateramex.com.mx\/index.php\/wp-json\/wp\/v2\/media?parent=1958"}],"curies":[{"name":"wp","href":"https:\/\/api.w.org\/{rel}","templated":true}]}}