{"id":1967,"date":"2023-08-28T17:45:38","date_gmt":"2023-08-28T23:45:38","guid":{"rendered":"https:\/\/ateramex.com.mx\/?page_id=1967"},"modified":"2026-01-30T16:21:33","modified_gmt":"2026-01-30T22:21:33","slug":"aqua-esplendida-datos-tecnicos","status":"publish","type":"page","link":"https:\/\/ateramex.com.mx\/index.php\/aqua-esplendida-datos-tecnicos\/","title":{"rendered":"Aqua Espl\u00e9ndida Datos T\u00e9cnicos"},"content":{"rendered":"\t\t<div data-elementor-type=\"wp-page\" data-elementor-id=\"1967\" class=\"elementor elementor-1967\">\n\t\t\t\t\t\t\t\t\t<section class=\"elementor-section elementor-top-section elementor-element elementor-element-4d24f6d elementor-section-boxed elementor-section-height-default elementor-section-height-default\" data-id=\"4d24f6d\" data-element_type=\"section\">\n\t\t\t\t\t\t<div class=\"elementor-container elementor-column-gap-default\">\n\t\t\t\t\t<div class=\"elementor-column elementor-col-100 elementor-top-column elementor-element elementor-element-3a8cd4e\" data-id=\"3a8cd4e\" data-element_type=\"column\">\n\t\t\t<div class=\"elementor-widget-wrap elementor-element-populated\">\n\t\t\t\t\t\t\t\t<section class=\"elementor-section elementor-inner-section elementor-element elementor-element-997f64e elementor-section-boxed elementor-section-height-default elementor-section-height-default\" data-id=\"997f64e\" data-element_type=\"section\">\n\t\t\t\t\t\t<div class=\"elementor-container elementor-column-gap-default\">\n\t\t\t\t\t<div class=\"elementor-column elementor-col-50 elementor-inner-column elementor-element elementor-element-7517c07\" data-id=\"7517c07\" data-element_type=\"column\">\n\t\t\t<div class=\"elementor-widget-wrap elementor-element-populated\">\n\t\t\t\t\t\t\t\t<div class=\"elementor-element elementor-element-302237e elementor-widget elementor-widget-heading\" data-id=\"302237e\" data-element_type=\"widget\" data-widget_type=\"heading.default\">\n\t\t\t\t<div class=\"elementor-widget-container\">\n\t\t\t<style>\/*! elementor - v3.8.1 - 13-11-2022 *\/\n.elementor-heading-title{padding:0;margin:0;line-height:1}.elementor-widget-heading .elementor-heading-title[class*=elementor-size-]>a{color:inherit;font-size:inherit;line-height:inherit}.elementor-widget-heading .elementor-heading-title.elementor-size-small{font-size:15px}.elementor-widget-heading .elementor-heading-title.elementor-size-medium{font-size:19px}.elementor-widget-heading .elementor-heading-title.elementor-size-large{font-size:29px}.elementor-widget-heading .elementor-heading-title.elementor-size-xl{font-size:39px}.elementor-widget-heading .elementor-heading-title.elementor-size-xxl{font-size:59px}<\/style><h2 class=\"elementor-heading-title elementor-size-default\">Datos T\u00e9cnicos<\/h2>\t\t<\/div>\n\t\t\t\t<\/div>\n\t\t\t\t<div class=\"elementor-element elementor-element-e637c32 elementor-widget elementor-widget-text-editor\" data-id=\"e637c32\" data-element_type=\"widget\" data-widget_type=\"text-editor.default\">\n\t\t\t\t<div class=\"elementor-widget-container\">\n\t\t\t<style>\/*! elementor - v3.8.1 - 13-11-2022 *\/\n.elementor-widget-text-editor.elementor-drop-cap-view-stacked .elementor-drop-cap{background-color:#818a91;color:#fff}.elementor-widget-text-editor.elementor-drop-cap-view-framed .elementor-drop-cap{color:#818a91;border:3px solid;background-color:transparent}.elementor-widget-text-editor:not(.elementor-drop-cap-view-default) .elementor-drop-cap{margin-top:8px}.elementor-widget-text-editor:not(.elementor-drop-cap-view-default) .elementor-drop-cap-letter{width:1em;height:1em}.elementor-widget-text-editor .elementor-drop-cap{float:left;text-align:center;line-height:1;font-size:50px}.elementor-widget-text-editor .elementor-drop-cap-letter{display:inline-block}<\/style>\t\t\t\t<p class=\"font_8\">Tama\u00f1o: 19.5 cm x 12 cm x 6 cm<\/p><p class=\"font_8\">Peso: 0.8 Kgr.<\/p><p class=\"font_8\">Alimentaci\u00f3n: 120 VAC y 220 VAC para Europa y Sudamerica<\/p><p class=\"font_8\">Consumo de potencia: 10 W m\u00e1ximo<\/p><p class=\"font_8\">Producci\u00f3n de ozono: 250 mgr\/hr<\/p><p class=\"font_8\">Cuenta con una microcomputadora y dos programas de funcionamiento: 10 minutos y 20 minutos.<\/p><p class=\"font_8\"><span class=\"wixGuard\">\u200b<\/span><\/p><p class=\"font_8\">No requiere mantenimiento<\/p>\t\t\t\t\t\t<\/div>\n\t\t\t\t<\/div>\n\t\t\t\t<div class=\"elementor-element elementor-element-b473b1e elementor-widget elementor-widget-heading\" data-id=\"b473b1e\" data-element_type=\"widget\" data-widget_type=\"heading.default\">\n\t\t\t\t<div class=\"elementor-widget-container\">\n\t\t\t<h2 class=\"elementor-heading-title elementor-size-default\">2 a\u00f1os de garant\u00eda<\/h2>\t\t<\/div>\n\t\t\t\t<\/div>\n\t\t\t\t\t<\/div>\n\t\t<\/div>\n\t\t\t\t<div class=\"elementor-column elementor-col-50 elementor-inner-column elementor-element elementor-element-66dd77b\" data-id=\"66dd77b\" data-element_type=\"column\">\n\t\t\t<div class=\"elementor-widget-wrap elementor-element-populated\">\n\t\t\t\t\t\t\t\t<div class=\"elementor-element elementor-element-cf74700 elementor-widget elementor-widget-image\" data-id=\"cf74700\" data-element_type=\"widget\" data-widget_type=\"image.default\">\n\t\t\t\t<div class=\"elementor-widget-container\">\n\t\t\t<style>\/*! elementor - v3.8.1 - 13-11-2022 *\/\n.elementor-widget-image{text-align:center}.elementor-widget-image a{display:inline-block}.elementor-widget-image a img[src$=\".svg\"]{width:48px}.elementor-widget-image img{vertical-align:middle;display:inline-block}<\/style>\t\t\t\t\t\t\t\t\t\t\t\t<img loading=\"lazy\" decoding=\"async\" width=\"610\" height=\"499\" src=\"https:\/\/ateramex.com.mx\/wp-content\/uploads\/2023\/08\/Aqua-Esplendida-Lateral_2-1.jpg\" class=\"attachment-large size-large\" alt=\"\" srcset=\"https:\/\/ateramex.com.mx\/wp-content\/uploads\/2023\/08\/Aqua-Esplendida-Lateral_2-1.jpg 610w, https:\/\/ateramex.com.mx\/wp-content\/uploads\/2023\/08\/Aqua-Esplendida-Lateral_2-1-300x245.jpg 300w, https:\/\/ateramex.com.mx\/wp-content\/uploads\/2023\/08\/Aqua-Esplendida-Lateral_2-1-600x491.jpg 600w\" sizes=\"(max-width: 610px) 100vw, 610px\" \/>\t\t\t\t\t\t\t\t\t\t\t\t\t\t\t<\/div>\n\t\t\t\t<\/div>\n\t\t\t\t\t<\/div>\n\t\t<\/div>\n\t\t\t\t\t\t\t<\/div>\n\t\t<\/section>\n\t\t\t\t\t<\/div>\n\t\t<\/div>\n\t\t\t\t\t\t\t<\/div>\n\t\t<\/section>\n\t\t\t\t\t\t\t<\/div>\n\t\t","protected":false},"excerpt":{"rendered":"<p>Datos T\u00e9cnicos Tama\u00f1o: 19.5 cm x 12 cm x 6 cm Peso: 0.8 Kgr. Alimentaci\u00f3n: 120 VAC y 220 VAC para Europa y Sudamerica Consumo de potencia: 10 W m\u00e1ximo Producci\u00f3n de ozono: 250 mgr\/hr Cuenta con una microcomputadora y dos programas de funcionamiento: 10 minutos y 20 minutos. \u200b No requiere mantenimiento 2 a\u00f1os &hellip;<\/p>\n<p class=\"read-more\"> <a class=\"\" href=\"https:\/\/ateramex.com.mx\/index.php\/aqua-esplendida-datos-tecnicos\/\"> <span class=\"screen-reader-text\">Aqua Espl\u00e9ndida Datos T\u00e9cnicos<\/span> Leer m\u00e1s &raquo;<\/a><\/p>\n","protected":false},"author":1,"featured_media":0,"parent":0,"menu_order":0,"comment_status":"closed","ping_status":"closed","template":"","meta":{"om_disable_all_campaigns":false,"_uf_show_specific_survey":0,"_uf_disable_surveys":false,"site-sidebar-layout":"no-sidebar","site-content-layout":"page-builder","ast-global-header-display":"","ast-main-header-display":"","ast-hfb-above-header-display":"","ast-hfb-below-header-display":"","ast-hfb-mobile-header-display":"","site-post-title":"disabled","ast-breadcrumbs-content":"","ast-featured-img":"disabled","footer-sml-layout":"","theme-transparent-header-meta":"","adv-header-id-meta":"","stick-header-meta":"","header-above-stick-meta":"","header-main-stick-meta":"","header-below-stick-meta":"","_joinchat":[],"footnotes":""},"aioseo_notices":[],"_links":{"self":[{"href":"https:\/\/ateramex.com.mx\/index.php\/wp-json\/wp\/v2\/pages\/1967"}],"collection":[{"href":"https:\/\/ateramex.com.mx\/index.php\/wp-json\/wp\/v2\/pages"}],"about":[{"href":"https:\/\/ateramex.com.mx\/index.php\/wp-json\/wp\/v2\/types\/page"}],"author":[{"embeddable":true,"href":"https:\/\/ateramex.com.mx\/index.php\/wp-json\/wp\/v2\/users\/1"}],"replies":[{"embeddable":true,"href":"https:\/\/ateramex.com.mx\/index.php\/wp-json\/wp\/v2\/comments?post=1967"}],"version-history":[{"count":7,"href":"https:\/\/ateramex.com.mx\/index.php\/wp-json\/wp\/v2\/pages\/1967\/revisions"}],"predecessor-version":[{"id":2210,"href":"https:\/\/ateramex.com.mx\/index.php\/wp-json\/wp\/v2\/pages\/1967\/revisions\/2210"}],"wp:attachment":[{"href":"https:\/\/ateramex.com.mx\/index.php\/wp-json\/wp\/v2\/media?parent=1967"}],"curies":[{"name":"wp","href":"https:\/\/api.w.org\/{rel}","templated":true}]}}