{"id":2249,"date":"2024-05-29T12:27:28","date_gmt":"2024-05-29T18:27:28","guid":{"rendered":"https:\/\/ateramex.com.mx\/?page_id=2249"},"modified":"2025-12-09T10:42:43","modified_gmt":"2025-12-09T16:42:43","slug":"eolozon-euro3-sistema-para-mejorar-la-calidad-del-aire-en-lugares-cerrados","status":"publish","type":"page","link":"https:\/\/ateramex.com.mx\/index.php\/eolozon-euro3-sistema-para-mejorar-la-calidad-del-aire-en-lugares-cerrados\/","title":{"rendered":"EOLOZON-EURO3 Ozonificador de Aire para Mejorar la Calidad del Aire"},"content":{"rendered":"\t\t<div data-elementor-type=\"wp-page\" data-elementor-id=\"2249\" class=\"elementor elementor-2249\">\n\t\t\t\t\t\t\t\t\t<section class=\"elementor-section elementor-top-section elementor-element elementor-element-0013310 elementor-section-boxed elementor-section-height-default elementor-section-height-default\" data-id=\"0013310\" data-element_type=\"section\">\n\t\t\t\t\t\t<div class=\"elementor-container elementor-column-gap-default\">\n\t\t\t\t\t<div class=\"elementor-column elementor-col-100 elementor-top-column elementor-element elementor-element-5c299f1\" data-id=\"5c299f1\" data-element_type=\"column\">\n\t\t\t<div class=\"elementor-widget-wrap elementor-element-populated\">\n\t\t\t\t\t\t\t\t<section class=\"elementor-section elementor-inner-section elementor-element elementor-element-0dd2c81 elementor-section-boxed elementor-section-height-default elementor-section-height-default\" data-id=\"0dd2c81\" data-element_type=\"section\">\n\t\t\t\t\t\t<div class=\"elementor-container elementor-column-gap-default\">\n\t\t\t\t\t<div class=\"elementor-column elementor-col-50 elementor-inner-column elementor-element elementor-element-7bcd605\" data-id=\"7bcd605\" data-element_type=\"column\">\n\t\t\t<div class=\"elementor-widget-wrap elementor-element-populated\">\n\t\t\t\t\t\t\t\t<div class=\"elementor-element elementor-element-a184948 elementor-widget elementor-widget-image\" data-id=\"a184948\" data-element_type=\"widget\" data-widget_type=\"image.default\">\n\t\t\t\t<div class=\"elementor-widget-container\">\n\t\t\t<style>\/*! elementor - v3.8.1 - 13-11-2022 *\/\n.elementor-widget-image{text-align:center}.elementor-widget-image a{display:inline-block}.elementor-widget-image a img[src$=\".svg\"]{width:48px}.elementor-widget-image img{vertical-align:middle;display:inline-block}<\/style>\t\t\t\t\t\t\t\t\t\t\t\t<img loading=\"lazy\" decoding=\"async\" width=\"1024\" height=\"805\" src=\"https:\/\/ateramex.com.mx\/wp-content\/uploads\/2025\/12\/EOLOfrent1-1024x805.jpg\" class=\"attachment-large size-large\" alt=\"EOLOZON Frente\" srcset=\"https:\/\/ateramex.com.mx\/wp-content\/uploads\/2025\/12\/EOLOfrent1-1024x805.jpg 1024w, https:\/\/ateramex.com.mx\/wp-content\/uploads\/2025\/12\/EOLOfrent1-300x236.jpg 300w, https:\/\/ateramex.com.mx\/wp-content\/uploads\/2025\/12\/EOLOfrent1-768x603.jpg 768w, https:\/\/ateramex.com.mx\/wp-content\/uploads\/2025\/12\/EOLOfrent1-600x471.jpg 600w, https:\/\/ateramex.com.mx\/wp-content\/uploads\/2025\/12\/EOLOfrent1.jpg 1176w\" sizes=\"(max-width: 1024px) 100vw, 1024px\" \/>\t\t\t\t\t\t\t\t\t\t\t\t\t\t\t<\/div>\n\t\t\t\t<\/div>\n\t\t\t\t<div class=\"elementor-element elementor-element-b80a345 elementor-widget elementor-widget-image\" data-id=\"b80a345\" data-element_type=\"widget\" data-widget_type=\"image.default\">\n\t\t\t\t<div class=\"elementor-widget-container\">\n\t\t\t\t\t\t\t\t\t\t\t\t\t\t\t<img loading=\"lazy\" decoding=\"async\" width=\"1024\" height=\"456\" src=\"https:\/\/ateramex.com.mx\/wp-content\/uploads\/2025\/12\/EOLOlat2-1024x456.jpg\" class=\"attachment-large size-large\" alt=\"Eolozon Lateral\" srcset=\"https:\/\/ateramex.com.mx\/wp-content\/uploads\/2025\/12\/EOLOlat2-1024x456.jpg 1024w, https:\/\/ateramex.com.mx\/wp-content\/uploads\/2025\/12\/EOLOlat2-300x134.jpg 300w, https:\/\/ateramex.com.mx\/wp-content\/uploads\/2025\/12\/EOLOlat2-768x342.jpg 768w, https:\/\/ateramex.com.mx\/wp-content\/uploads\/2025\/12\/EOLOlat2-1536x685.jpg 1536w, https:\/\/ateramex.com.mx\/wp-content\/uploads\/2025\/12\/EOLOlat2-1320x588.jpg 1320w, https:\/\/ateramex.com.mx\/wp-content\/uploads\/2025\/12\/EOLOlat2-600x267.jpg 600w, https:\/\/ateramex.com.mx\/wp-content\/uploads\/2025\/12\/EOLOlat2.jpg 1584w\" sizes=\"(max-width: 1024px) 100vw, 1024px\" \/>\t\t\t\t\t\t\t\t\t\t\t\t\t\t\t<\/div>\n\t\t\t\t<\/div>\n\t\t\t\t<div class=\"elementor-element elementor-element-0793296 elementor-widget elementor-widget-image\" data-id=\"0793296\" data-element_type=\"widget\" data-widget_type=\"image.default\">\n\t\t\t\t<div class=\"elementor-widget-container\">\n\t\t\t\t\t\t\t\t\t\t\t\t\t\t\t<img loading=\"lazy\" decoding=\"async\" width=\"1024\" height=\"851\" src=\"https:\/\/ateramex.com.mx\/wp-content\/uploads\/2025\/12\/EOLOatras-1024x851.jpg\" class=\"attachment-large size-large\" alt=\"EOLOZON atras\" srcset=\"https:\/\/ateramex.com.mx\/wp-content\/uploads\/2025\/12\/EOLOatras-1024x851.jpg 1024w, https:\/\/ateramex.com.mx\/wp-content\/uploads\/2025\/12\/EOLOatras-300x249.jpg 300w, https:\/\/ateramex.com.mx\/wp-content\/uploads\/2025\/12\/EOLOatras-768x639.jpg 768w, https:\/\/ateramex.com.mx\/wp-content\/uploads\/2025\/12\/EOLOatras-1320x1098.jpg 1320w, https:\/\/ateramex.com.mx\/wp-content\/uploads\/2025\/12\/EOLOatras-600x499.jpg 600w, https:\/\/ateramex.com.mx\/wp-content\/uploads\/2025\/12\/EOLOatras.jpg 1460w\" sizes=\"(max-width: 1024px) 100vw, 1024px\" \/>\t\t\t\t\t\t\t\t\t\t\t\t\t\t\t<\/div>\n\t\t\t\t<\/div>\n\t\t\t\t<div class=\"elementor-element elementor-element-94d833e elementor-widget elementor-widget-image\" data-id=\"94d833e\" data-element_type=\"widget\" data-widget_type=\"image.default\">\n\t\t\t\t<div class=\"elementor-widget-container\">\n\t\t\t\t\t\t\t\t\t\t\t\t\t\t\t<img loading=\"lazy\" decoding=\"async\" width=\"865\" height=\"944\" src=\"https:\/\/ateramex.com.mx\/wp-content\/uploads\/2024\/05\/Eolozon-EURO3-chico-con-app-abajo.jpg\" class=\"attachment-large size-large\" alt=\"Ozonador Ozonizador de Aire EOLOZON-EURO3 mejora indice de calidad del aire\" srcset=\"https:\/\/ateramex.com.mx\/wp-content\/uploads\/2024\/05\/Eolozon-EURO3-chico-con-app-abajo.jpg 865w, https:\/\/ateramex.com.mx\/wp-content\/uploads\/2024\/05\/Eolozon-EURO3-chico-con-app-abajo-275x300.jpg 275w, https:\/\/ateramex.com.mx\/wp-content\/uploads\/2024\/05\/Eolozon-EURO3-chico-con-app-abajo-768x838.jpg 768w, https:\/\/ateramex.com.mx\/wp-content\/uploads\/2024\/05\/Eolozon-EURO3-chico-con-app-abajo-600x655.jpg 600w\" sizes=\"(max-width: 865px) 100vw, 865px\" \/>\t\t\t\t\t\t\t\t\t\t\t\t\t\t\t<\/div>\n\t\t\t\t<\/div>\n\t\t\t\t<div class=\"elementor-element elementor-element-3eb0529 elementor-widget elementor-widget-image\" data-id=\"3eb0529\" data-element_type=\"widget\" data-widget_type=\"image.default\">\n\t\t\t\t<div class=\"elementor-widget-container\">\n\t\t\t\t\t\t\t\t\t\t\t\t\t\t\t<img loading=\"lazy\" decoding=\"async\" width=\"924\" height=\"976\" src=\"https:\/\/ateramex.com.mx\/wp-content\/uploads\/2025\/12\/Nariz-leds-1.jpg\" class=\"attachment-large size-large\" alt=\"Nariz Electronica EURO3\" srcset=\"https:\/\/ateramex.com.mx\/wp-content\/uploads\/2025\/12\/Nariz-leds-1.jpg 924w, https:\/\/ateramex.com.mx\/wp-content\/uploads\/2025\/12\/Nariz-leds-1-284x300.jpg 284w, https:\/\/ateramex.com.mx\/wp-content\/uploads\/2025\/12\/Nariz-leds-1-768x811.jpg 768w, https:\/\/ateramex.com.mx\/wp-content\/uploads\/2025\/12\/Nariz-leds-1-600x634.jpg 600w\" sizes=\"(max-width: 924px) 100vw, 924px\" \/>\t\t\t\t\t\t\t\t\t\t\t\t\t\t\t<\/div>\n\t\t\t\t<\/div>\n\t\t\t\t<div class=\"elementor-element elementor-element-356c5f3 elementor-widget elementor-widget-heading\" data-id=\"356c5f3\" data-element_type=\"widget\" data-widget_type=\"heading.default\">\n\t\t\t\t<div class=\"elementor-widget-container\">\n\t\t\t<style>\/*! elementor - v3.8.1 - 13-11-2022 *\/\n.elementor-heading-title{padding:0;margin:0;line-height:1}.elementor-widget-heading .elementor-heading-title[class*=elementor-size-]>a{color:inherit;font-size:inherit;line-height:inherit}.elementor-widget-heading .elementor-heading-title.elementor-size-small{font-size:15px}.elementor-widget-heading .elementor-heading-title.elementor-size-medium{font-size:19px}.elementor-widget-heading .elementor-heading-title.elementor-size-large{font-size:29px}.elementor-widget-heading .elementor-heading-title.elementor-size-xl{font-size:39px}.elementor-widget-heading .elementor-heading-title.elementor-size-xxl{font-size:59px}<\/style><h2 class=\"elementor-heading-title elementor-size-default\">Precio capacidad 250m3: $5,990<\/h2>\t\t<\/div>\n\t\t\t\t<\/div>\n\t\t\t\t<div class=\"elementor-element elementor-element-e266de7 elementor-widget elementor-widget-heading\" data-id=\"e266de7\" data-element_type=\"widget\" data-widget_type=\"heading.default\">\n\t\t\t\t<div class=\"elementor-widget-container\">\n\t\t\t<h2 class=\"elementor-heading-title elementor-size-default\">Precio capacidad 500m3 $6,990<\/h2>\t\t<\/div>\n\t\t\t\t<\/div>\n\t\t\t\t<div class=\"elementor-element elementor-element-3e0122e elementor-widget elementor-widget-heading\" data-id=\"3e0122e\" data-element_type=\"widget\" data-widget_type=\"heading.default\">\n\t\t\t\t<div class=\"elementor-widget-container\">\n\t\t\t<h2 class=\"elementor-heading-title elementor-size-default\">Los precios incluyen el IVA y el env\u00edo<\/h2>\t\t<\/div>\n\t\t\t\t<\/div>\n\t\t\t\t<div class=\"elementor-element elementor-element-f107087 elementor-align-center elementor-widget elementor-widget-button\" data-id=\"f107087\" data-element_type=\"widget\" data-widget_type=\"button.default\">\n\t\t\t\t<div class=\"elementor-widget-container\">\n\t\t\t\t\t<div class=\"elementor-button-wrapper\">\n\t\t\t<a href=\"https:\/\/ateramex.com.mx\/index.php\/tienda\/\" class=\"elementor-button-link elementor-button elementor-size-sm\" role=\"button\">\n\t\t\t\t\t\t<span class=\"elementor-button-content-wrapper\">\n\t\t\t\t\t\t<span class=\"elementor-button-text\">Ir a la Tienda<\/span>\n\t\t<\/span>\n\t\t\t\t\t<\/a>\n\t\t<\/div>\n\t\t\t\t<\/div>\n\t\t\t\t<\/div>\n\t\t\t\t<div class=\"elementor-element elementor-element-180614f elementor-widget elementor-widget-image\" data-id=\"180614f\" data-element_type=\"widget\" data-widget_type=\"image.default\">\n\t\t\t\t<div class=\"elementor-widget-container\">\n\t\t\t\t\t\t\t\t\t\t\t\t\t\t\t<img loading=\"lazy\" decoding=\"async\" width=\"1024\" height=\"628\" src=\"https:\/\/ateramex.com.mx\/wp-content\/uploads\/2025\/12\/Lektorverde-3-1024x628.jpg\" class=\"attachment-large size-large\" alt=\"Lektor 3\" srcset=\"https:\/\/ateramex.com.mx\/wp-content\/uploads\/2025\/12\/Lektorverde-3-1024x628.jpg 1024w, https:\/\/ateramex.com.mx\/wp-content\/uploads\/2025\/12\/Lektorverde-3-300x184.jpg 300w, https:\/\/ateramex.com.mx\/wp-content\/uploads\/2025\/12\/Lektorverde-3-768x471.jpg 768w, https:\/\/ateramex.com.mx\/wp-content\/uploads\/2025\/12\/Lektorverde-3-1320x810.jpg 1320w, https:\/\/ateramex.com.mx\/wp-content\/uploads\/2025\/12\/Lektorverde-3-600x368.jpg 600w, https:\/\/ateramex.com.mx\/wp-content\/uploads\/2025\/12\/Lektorverde-3.jpg 1366w\" sizes=\"(max-width: 1024px) 100vw, 1024px\" \/>\t\t\t\t\t\t\t\t\t\t\t\t\t\t\t<\/div>\n\t\t\t\t<\/div>\n\t\t\t\t\t<\/div>\n\t\t<\/div>\n\t\t\t\t<div class=\"elementor-column elementor-col-50 elementor-inner-column elementor-element elementor-element-065cd55\" data-id=\"065cd55\" data-element_type=\"column\">\n\t\t\t<div class=\"elementor-widget-wrap elementor-element-populated\">\n\t\t\t\t\t\t\t\t<div class=\"elementor-element elementor-element-4013116 elementor-widget elementor-widget-heading\" data-id=\"4013116\" data-element_type=\"widget\" data-widget_type=\"heading.default\">\n\t\t\t\t<div class=\"elementor-widget-container\">\n\t\t\t<h1 class=\"elementor-heading-title elementor-size-large\">Mejora el Indice de Calidad del Aire en Interiores EOLOZON-EURO3<\/h1>\t\t<\/div>\n\t\t\t\t<\/div>\n\t\t\t\t<div class=\"elementor-element elementor-element-b1532aa elementor-widget elementor-widget-text-editor\" data-id=\"b1532aa\" data-element_type=\"widget\" data-widget_type=\"text-editor.default\">\n\t\t\t\t<div class=\"elementor-widget-container\">\n\t\t\t<style>\/*! elementor - v3.8.1 - 13-11-2022 *\/\n.elementor-widget-text-editor.elementor-drop-cap-view-stacked .elementor-drop-cap{background-color:#818a91;color:#fff}.elementor-widget-text-editor.elementor-drop-cap-view-framed .elementor-drop-cap{color:#818a91;border:3px solid;background-color:transparent}.elementor-widget-text-editor:not(.elementor-drop-cap-view-default) .elementor-drop-cap{margin-top:8px}.elementor-widget-text-editor:not(.elementor-drop-cap-view-default) .elementor-drop-cap-letter{width:1em;height:1em}.elementor-widget-text-editor .elementor-drop-cap{float:left;text-align:center;line-height:1;font-size:50px}.elementor-widget-text-editor .elementor-drop-cap-letter{display:inline-block}<\/style>\t\t\t\t<p style=\"font-size: 20px; font-style: normal; font-weight: 400;\">EOLOZON-EURO3 es un sistema para mejorar la calidad del aire en interiores mediante la aplicaci\u00f3n controlada y dosificada de ozono.<\/p><p style=\"font-size: 20px; font-style: normal; font-weight: 400;\">El ozono en peque\u00f1as dosis continuas mantiene el ambiente desinfectado y libre de malos olores, y tambi\u00e9n\u00a0 mejora de manera significativa el Indice de Calidad del Aire (ICA) (Index for Air Quality, IAQ) siendo medido por el sensor Bosch BME-680 en tiempo real. Las mediciones de concentraci\u00f3n de O3 y el ICA pueden verse mediante la App Air Guard en cualquier dispositivo Android con Bluetooth.\u00a0<\/p><p>El sistema consiste en dos m\u00f3dulos separados que trabajan en conjunto:<\/p><p>1) M\u00f3dulo generador de ozono EOLOZON. Este m\u00f3dulo es el encargado de generar el ozono y est\u00e1 controlado por la nariz electr\u00f3nica. Tiene 3 niveles de generaci\u00f3n a 50, a 75 y a 100 ppb (parts per billion) (0.05, 0.075 y 0.1 ppm).\u00a0<span style=\"background-color: var(--ast-global-color-5); color: var(--ast-global-color-3); font-size: 1rem;\">Hay dos modelos uno con capacidad de hasta 250 m3 y otro hasta 500 m3.<\/span><\/p><p>2) Nariz electr\u00f3nica EURO3. Este m\u00f3dulo tiene varios sensores para monitorear el ambiente: Sensor de concentraci\u00f3n de ozono, humedad relativa, temperatura interna, presi\u00f3n barom\u00e9trica, cuenta con el sensor Bosch BME-680 para obtener el \u00cdndice de Calidad de Aire (ICA) en el ambiente. Toda la informaci\u00f3n se env\u00eda al m\u00f3dulo generador de ozono EOLOZON v\u00eda remota para controlar la producci\u00f3n de ozono y se puede consultar via Bluetooth bajando la aplicaci\u00f3n <strong>Ateramex Air Guard <\/strong>en cualquier dispositivo Android.<\/p><p><span style=\"font-style: inherit; background-color: var(--ast-global-color-5); color: var(--ast-global-color-3);\"><b>\u00bfQu\u00e9 tipos de gases puede detectar la nariz electr\u00f3nica para calcular el \u00cdndice de Calidad del Aire?<\/b><\/span><\/p><p><span style=\"font-style: inherit; font-weight: inherit; background-color: var(--ast-global-color-5); color: var(--ast-global-color-3);\">El sensor BOSCH BME-680 puede detectar una amplia gama de gases para medir el indice de calidad del aire (ICA) en el cuidado de su salud. Los gases que puede detectar incluyen miles de compuestos org\u00e1nicos vol\u00e1tiles (COV) tales como de pinturas (como formaldeh\u00eddo), lacas, decapantes, productos de limpieza, muebles, equipos de oficina, pegamentos, adhesivos y alcohol entre otros. Estos compuestos son reducidos por el ozono mejorando el indice de calidad del aire de una manera notable.<\/span><\/p><p><b>\u00bfPor qu\u00e9 es importante medir la concentraci\u00f3n de ozono y otros datos asociados?<\/b><\/p><p>La normas internacionales especifican que el l\u00edmite de concentraci\u00f3n para poderse respirar todo el tiempo es de 50 ppb (0.05 ppm) [6][7]. Se puede respirar hasta 100 ppb (0.1 ppm) por 8 horas al d\u00eda [6]. El equipo cumple con estos est\u00e1ndares gracias a su sensor de alta precisi\u00f3n y finos algoritmos de control. El equipo en sus 3 programas puede mantener estas concentraciones permitiendo la estancia de personas y animales en el lugar en un ambiente limpio y sin g\u00e9rmenes ni malos olores.<\/p><p><b>\u00bfD\u00f3nde se requiere EOLOZON-EURO3?<\/b><\/p><p>\u00a0Se requiere en cualquier lugar que se necesite mejorar la calidad del aire a respirar (eliminando los compuestos organicos vol\u00e1tiles y mejorando el ICA), y manteni\u00e9ndolo desinfectado, libre de bacterias, virus y malos olores, tales como:<\/p><p>&#8211; Hospitales (Salas de espera y quir\u00f3fanos especialmente)<\/p><p>&#8211; Gimnasios<\/p><p>&#8211; Hoteles<\/p><p>&#8211; Ba\u00f1os p\u00fablicos<\/p><p>&#8211; Refrigeradores<\/p><p>&#8211; Almacenes de alimentos<\/p><p>&#8211; Almacenes de carnes y pescados<\/p><p>&#8211; Locales comerciales<\/p><p>&#8211; Oficinas<\/p><p>&#8211; Casas habitaci\u00f3n<\/p><p>&#8211; Departamentos<\/p><p>&#8211; Transporte p\u00fablico<\/p><p>&#8211; Autobuses<\/p><p>&#8211; Autom\u00f3viles\u00a0<\/p>\t\t\t\t\t\t<\/div>\n\t\t\t\t<\/div>\n\t\t\t\t<div class=\"elementor-element elementor-element-853852e elementor-align-center elementor-widget elementor-widget-button\" data-id=\"853852e\" data-element_type=\"widget\" data-widget_type=\"button.default\">\n\t\t\t\t<div class=\"elementor-widget-container\">\n\t\t\t\t\t<div class=\"elementor-button-wrapper\">\n\t\t\t<a href=\"https:\/\/ateramex.com.mx\/index.php\/eolozon-euro3-datos-tecnicos\/\" class=\"elementor-button-link elementor-button elementor-size-sm\" role=\"button\">\n\t\t\t\t\t\t<span class=\"elementor-button-content-wrapper\">\n\t\t\t\t\t\t<span class=\"elementor-button-text\">Ver datos t\u00e9cnicos<\/span>\n\t\t<\/span>\n\t\t\t\t\t<\/a>\n\t\t<\/div>\n\t\t\t\t<\/div>\n\t\t\t\t<\/div>\n\t\t\t\t<div class=\"elementor-element elementor-element-f7d8fb9 elementor-widget elementor-widget-image\" data-id=\"f7d8fb9\" data-element_type=\"widget\" data-widget_type=\"image.default\">\n\t\t\t\t<div class=\"elementor-widget-container\">\n\t\t\t\t\t\t\t\t\t\t\t\t\t\t\t<img loading=\"lazy\" decoding=\"async\" width=\"202\" height=\"448\" src=\"https:\/\/ateramex.com.mx\/wp-content\/uploads\/2024\/05\/Air-Guard-chico-2.jpg\" class=\"attachment-large size-large\" alt=\"Indice de Calidad del Aire App\" srcset=\"https:\/\/ateramex.com.mx\/wp-content\/uploads\/2024\/05\/Air-Guard-chico-2.jpg 202w, https:\/\/ateramex.com.mx\/wp-content\/uploads\/2024\/05\/Air-Guard-chico-2-135x300.jpg 135w\" sizes=\"(max-width: 202px) 100vw, 202px\" \/>\t\t\t\t\t\t\t\t\t\t\t\t\t\t\t<\/div>\n\t\t\t\t<\/div>\n\t\t\t\t\t<\/div>\n\t\t<\/div>\n\t\t\t\t\t\t\t<\/div>\n\t\t<\/section>\n\t\t\t\t<div class=\"elementor-element elementor-element-c3c60cb elementor-widget elementor-widget-heading\" data-id=\"c3c60cb\" data-element_type=\"widget\" data-widget_type=\"heading.default\">\n\t\t\t\t<div class=\"elementor-widget-container\">\n\t\t\t<h2 class=\"elementor-heading-title elementor-size-default\"><a href=\"https:\/\/ateramex.com.mx\/index.php\/eolozon-euro3-datos-tecnicos\/\">Ver datos t\u00e9cnicos<\/a><\/h2>\t\t<\/div>\n\t\t\t\t<\/div>\n\t\t\t\t\t<\/div>\n\t\t<\/div>\n\t\t\t\t\t\t\t<\/div>\n\t\t<\/section>\n\t\t\t\t\t\t\t<\/div>\n\t\t","protected":false},"excerpt":{"rendered":"<p>Precio capacidad 250m3: $5,990 Precio capacidad 500m3 $6,990 Los precios incluyen el IVA y el env\u00edo Ir a la Tienda Mejora el Indice de Calidad del Aire en Interiores EOLOZON-EURO3 EOLOZON-EURO3 es un sistema para mejorar la calidad del aire en interiores mediante la aplicaci\u00f3n controlada y dosificada de ozono. El ozono en peque\u00f1as dosis &hellip;<\/p>\n<p class=\"read-more\"> <a class=\"\" href=\"https:\/\/ateramex.com.mx\/index.php\/eolozon-euro3-sistema-para-mejorar-la-calidad-del-aire-en-lugares-cerrados\/\"> <span class=\"screen-reader-text\">EOLOZON-EURO3 Ozonificador de Aire para Mejorar la Calidad del Aire<\/span> Leer m\u00e1s &raquo;<\/a><\/p>\n","protected":false},"author":1,"featured_media":0,"parent":0,"menu_order":0,"comment_status":"closed","ping_status":"closed","template":"","meta":{"om_disable_all_campaigns":false,"_uf_show_specific_survey":0,"_uf_disable_surveys":false,"site-sidebar-layout":"no-sidebar","site-content-layout":"page-builder","ast-global-header-display":"","ast-main-header-display":"","ast-hfb-above-header-display":"","ast-hfb-below-header-display":"","ast-hfb-mobile-header-display":"","site-post-title":"disabled","ast-breadcrumbs-content":"","ast-featured-img":"disabled","footer-sml-layout":"","theme-transparent-header-meta":"","adv-header-id-meta":"","stick-header-meta":"","header-above-stick-meta":"","header-main-stick-meta":"","header-below-stick-meta":"","_joinchat":[],"footnotes":""},"aioseo_notices":[],"_links":{"self":[{"href":"https:\/\/ateramex.com.mx\/index.php\/wp-json\/wp\/v2\/pages\/2249"}],"collection":[{"href":"https:\/\/ateramex.com.mx\/index.php\/wp-json\/wp\/v2\/pages"}],"about":[{"href":"https:\/\/ateramex.com.mx\/index.php\/wp-json\/wp\/v2\/types\/page"}],"author":[{"embeddable":true,"href":"https:\/\/ateramex.com.mx\/index.php\/wp-json\/wp\/v2\/users\/1"}],"replies":[{"embeddable":true,"href":"https:\/\/ateramex.com.mx\/index.php\/wp-json\/wp\/v2\/comments?post=2249"}],"version-history":[{"count":213,"href":"https:\/\/ateramex.com.mx\/index.php\/wp-json\/wp\/v2\/pages\/2249\/revisions"}],"predecessor-version":[{"id":4208,"href":"https:\/\/ateramex.com.mx\/index.php\/wp-json\/wp\/v2\/pages\/2249\/revisions\/4208"}],"wp:attachment":[{"href":"https:\/\/ateramex.com.mx\/index.php\/wp-json\/wp\/v2\/media?parent=2249"}],"curies":[{"name":"wp","href":"https:\/\/api.w.org\/{rel}","templated":true}]}}