{"id":2349,"date":"2024-05-29T16:33:09","date_gmt":"2024-05-29T22:33:09","guid":{"rendered":"https:\/\/ateramex.com.mx\/?page_id=2349"},"modified":"2026-01-31T10:30:35","modified_gmt":"2026-01-31T16:30:35","slug":"eolozon-euro3-datos-tecnicos","status":"publish","type":"page","link":"https:\/\/ateramex.com.mx\/index.php\/eolozon-euro3-datos-tecnicos\/","title":{"rendered":"EOLOZON-EURO3 Datos T\u00e9cnicos"},"content":{"rendered":"\t\t<div data-elementor-type=\"wp-page\" data-elementor-id=\"2349\" class=\"elementor elementor-2349\">\n\t\t\t\t\t\t\t\t\t<section class=\"elementor-section elementor-top-section elementor-element elementor-element-2d6cc94 elementor-section-boxed elementor-section-height-default elementor-section-height-default\" data-id=\"2d6cc94\" data-element_type=\"section\">\n\t\t\t\t\t\t<div class=\"elementor-container elementor-column-gap-default\">\n\t\t\t\t\t<div class=\"elementor-column elementor-col-100 elementor-top-column elementor-element elementor-element-fa512ba\" data-id=\"fa512ba\" data-element_type=\"column\">\n\t\t\t<div class=\"elementor-widget-wrap elementor-element-populated\">\n\t\t\t\t\t\t\t\t<section class=\"elementor-section elementor-inner-section elementor-element elementor-element-c91049a elementor-section-boxed elementor-section-height-default elementor-section-height-default\" data-id=\"c91049a\" data-element_type=\"section\">\n\t\t\t\t\t\t<div class=\"elementor-container elementor-column-gap-default\">\n\t\t\t\t\t<div class=\"elementor-column elementor-col-50 elementor-inner-column elementor-element elementor-element-d55749f\" data-id=\"d55749f\" data-element_type=\"column\">\n\t\t\t<div class=\"elementor-widget-wrap elementor-element-populated\">\n\t\t\t\t\t\t\t\t<div class=\"elementor-element elementor-element-b0fabcb elementor-widget elementor-widget-image\" data-id=\"b0fabcb\" data-element_type=\"widget\" data-widget_type=\"image.default\">\n\t\t\t\t<div class=\"elementor-widget-container\">\n\t\t\t<style>\/*! elementor - v3.8.1 - 13-11-2022 *\/\n.elementor-widget-image{text-align:center}.elementor-widget-image a{display:inline-block}.elementor-widget-image a img[src$=\".svg\"]{width:48px}.elementor-widget-image img{vertical-align:middle;display:inline-block}<\/style>\t\t\t\t\t\t\t\t\t\t\t\t<img loading=\"lazy\" decoding=\"async\" width=\"865\" height=\"944\" src=\"https:\/\/ateramex.com.mx\/wp-content\/uploads\/2024\/05\/Eolozon-EURO3-chico-con-app-abajo.jpg\" class=\"attachment-large size-large\" alt=\"Ozonador Ozonizador de Aire EOLOZON-EURO3 mejora indice de calidad del aire\" srcset=\"https:\/\/ateramex.com.mx\/wp-content\/uploads\/2024\/05\/Eolozon-EURO3-chico-con-app-abajo.jpg 865w, https:\/\/ateramex.com.mx\/wp-content\/uploads\/2024\/05\/Eolozon-EURO3-chico-con-app-abajo-275x300.jpg 275w, https:\/\/ateramex.com.mx\/wp-content\/uploads\/2024\/05\/Eolozon-EURO3-chico-con-app-abajo-768x838.jpg 768w, https:\/\/ateramex.com.mx\/wp-content\/uploads\/2024\/05\/Eolozon-EURO3-chico-con-app-abajo-600x655.jpg 600w\" sizes=\"(max-width: 865px) 100vw, 865px\" \/>\t\t\t\t\t\t\t\t\t\t\t\t\t\t\t<\/div>\n\t\t\t\t<\/div>\n\t\t\t\t<div class=\"elementor-element elementor-element-2561dff elementor-widget elementor-widget-image\" data-id=\"2561dff\" data-element_type=\"widget\" data-widget_type=\"image.default\">\n\t\t\t\t<div class=\"elementor-widget-container\">\n\t\t\t\t\t\t\t\t\t\t\t\t\t\t\t<img loading=\"lazy\" decoding=\"async\" width=\"824\" height=\"936\" src=\"https:\/\/ateramex.com.mx\/wp-content\/uploads\/2025\/12\/Narizazulrojo.jpg\" class=\"attachment-large size-large\" alt=\"Nariz Electr\u00f3nica EURO3\" srcset=\"https:\/\/ateramex.com.mx\/wp-content\/uploads\/2025\/12\/Narizazulrojo.jpg 824w, https:\/\/ateramex.com.mx\/wp-content\/uploads\/2025\/12\/Narizazulrojo-264x300.jpg 264w, https:\/\/ateramex.com.mx\/wp-content\/uploads\/2025\/12\/Narizazulrojo-768x872.jpg 768w, https:\/\/ateramex.com.mx\/wp-content\/uploads\/2025\/12\/Narizazulrojo-600x682.jpg 600w\" sizes=\"(max-width: 824px) 100vw, 824px\" \/>\t\t\t\t\t\t\t\t\t\t\t\t\t\t\t<\/div>\n\t\t\t\t<\/div>\n\t\t\t\t<div class=\"elementor-element elementor-element-4bcdcf1 elementor-widget elementor-widget-image\" data-id=\"4bcdcf1\" data-element_type=\"widget\" data-widget_type=\"image.default\">\n\t\t\t\t<div class=\"elementor-widget-container\">\n\t\t\t\t\t\t\t\t\t\t\t\t\t\t\t<img loading=\"lazy\" decoding=\"async\" width=\"1024\" height=\"628\" src=\"https:\/\/ateramex.com.mx\/wp-content\/uploads\/2025\/12\/Lektorverde-3-1024x628.jpg\" class=\"attachment-large size-large\" alt=\"Lektor 3\" srcset=\"https:\/\/ateramex.com.mx\/wp-content\/uploads\/2025\/12\/Lektorverde-3-1024x628.jpg 1024w, https:\/\/ateramex.com.mx\/wp-content\/uploads\/2025\/12\/Lektorverde-3-300x184.jpg 300w, https:\/\/ateramex.com.mx\/wp-content\/uploads\/2025\/12\/Lektorverde-3-768x471.jpg 768w, https:\/\/ateramex.com.mx\/wp-content\/uploads\/2025\/12\/Lektorverde-3-1320x810.jpg 1320w, https:\/\/ateramex.com.mx\/wp-content\/uploads\/2025\/12\/Lektorverde-3-600x368.jpg 600w, https:\/\/ateramex.com.mx\/wp-content\/uploads\/2025\/12\/Lektorverde-3.jpg 1366w\" sizes=\"(max-width: 1024px) 100vw, 1024px\" \/>\t\t\t\t\t\t\t\t\t\t\t\t\t\t\t<\/div>\n\t\t\t\t<\/div>\n\t\t\t\t<div class=\"elementor-element elementor-element-430a35c elementor-widget elementor-widget-image\" data-id=\"430a35c\" data-element_type=\"widget\" data-widget_type=\"image.default\">\n\t\t\t\t<div class=\"elementor-widget-container\">\n\t\t\t\t\t\t\t\t\t\t\t\t\t\t\t<img loading=\"lazy\" decoding=\"async\" width=\"202\" height=\"448\" src=\"https:\/\/ateramex.com.mx\/wp-content\/uploads\/2024\/05\/Air-Guard-chico-2.jpg\" class=\"attachment-large size-large\" alt=\"Indice de Calidad del Aire App\" srcset=\"https:\/\/ateramex.com.mx\/wp-content\/uploads\/2024\/05\/Air-Guard-chico-2.jpg 202w, https:\/\/ateramex.com.mx\/wp-content\/uploads\/2024\/05\/Air-Guard-chico-2-135x300.jpg 135w\" sizes=\"(max-width: 202px) 100vw, 202px\" \/>\t\t\t\t\t\t\t\t\t\t\t\t\t\t\t<\/div>\n\t\t\t\t<\/div>\n\t\t\t\t\t<\/div>\n\t\t<\/div>\n\t\t\t\t<div class=\"elementor-column elementor-col-50 elementor-inner-column elementor-element elementor-element-91deda0\" data-id=\"91deda0\" data-element_type=\"column\">\n\t\t\t<div class=\"elementor-widget-wrap elementor-element-populated\">\n\t\t\t\t\t\t\t\t<div class=\"elementor-element elementor-element-a499989 elementor-widget elementor-widget-heading\" data-id=\"a499989\" data-element_type=\"widget\" data-widget_type=\"heading.default\">\n\t\t\t\t<div class=\"elementor-widget-container\">\n\t\t\t<style>\/*! elementor - v3.8.1 - 13-11-2022 *\/\n.elementor-heading-title{padding:0;margin:0;line-height:1}.elementor-widget-heading .elementor-heading-title[class*=elementor-size-]>a{color:inherit;font-size:inherit;line-height:inherit}.elementor-widget-heading .elementor-heading-title.elementor-size-small{font-size:15px}.elementor-widget-heading .elementor-heading-title.elementor-size-medium{font-size:19px}.elementor-widget-heading .elementor-heading-title.elementor-size-large{font-size:29px}.elementor-widget-heading .elementor-heading-title.elementor-size-xl{font-size:39px}.elementor-widget-heading .elementor-heading-title.elementor-size-xxl{font-size:59px}<\/style><h2 class=\"elementor-heading-title elementor-size-default\">EOLOZON-EURO3 Datos T\u00e9cnicos<\/h2>\t\t<\/div>\n\t\t\t\t<\/div>\n\t\t\t\t<div class=\"elementor-element elementor-element-9d3219f elementor-widget elementor-widget-text-editor\" data-id=\"9d3219f\" data-element_type=\"widget\" data-widget_type=\"text-editor.default\">\n\t\t\t\t<div class=\"elementor-widget-container\">\n\t\t\t<style>\/*! elementor - v3.8.1 - 13-11-2022 *\/\n.elementor-widget-text-editor.elementor-drop-cap-view-stacked .elementor-drop-cap{background-color:#818a91;color:#fff}.elementor-widget-text-editor.elementor-drop-cap-view-framed .elementor-drop-cap{color:#818a91;border:3px solid;background-color:transparent}.elementor-widget-text-editor:not(.elementor-drop-cap-view-default) .elementor-drop-cap{margin-top:8px}.elementor-widget-text-editor:not(.elementor-drop-cap-view-default) .elementor-drop-cap-letter{width:1em;height:1em}.elementor-widget-text-editor .elementor-drop-cap{float:left;text-align:center;line-height:1;font-size:50px}.elementor-widget-text-editor .elementor-drop-cap-letter{display:inline-block}<\/style>\t\t\t\t<p>Volumen de trabajo:\u00a0<\/p><p>EOLOZON 250:\u00a0 \u00a0de 1 a 250 m3<\/p><p>EOLOZON 500:\u00a0 de 1 a 500 m3<\/p><p>Voltaje de alimentaci\u00f3n: 12 VDC. Viene incluida una fuente de alimentaci\u00f3n con entrada de 120 o 220 VCA.<\/p><p><strong>Potencia consumida:<\/strong><\/p><p>M\u00f3dulo generador ozono EOLOZON 250:\u00a0 \u00a0 \u00a0 \u00a0 \u00a0 \u00a0 \u00a08 W<\/p><p>M\u00f3dulo generador ozono EOLOZON 500:\u00a0 \u00a0 \u00a0 \u00a0 \u00a0 \u00a012 W<\/p><p>M\u00f3dulo nariz electr\u00f3nica EURO3: \u00a0\u00a0\u00a0\u00a0\u00a0\u00a0 0.1 W<\/p><p>Capacidad de generaci\u00f3n de ozono: 500 mgr\/hr m\u00e1ximo<\/p><p>Tiempo de espera para notar cambios en la calidad del aire:\u00a0 10 a 40 min despu\u00e9s de empezar a producir ozono.<\/p><p>Concentraci\u00f3n del ambiente: Ajustable de 0.05 ppm a 0.1 ppm (50 a 100 ppb)<\/p><p><strong>Distancia de comunicaci\u00f3n entre EOLOZON y EURO3: <\/strong><\/p><p>100 m sin obst\u00e1culos entre los dispositivos.<\/p><p>10 m pasando una pared de tabique y cemento de 20 cm de espesor.<\/p><p>Expandible indefinidamente con repetidoras Wifi.<\/p><p><strong>Tama\u00f1o y peso<\/strong><\/p><p>M\u00f3dulo EOLOZON 300 y 1000: 19 x 12.5 x 4.5 cm; 0.5 kg.<\/p><p>Nariz Electr\u00f3nica EURO3: 11x 7 x 4cm; 50 g<\/p><p><strong>Informaci\u00f3n obtenida por la nariz EURO3<\/strong><\/p><p>Concentraci\u00f3n de O3<\/p><p>\u00cdndice de calidad del aire ICA<br \/>CO2 ppm<\/p><p>Humedad relativa<\/p><p>Presi\u00f3n atmosf\u00e9rica<\/p><p>Tiene 2 leds que cambian de color de acuerdo al ICA y al nivel de O3<br \/>La informaci\u00f3n puede verse remotamente con el Display Lektor 3<\/p>\t\t\t\t\t\t<\/div>\n\t\t\t\t<\/div>\n\t\t\t\t\t<\/div>\n\t\t<\/div>\n\t\t\t\t\t\t\t<\/div>\n\t\t<\/section>\n\t\t\t\t\t<\/div>\n\t\t<\/div>\n\t\t\t\t\t\t\t<\/div>\n\t\t<\/section>\n\t\t\t\t\t\t\t<\/div>\n\t\t","protected":false},"excerpt":{"rendered":"<p>EOLOZON-EURO3 Datos T\u00e9cnicos Volumen de trabajo:\u00a0 EOLOZON 250:\u00a0 \u00a0de 1 a 250 m3 EOLOZON 500:\u00a0 de 1 a 500 m3 Voltaje de alimentaci\u00f3n: 12 VDC. Viene incluida una fuente de alimentaci\u00f3n con entrada de 120 o 220 VCA. Potencia consumida: M\u00f3dulo generador ozono EOLOZON 250:\u00a0 \u00a0 \u00a0 \u00a0 \u00a0 \u00a0 \u00a08 W M\u00f3dulo generador ozono &hellip;<\/p>\n<p class=\"read-more\"> <a class=\"\" href=\"https:\/\/ateramex.com.mx\/index.php\/eolozon-euro3-datos-tecnicos\/\"> <span class=\"screen-reader-text\">EOLOZON-EURO3 Datos T\u00e9cnicos<\/span> Leer m\u00e1s &raquo;<\/a><\/p>\n","protected":false},"author":1,"featured_media":0,"parent":0,"menu_order":0,"comment_status":"closed","ping_status":"closed","template":"","meta":{"om_disable_all_campaigns":false,"_uf_show_specific_survey":0,"_uf_disable_surveys":false,"site-sidebar-layout":"no-sidebar","site-content-layout":"page-builder","ast-global-header-display":"","ast-main-header-display":"","ast-hfb-above-header-display":"","ast-hfb-below-header-display":"","ast-hfb-mobile-header-display":"","site-post-title":"disabled","ast-breadcrumbs-content":"","ast-featured-img":"disabled","footer-sml-layout":"","theme-transparent-header-meta":"","adv-header-id-meta":"","stick-header-meta":"","header-above-stick-meta":"","header-main-stick-meta":"","header-below-stick-meta":"","_joinchat":[],"footnotes":""},"aioseo_notices":[],"_links":{"self":[{"href":"https:\/\/ateramex.com.mx\/index.php\/wp-json\/wp\/v2\/pages\/2349"}],"collection":[{"href":"https:\/\/ateramex.com.mx\/index.php\/wp-json\/wp\/v2\/pages"}],"about":[{"href":"https:\/\/ateramex.com.mx\/index.php\/wp-json\/wp\/v2\/types\/page"}],"author":[{"embeddable":true,"href":"https:\/\/ateramex.com.mx\/index.php\/wp-json\/wp\/v2\/users\/1"}],"replies":[{"embeddable":true,"href":"https:\/\/ateramex.com.mx\/index.php\/wp-json\/wp\/v2\/comments?post=2349"}],"version-history":[{"count":70,"href":"https:\/\/ateramex.com.mx\/index.php\/wp-json\/wp\/v2\/pages\/2349\/revisions"}],"predecessor-version":[{"id":4233,"href":"https:\/\/ateramex.com.mx\/index.php\/wp-json\/wp\/v2\/pages\/2349\/revisions\/4233"}],"wp:attachment":[{"href":"https:\/\/ateramex.com.mx\/index.php\/wp-json\/wp\/v2\/media?parent=2349"}],"curies":[{"name":"wp","href":"https:\/\/api.w.org\/{rel}","templated":true}]}}