{"id":2615,"date":"2024-08-22T16:22:12","date_gmt":"2024-08-22T22:22:12","guid":{"rendered":"https:\/\/ateramex.com.mx\/?page_id=2615"},"modified":"2025-12-09T11:37:08","modified_gmt":"2025-12-09T17:37:08","slug":"nariz-electronica-euro3-medicion-del-ica-y-ozono","status":"publish","type":"page","link":"https:\/\/ateramex.com.mx\/index.php\/nariz-electronica-euro3-medicion-del-ica-y-ozono\/","title":{"rendered":"Nariz Electr\u00f3nica Euro3 Medici\u00f3n de Niveles de Contaminaci\u00f3n del Aire"},"content":{"rendered":"\t\t<div data-elementor-type=\"wp-page\" data-elementor-id=\"2615\" class=\"elementor elementor-2615\">\n\t\t\t\t\t\t\t\t\t<section class=\"elementor-section elementor-top-section elementor-element elementor-element-5d03a48 elementor-section-boxed elementor-section-height-default elementor-section-height-default\" data-id=\"5d03a48\" data-element_type=\"section\">\n\t\t\t\t\t\t<div class=\"elementor-container elementor-column-gap-default\">\n\t\t\t\t\t<div class=\"elementor-column elementor-col-100 elementor-top-column elementor-element elementor-element-aacea3e\" data-id=\"aacea3e\" data-element_type=\"column\">\n\t\t\t<div class=\"elementor-widget-wrap elementor-element-populated\">\n\t\t\t\t\t\t\t\t<section class=\"elementor-section elementor-inner-section elementor-element elementor-element-1d23a53 elementor-section-boxed elementor-section-height-default elementor-section-height-default\" data-id=\"1d23a53\" data-element_type=\"section\">\n\t\t\t\t\t\t<div class=\"elementor-container elementor-column-gap-default\">\n\t\t\t\t\t<div class=\"elementor-column elementor-col-50 elementor-inner-column elementor-element elementor-element-c878f1f\" data-id=\"c878f1f\" data-element_type=\"column\">\n\t\t\t<div class=\"elementor-widget-wrap elementor-element-populated\">\n\t\t\t\t\t\t\t\t<div class=\"elementor-element elementor-element-343f626 elementor-widget elementor-widget-image\" data-id=\"343f626\" data-element_type=\"widget\" data-widget_type=\"image.default\">\n\t\t\t\t<div class=\"elementor-widget-container\">\n\t\t\t<style>\/*! elementor - v3.8.1 - 13-11-2022 *\/\n.elementor-widget-image{text-align:center}.elementor-widget-image a{display:inline-block}.elementor-widget-image a img[src$=\".svg\"]{width:48px}.elementor-widget-image img{vertical-align:middle;display:inline-block}<\/style>\t\t\t\t\t\t\t\t\t\t\t\t<img loading=\"lazy\" decoding=\"async\" width=\"924\" height=\"976\" src=\"https:\/\/ateramex.com.mx\/wp-content\/uploads\/2025\/12\/Nariz-leds-1.jpg\" class=\"attachment-large size-large\" alt=\"Nariz Electronica EURO3\" srcset=\"https:\/\/ateramex.com.mx\/wp-content\/uploads\/2025\/12\/Nariz-leds-1.jpg 924w, https:\/\/ateramex.com.mx\/wp-content\/uploads\/2025\/12\/Nariz-leds-1-284x300.jpg 284w, https:\/\/ateramex.com.mx\/wp-content\/uploads\/2025\/12\/Nariz-leds-1-768x811.jpg 768w, https:\/\/ateramex.com.mx\/wp-content\/uploads\/2025\/12\/Nariz-leds-1-600x634.jpg 600w\" sizes=\"(max-width: 924px) 100vw, 924px\" \/>\t\t\t\t\t\t\t\t\t\t\t\t\t\t\t<\/div>\n\t\t\t\t<\/div>\n\t\t\t\t<div class=\"elementor-element elementor-element-490c181 elementor-widget elementor-widget-image\" data-id=\"490c181\" data-element_type=\"widget\" data-widget_type=\"image.default\">\n\t\t\t\t<div class=\"elementor-widget-container\">\n\t\t\t\t\t\t\t\t\t\t\t\t\t\t\t<img loading=\"lazy\" decoding=\"async\" width=\"1024\" height=\"628\" src=\"https:\/\/ateramex.com.mx\/wp-content\/uploads\/2025\/12\/Lektorverde-3-1024x628.jpg\" class=\"attachment-large size-large\" alt=\"Lektor 3\" srcset=\"https:\/\/ateramex.com.mx\/wp-content\/uploads\/2025\/12\/Lektorverde-3-1024x628.jpg 1024w, https:\/\/ateramex.com.mx\/wp-content\/uploads\/2025\/12\/Lektorverde-3-300x184.jpg 300w, https:\/\/ateramex.com.mx\/wp-content\/uploads\/2025\/12\/Lektorverde-3-768x471.jpg 768w, https:\/\/ateramex.com.mx\/wp-content\/uploads\/2025\/12\/Lektorverde-3-1320x810.jpg 1320w, https:\/\/ateramex.com.mx\/wp-content\/uploads\/2025\/12\/Lektorverde-3-600x368.jpg 600w, https:\/\/ateramex.com.mx\/wp-content\/uploads\/2025\/12\/Lektorverde-3.jpg 1366w\" sizes=\"(max-width: 1024px) 100vw, 1024px\" \/>\t\t\t\t\t\t\t\t\t\t\t\t\t\t\t<\/div>\n\t\t\t\t<\/div>\n\t\t\t\t<div class=\"elementor-element elementor-element-ab2306e elementor-widget elementor-widget-image\" data-id=\"ab2306e\" data-element_type=\"widget\" data-widget_type=\"image.default\">\n\t\t\t\t<div class=\"elementor-widget-container\">\n\t\t\t\t\t\t\t\t\t\t\t\t\t\t\t<img loading=\"lazy\" decoding=\"async\" width=\"1024\" height=\"1022\" src=\"https:\/\/ateramex.com.mx\/wp-content\/uploads\/2025\/12\/Nariz-atras-1024x1022.jpg\" class=\"attachment-large size-large\" alt=\"Nariz EURO3 Atras\" srcset=\"https:\/\/ateramex.com.mx\/wp-content\/uploads\/2025\/12\/Nariz-atras-1024x1022.jpg 1024w, https:\/\/ateramex.com.mx\/wp-content\/uploads\/2025\/12\/Nariz-atras-300x300.jpg 300w, https:\/\/ateramex.com.mx\/wp-content\/uploads\/2025\/12\/Nariz-atras-150x150.jpg 150w, https:\/\/ateramex.com.mx\/wp-content\/uploads\/2025\/12\/Nariz-atras-768x767.jpg 768w, https:\/\/ateramex.com.mx\/wp-content\/uploads\/2025\/12\/Nariz-atras-600x599.jpg 600w, https:\/\/ateramex.com.mx\/wp-content\/uploads\/2025\/12\/Nariz-atras-100x100.jpg 100w, https:\/\/ateramex.com.mx\/wp-content\/uploads\/2025\/12\/Nariz-atras.jpg 1060w\" sizes=\"(max-width: 1024px) 100vw, 1024px\" \/>\t\t\t\t\t\t\t\t\t\t\t\t\t\t\t<\/div>\n\t\t\t\t<\/div>\n\t\t\t\t<div class=\"elementor-element elementor-element-5b00196 elementor-widget elementor-widget-image\" data-id=\"5b00196\" data-element_type=\"widget\" data-widget_type=\"image.default\">\n\t\t\t\t<div class=\"elementor-widget-container\">\n\t\t\t\t\t\t\t\t\t\t\t\t\t\t\t<img loading=\"lazy\" decoding=\"async\" width=\"202\" height=\"448\" src=\"https:\/\/ateramex.com.mx\/wp-content\/uploads\/2024\/05\/Air-Guard-chico-2.jpg\" class=\"attachment-large size-large\" alt=\"Indice de Calidad del Aire App\" srcset=\"https:\/\/ateramex.com.mx\/wp-content\/uploads\/2024\/05\/Air-Guard-chico-2.jpg 202w, https:\/\/ateramex.com.mx\/wp-content\/uploads\/2024\/05\/Air-Guard-chico-2-135x300.jpg 135w\" sizes=\"(max-width: 202px) 100vw, 202px\" \/>\t\t\t\t\t\t\t\t\t\t\t\t\t\t\t<\/div>\n\t\t\t\t<\/div>\n\t\t\t\t\t<\/div>\n\t\t<\/div>\n\t\t\t\t<div class=\"elementor-column elementor-col-50 elementor-inner-column elementor-element elementor-element-bf0f0e7\" data-id=\"bf0f0e7\" data-element_type=\"column\">\n\t\t\t<div class=\"elementor-widget-wrap elementor-element-populated\">\n\t\t\t\t\t\t\t\t<div class=\"elementor-element elementor-element-1689f9c elementor-widget elementor-widget-heading\" data-id=\"1689f9c\" data-element_type=\"widget\" data-widget_type=\"heading.default\">\n\t\t\t\t<div class=\"elementor-widget-container\">\n\t\t\t<style>\/*! elementor - v3.8.1 - 13-11-2022 *\/\n.elementor-heading-title{padding:0;margin:0;line-height:1}.elementor-widget-heading .elementor-heading-title[class*=elementor-size-]>a{color:inherit;font-size:inherit;line-height:inherit}.elementor-widget-heading .elementor-heading-title.elementor-size-small{font-size:15px}.elementor-widget-heading .elementor-heading-title.elementor-size-medium{font-size:19px}.elementor-widget-heading .elementor-heading-title.elementor-size-large{font-size:29px}.elementor-widget-heading .elementor-heading-title.elementor-size-xl{font-size:39px}.elementor-widget-heading .elementor-heading-title.elementor-size-xxl{font-size:59px}<\/style><h1 class=\"elementor-heading-title elementor-size-large\">Nariz Electr\u00f3nica Euro3 - Medici\u00f3n del Indice de Calidad del Aire y Ozono<\/h1>\t\t<\/div>\n\t\t\t\t<\/div>\n\t\t\t\t<div class=\"elementor-element elementor-element-50c9298 elementor-widget elementor-widget-text-editor\" data-id=\"50c9298\" data-element_type=\"widget\" data-widget_type=\"text-editor.default\">\n\t\t\t\t<div class=\"elementor-widget-container\">\n\t\t\t<style>\/*! elementor - v3.8.1 - 13-11-2022 *\/\n.elementor-widget-text-editor.elementor-drop-cap-view-stacked .elementor-drop-cap{background-color:#818a91;color:#fff}.elementor-widget-text-editor.elementor-drop-cap-view-framed .elementor-drop-cap{color:#818a91;border:3px solid;background-color:transparent}.elementor-widget-text-editor:not(.elementor-drop-cap-view-default) .elementor-drop-cap{margin-top:8px}.elementor-widget-text-editor:not(.elementor-drop-cap-view-default) .elementor-drop-cap-letter{width:1em;height:1em}.elementor-widget-text-editor .elementor-drop-cap{float:left;text-align:center;line-height:1;font-size:50px}.elementor-widget-text-editor .elementor-drop-cap-letter{display:inline-block}<\/style>\t\t\t\t<p>La Nariz Electr\u00f3nica EURO3 es una unidad para medir el indice de contaminaci\u00f3n ambiental. Utiliza el sensor Bosch BME-680 para obtener el \u00cdndice de Calidad de Aire (ICA) en el ambiente. Tiene otros sensores para monitorear el ambiente: Sensor de concentraci\u00f3n de ozono (0 a 2 ppm con resoluci\u00f3n de 0.001 ppm), humedad relativa y presi\u00f3n barom\u00e9trica. La informaci\u00f3n se puede consultar via Bluetooth bajando la aplicaci\u00f3n <strong>Ateramex Air Guard\u00a0<\/strong>en cualquier dispositivo Android o tambi\u00e9n con el Display Inteligente Lektor 3. Tiene 2\u00a0 Leds que cambian de color de acuerdo al ICA y al nivel de O3.<\/p><p><b>\u00bfQu\u00e9 tipos de gases se pueden detectar\u00a0 para calcular el \u00cdndice de Calidad del Aire?<\/b><\/p><p>Puede detectar una amplia gama de gases para medir la calidad del aire (ICA) en el cuidado de su salud. Los gases que puede detectar incluyen miles de compuestos org\u00e1nicos vol\u00e1tiles (COV) tales como de pinturas (como formaldeh\u00eddo), lacas, decapantes, productos de limpieza, muebles, equipos de oficina, pegamentos, adhesivos y alcohol entre otros.<\/p>\t\t\t\t\t\t<\/div>\n\t\t\t\t<\/div>\n\t\t\t\t<div class=\"elementor-element elementor-element-f43721f elementor-widget elementor-widget-heading\" data-id=\"f43721f\" data-element_type=\"widget\" data-widget_type=\"heading.default\">\n\t\t\t\t<div class=\"elementor-widget-container\">\n\t\t\t<h2 class=\"elementor-heading-title elementor-size-default\">Datos T\u00e9cnicos<\/h2>\t\t<\/div>\n\t\t\t\t<\/div>\n\t\t\t\t<div class=\"elementor-element elementor-element-5aa1d58 elementor-widget elementor-widget-text-editor\" data-id=\"5aa1d58\" data-element_type=\"widget\" data-widget_type=\"text-editor.default\">\n\t\t\t\t<div class=\"elementor-widget-container\">\n\t\t\t\t\t\t\t<p>Voltaje de alimentaci\u00f3n: 12 VDC. Viene incluida una fuente de alimentaci\u00f3n con entrada de 120 o 220 VCA.<\/p><p>Potencia consumida:\u00a0<span style=\"background-color: var(--ast-global-color-5); color: var(--ast-global-color-3); font-style: inherit; font-weight: inherit;\">\u00a00.1 W<\/span><\/p><p>Distancia de comunicaci\u00f3n: 5 m aprox.<\/p><p>Tama\u00f1o y peso: 11 x 7 x 4 cm; 50 g<\/p><p style=\"text-align: center;\"><strong>Informaci\u00f3n obtenida por EURO3<\/strong><\/p><p>Concentraci\u00f3n de O3: 0 a 2 ppm resoluci\u00f3n de 0.001 ppm<\/p><p>\u00cdndice de calidad del aire ICA (0 a 500)<br \/>CO2 de 0 a 10,000 ppm<\/p><p>Humedad relativa<\/p><p>Presi\u00f3n atmosf\u00e9rica<\/p><p>Tiene 2 Leds que indican con su color el ICA y nivel de O3<\/p><p>Los datos se pueden ver en el Display Lektor 3<\/p>\t\t\t\t\t\t<\/div>\n\t\t\t\t<\/div>\n\t\t\t\t\t<\/div>\n\t\t<\/div>\n\t\t\t\t\t\t\t<\/div>\n\t\t<\/section>\n\t\t\t\t\t<\/div>\n\t\t<\/div>\n\t\t\t\t\t\t\t<\/div>\n\t\t<\/section>\n\t\t\t\t\t\t\t<\/div>\n\t\t","protected":false},"excerpt":{"rendered":"<p>Nariz Electr\u00f3nica Euro3 &#8211; Medici\u00f3n del Indice de Calidad del Aire y Ozono La Nariz Electr\u00f3nica EURO3 es una unidad para medir el indice de contaminaci\u00f3n ambiental. Utiliza el sensor Bosch BME-680 para obtener el \u00cdndice de Calidad de Aire (ICA) en el ambiente. Tiene otros sensores para monitorear el ambiente: Sensor de concentraci\u00f3n de &hellip;<\/p>\n<p class=\"read-more\"> <a class=\"\" href=\"https:\/\/ateramex.com.mx\/index.php\/nariz-electronica-euro3-medicion-del-ica-y-ozono\/\"> <span class=\"screen-reader-text\">Nariz Electr\u00f3nica Euro3 Medici\u00f3n de Niveles de Contaminaci\u00f3n del Aire<\/span> Leer m\u00e1s &raquo;<\/a><\/p>\n","protected":false},"author":1,"featured_media":0,"parent":0,"menu_order":0,"comment_status":"closed","ping_status":"closed","template":"","meta":{"om_disable_all_campaigns":false,"_uf_show_specific_survey":0,"_uf_disable_surveys":false,"site-sidebar-layout":"no-sidebar","site-content-layout":"page-builder","ast-global-header-display":"","ast-main-header-display":"","ast-hfb-above-header-display":"","ast-hfb-below-header-display":"","ast-hfb-mobile-header-display":"","site-post-title":"disabled","ast-breadcrumbs-content":"","ast-featured-img":"disabled","footer-sml-layout":"","theme-transparent-header-meta":"","adv-header-id-meta":"","stick-header-meta":"","header-above-stick-meta":"","header-main-stick-meta":"","header-below-stick-meta":"","_joinchat":[],"footnotes":""},"aioseo_notices":[],"_links":{"self":[{"href":"https:\/\/ateramex.com.mx\/index.php\/wp-json\/wp\/v2\/pages\/2615"}],"collection":[{"href":"https:\/\/ateramex.com.mx\/index.php\/wp-json\/wp\/v2\/pages"}],"about":[{"href":"https:\/\/ateramex.com.mx\/index.php\/wp-json\/wp\/v2\/types\/page"}],"author":[{"embeddable":true,"href":"https:\/\/ateramex.com.mx\/index.php\/wp-json\/wp\/v2\/users\/1"}],"replies":[{"embeddable":true,"href":"https:\/\/ateramex.com.mx\/index.php\/wp-json\/wp\/v2\/comments?post=2615"}],"version-history":[{"count":91,"href":"https:\/\/ateramex.com.mx\/index.php\/wp-json\/wp\/v2\/pages\/2615\/revisions"}],"predecessor-version":[{"id":4227,"href":"https:\/\/ateramex.com.mx\/index.php\/wp-json\/wp\/v2\/pages\/2615\/revisions\/4227"}],"wp:attachment":[{"href":"https:\/\/ateramex.com.mx\/index.php\/wp-json\/wp\/v2\/media?parent=2615"}],"curies":[{"name":"wp","href":"https:\/\/api.w.org\/{rel}","templated":true}]}}