{"id":4185,"date":"2025-12-09T09:19:18","date_gmt":"2025-12-09T15:19:18","guid":{"rendered":"https:\/\/ateramex.com.mx\/?page_id=4185"},"modified":"2026-01-30T16:29:23","modified_gmt":"2026-01-30T22:29:23","slug":"lektor-3-display-inteligente","status":"publish","type":"page","link":"https:\/\/ateramex.com.mx\/index.php\/lektor-3-display-inteligente\/","title":{"rendered":"Lektor 3 Display Inteligente"},"content":{"rendered":"\t\t<div data-elementor-type=\"wp-page\" data-elementor-id=\"4185\" class=\"elementor elementor-4185\">\n\t\t\t\t\t\t\t\t\t<section class=\"elementor-section elementor-top-section elementor-element elementor-element-d88cf97 elementor-section-boxed elementor-section-height-default elementor-section-height-default\" data-id=\"d88cf97\" data-element_type=\"section\">\n\t\t\t\t\t\t<div class=\"elementor-container elementor-column-gap-default\">\n\t\t\t\t\t<div class=\"elementor-column elementor-col-100 elementor-top-column elementor-element elementor-element-cdef991\" data-id=\"cdef991\" data-element_type=\"column\">\n\t\t\t<div class=\"elementor-widget-wrap elementor-element-populated\">\n\t\t\t\t\t\t\t\t<section class=\"elementor-section elementor-inner-section elementor-element elementor-element-8b6b02a elementor-section-boxed elementor-section-height-default elementor-section-height-default\" data-id=\"8b6b02a\" data-element_type=\"section\">\n\t\t\t\t\t\t<div class=\"elementor-container elementor-column-gap-default\">\n\t\t\t\t\t<div class=\"elementor-column elementor-col-50 elementor-inner-column elementor-element elementor-element-698a3de\" data-id=\"698a3de\" data-element_type=\"column\">\n\t\t\t<div class=\"elementor-widget-wrap elementor-element-populated\">\n\t\t\t\t\t\t\t\t<div class=\"elementor-element elementor-element-2f0e687 elementor-widget elementor-widget-image\" data-id=\"2f0e687\" data-element_type=\"widget\" data-widget_type=\"image.default\">\n\t\t\t\t<div class=\"elementor-widget-container\">\n\t\t\t<style>\/*! elementor - v3.8.1 - 13-11-2022 *\/\n.elementor-widget-image{text-align:center}.elementor-widget-image a{display:inline-block}.elementor-widget-image a img[src$=\".svg\"]{width:48px}.elementor-widget-image img{vertical-align:middle;display:inline-block}<\/style>\t\t\t\t\t\t\t\t\t\t\t\t<img loading=\"lazy\" decoding=\"async\" width=\"1024\" height=\"628\" src=\"https:\/\/ateramex.com.mx\/wp-content\/uploads\/2025\/12\/Lektorverde-3-1024x628.jpg\" class=\"attachment-large size-large\" alt=\"Lektor 3\" srcset=\"https:\/\/ateramex.com.mx\/wp-content\/uploads\/2025\/12\/Lektorverde-3-1024x628.jpg 1024w, https:\/\/ateramex.com.mx\/wp-content\/uploads\/2025\/12\/Lektorverde-3-300x184.jpg 300w, https:\/\/ateramex.com.mx\/wp-content\/uploads\/2025\/12\/Lektorverde-3-768x471.jpg 768w, https:\/\/ateramex.com.mx\/wp-content\/uploads\/2025\/12\/Lektorverde-3-1320x810.jpg 1320w, https:\/\/ateramex.com.mx\/wp-content\/uploads\/2025\/12\/Lektorverde-3-600x368.jpg 600w, https:\/\/ateramex.com.mx\/wp-content\/uploads\/2025\/12\/Lektorverde-3.jpg 1366w\" sizes=\"(max-width: 1024px) 100vw, 1024px\" \/>\t\t\t\t\t\t\t\t\t\t\t\t\t\t\t<\/div>\n\t\t\t\t<\/div>\n\t\t\t\t<div class=\"elementor-element elementor-element-24cd4cf elementor-widget elementor-widget-image\" data-id=\"24cd4cf\" data-element_type=\"widget\" data-widget_type=\"image.default\">\n\t\t\t\t<div class=\"elementor-widget-container\">\n\t\t\t\t\t\t\t\t\t\t\t\t\t\t\t<img loading=\"lazy\" decoding=\"async\" width=\"1024\" height=\"560\" src=\"https:\/\/ateramex.com.mx\/wp-content\/uploads\/2025\/12\/Lektoramarojo-1024x560.jpg\" class=\"attachment-large size-large\" alt=\"Lektor 3 Display Inteligente\" srcset=\"https:\/\/ateramex.com.mx\/wp-content\/uploads\/2025\/12\/Lektoramarojo-1024x560.jpg 1024w, https:\/\/ateramex.com.mx\/wp-content\/uploads\/2025\/12\/Lektoramarojo-300x164.jpg 300w, https:\/\/ateramex.com.mx\/wp-content\/uploads\/2025\/12\/Lektoramarojo-768x420.jpg 768w, https:\/\/ateramex.com.mx\/wp-content\/uploads\/2025\/12\/Lektoramarojo-600x328.jpg 600w, https:\/\/ateramex.com.mx\/wp-content\/uploads\/2025\/12\/Lektoramarojo.jpg 1284w\" sizes=\"(max-width: 1024px) 100vw, 1024px\" \/>\t\t\t\t\t\t\t\t\t\t\t\t\t\t\t<\/div>\n\t\t\t\t<\/div>\n\t\t\t\t\t<\/div>\n\t\t<\/div>\n\t\t\t\t<div class=\"elementor-column elementor-col-50 elementor-inner-column elementor-element elementor-element-e3524a5\" data-id=\"e3524a5\" data-element_type=\"column\">\n\t\t\t<div class=\"elementor-widget-wrap elementor-element-populated\">\n\t\t\t\t\t\t\t\t<div class=\"elementor-element elementor-element-7c28b26 elementor-widget elementor-widget-heading\" data-id=\"7c28b26\" data-element_type=\"widget\" data-widget_type=\"heading.default\">\n\t\t\t\t<div class=\"elementor-widget-container\">\n\t\t\t<style>\/*! elementor - v3.8.1 - 13-11-2022 *\/\n.elementor-heading-title{padding:0;margin:0;line-height:1}.elementor-widget-heading .elementor-heading-title[class*=elementor-size-]>a{color:inherit;font-size:inherit;line-height:inherit}.elementor-widget-heading .elementor-heading-title.elementor-size-small{font-size:15px}.elementor-widget-heading .elementor-heading-title.elementor-size-medium{font-size:19px}.elementor-widget-heading .elementor-heading-title.elementor-size-large{font-size:29px}.elementor-widget-heading .elementor-heading-title.elementor-size-xl{font-size:39px}.elementor-widget-heading .elementor-heading-title.elementor-size-xxl{font-size:59px}<\/style><h2 class=\"elementor-heading-title elementor-size-default\">Lektor 3 \u2013 Display para monitoreo de calidad del aire interior<\/h2>\t\t<\/div>\n\t\t\t\t<\/div>\n\t\t\t\t<div class=\"elementor-element elementor-element-db98498 elementor-widget elementor-widget-text-editor\" data-id=\"db98498\" data-element_type=\"widget\" data-widget_type=\"text-editor.default\">\n\t\t\t\t<div class=\"elementor-widget-container\">\n\t\t\t<style>\/*! elementor - v3.8.1 - 13-11-2022 *\/\n.elementor-widget-text-editor.elementor-drop-cap-view-stacked .elementor-drop-cap{background-color:#818a91;color:#fff}.elementor-widget-text-editor.elementor-drop-cap-view-framed .elementor-drop-cap{color:#818a91;border:3px solid;background-color:transparent}.elementor-widget-text-editor:not(.elementor-drop-cap-view-default) .elementor-drop-cap{margin-top:8px}.elementor-widget-text-editor:not(.elementor-drop-cap-view-default) .elementor-drop-cap-letter{width:1em;height:1em}.elementor-widget-text-editor .elementor-drop-cap{float:left;text-align:center;line-height:1;font-size:50px}.elementor-widget-text-editor .elementor-drop-cap-letter{display:inline-block}<\/style>\t\t\t\t<p data-start=\"654\" data-end=\"1121\">El <strong data-start=\"657\" data-end=\"669\">Lektor 3<\/strong> es un display circular inteligente de <strong data-start=\"708\" data-end=\"730\">4.5 cm de di\u00e1metro<\/strong>, dise\u00f1ado para la visualizaci\u00f3n en tiempo real de los principales par\u00e1metros de la <strong data-start=\"814\" data-end=\"848\">calidad del aire en interiores<\/strong>. Este dispositivo muestra de forma clara el <strong data-start=\"893\" data-end=\"929\">\u00cdndice de Calidad del Aire (ICA)<\/strong>, el <strong data-start=\"935\" data-end=\"960\">nivel de ozono (O\u2083)<\/strong>, la <strong data-start=\"965\" data-end=\"985\">humedad relativa<\/strong>, la <strong data-start=\"990\" data-end=\"1005\">temperatura<\/strong> y la <strong data-start=\"1011\" data-end=\"1034\">presi\u00f3n barom\u00e9trica<\/strong>, recibiendo la informaci\u00f3n de manera inal\u00e1mbrica desde la nariz electr\u00f3nica <strong data-start=\"1111\" data-end=\"1120\">EURO3<\/strong>.<\/p><p data-start=\"1123\" data-end=\"1397\">Gracias a su integraci\u00f3n con el sensor ambiental de alta precisi\u00f3n EURO3, el <strong data-start=\"1194\" data-end=\"1206\">Lektor 3<\/strong> es ideal para el <strong data-start=\"1224\" data-end=\"1334\">monitoreo ambiental en hogares, oficinas, hospitales, cl\u00ednicas, laboratorios, escuelas y espacios cerrados<\/strong> donde se requiere un control constante de la calidad del aire.<\/p><p data-start=\"1123\" data-end=\"1397\">\u00a0<\/p><h2 style=\"text-align: left;\" data-start=\"1399\" data-end=\"1428\">\ud83d\udd39 Principales beneficios<\/h2><ul data-start=\"1430\" data-end=\"1746\"><li data-start=\"1430\" data-end=\"1492\"><p data-start=\"1432\" data-end=\"1492\">Monitoreo en tiempo real de la <strong data-start=\"1463\" data-end=\"1492\">calidad del aire interior<\/strong><\/p><\/li><li data-start=\"1493\" data-end=\"1549\"><p data-start=\"1495\" data-end=\"1549\">Visualizaci\u00f3n del <strong data-start=\"1513\" data-end=\"1549\">\u00cdndice de Calidad del Aire (ICA)<\/strong><\/p><\/li><li data-start=\"1550\" data-end=\"1647\"><p data-start=\"1552\" data-end=\"1647\">Visualizaci\u00f3n de <strong data-start=\"1580\" data-end=\"1594\">ozono (O\u2083)<\/strong>, humedad relativa, temperatura y presi\u00f3n barom\u00e9trica<\/p><\/li><li data-start=\"1648\" data-end=\"1695\"><p data-start=\"1650\" data-end=\"1695\">Compatible con la nariz electr\u00f3nica <strong data-start=\"1686\" data-end=\"1695\">EURO3<\/strong><\/p><\/li><li data-start=\"1696\" data-end=\"1746\"><p data-start=\"1698\" data-end=\"1746\">Dise\u00f1o circular compacto y moderno de <strong data-start=\"1736\" data-end=\"1746\">4.5 cm<\/strong><\/p><\/li><\/ul><h2 data-start=\"1748\" data-end=\"1767\">\ud83d\udd39 Aplicaciones<\/h2><p data-start=\"1769\" data-end=\"1799\">El <strong data-start=\"1772\" data-end=\"1784\">Lektor 3<\/strong> es ideal para:<\/p><ul data-start=\"1800\" data-end=\"1931\"><li data-start=\"1800\" data-end=\"1820\"><p data-start=\"1802\" data-end=\"1820\">Hogares y oficinas<\/p><\/li><li data-start=\"1821\" data-end=\"1844\"><p data-start=\"1823\" data-end=\"1844\">Hospitales y cl\u00ednicas<\/p><\/li><li data-start=\"1845\" data-end=\"1859\"><p data-start=\"1847\" data-end=\"1859\">Laboratorios<\/p><\/li><li data-start=\"1860\" data-end=\"1870\"><p data-start=\"1862\" data-end=\"1870\">Escuelas<\/p><\/li><li data-start=\"1871\" data-end=\"1893\"><p data-start=\"1873\" data-end=\"1893\">Consultorios m\u00e9dicos<\/p><\/li><li data-start=\"1894\" data-end=\"1931\"><p data-start=\"1896\" data-end=\"1931\">Espacios industriales y comerciales<\/p><\/li><\/ul><p data-start=\"1933\" data-end=\"2099\">Este dispositivo es una soluci\u00f3n eficiente y confiable para quienes buscan un <strong data-start=\"2011\" data-end=\"2063\">monitor de calidad del aire interior profesional<\/strong>, f\u00e1cil de usar y de alta precisi\u00f3n.<\/p>\t\t\t\t\t\t<\/div>\n\t\t\t\t<\/div>\n\t\t\t\t\t<\/div>\n\t\t<\/div>\n\t\t\t\t\t\t\t<\/div>\n\t\t<\/section>\n\t\t\t\t\t<\/div>\n\t\t<\/div>\n\t\t\t\t\t\t\t<\/div>\n\t\t<\/section>\n\t\t\t\t\t\t\t<\/div>\n\t\t","protected":false},"excerpt":{"rendered":"<p>Lektor 3 \u2013 Display para monitoreo de calidad del aire interior El Lektor 3 es un display circular inteligente de 4.5 cm de di\u00e1metro, dise\u00f1ado para la visualizaci\u00f3n en tiempo real de los principales par\u00e1metros de la calidad del aire en interiores. Este dispositivo muestra de forma clara el \u00cdndice de Calidad del Aire (ICA), &hellip;<\/p>\n<p class=\"read-more\"> <a class=\"\" href=\"https:\/\/ateramex.com.mx\/index.php\/lektor-3-display-inteligente\/\"> <span class=\"screen-reader-text\">Lektor 3 Display Inteligente<\/span> Leer m\u00e1s &raquo;<\/a><\/p>\n","protected":false},"author":1,"featured_media":0,"parent":0,"menu_order":0,"comment_status":"closed","ping_status":"closed","template":"","meta":{"om_disable_all_campaigns":false,"_uf_show_specific_survey":0,"_uf_disable_surveys":false,"site-sidebar-layout":"no-sidebar","site-content-layout":"page-builder","ast-global-header-display":"","ast-main-header-display":"","ast-hfb-above-header-display":"","ast-hfb-below-header-display":"","ast-hfb-mobile-header-display":"","site-post-title":"disabled","ast-breadcrumbs-content":"","ast-featured-img":"disabled","footer-sml-layout":"","theme-transparent-header-meta":"","adv-header-id-meta":"","stick-header-meta":"","header-above-stick-meta":"","header-main-stick-meta":"","header-below-stick-meta":"","_joinchat":[],"footnotes":""},"aioseo_notices":[],"_links":{"self":[{"href":"https:\/\/ateramex.com.mx\/index.php\/wp-json\/wp\/v2\/pages\/4185"}],"collection":[{"href":"https:\/\/ateramex.com.mx\/index.php\/wp-json\/wp\/v2\/pages"}],"about":[{"href":"https:\/\/ateramex.com.mx\/index.php\/wp-json\/wp\/v2\/types\/page"}],"author":[{"embeddable":true,"href":"https:\/\/ateramex.com.mx\/index.php\/wp-json\/wp\/v2\/users\/1"}],"replies":[{"embeddable":true,"href":"https:\/\/ateramex.com.mx\/index.php\/wp-json\/wp\/v2\/comments?post=4185"}],"version-history":[{"count":7,"href":"https:\/\/ateramex.com.mx\/index.php\/wp-json\/wp\/v2\/pages\/4185\/revisions"}],"predecessor-version":[{"id":4195,"href":"https:\/\/ateramex.com.mx\/index.php\/wp-json\/wp\/v2\/pages\/4185\/revisions\/4195"}],"wp:attachment":[{"href":"https:\/\/ateramex.com.mx\/index.php\/wp-json\/wp\/v2\/media?parent=4185"}],"curies":[{"name":"wp","href":"https:\/\/api.w.org\/{rel}","templated":true}]}}