{"id":1368,"date":"2022-12-03T11:05:23","date_gmt":"2022-12-03T17:05:23","guid":{"rendered":"https:\/\/ateramex.com.mx\/index.php\/producto\/hoodie-with-logo\/"},"modified":"2025-11-19T00:00:48","modified_gmt":"2025-11-19T06:00:48","slug":"ram3-medidor-analizador-de-ozono","status":"publish","type":"product","link":"https:\/\/ateramex.com.mx\/index.php\/producto\/ram3-medidor-analizador-de-ozono\/","title":{"rendered":"Medidor Analizador de Ozono RAM3"},"content":{"rendered":"<p class=\"font_8\">RAM3 es un medidor de concentraci\u00f3n de ozono (analizador de ozono), en una mezcla de ozono y ox\u00edgeno, a partir de la t\u00e9cnica de espectrofotometr\u00eda (utilizando la ley de Lambert \u2013 Beer) en la banda de Chappuis a 602 nm. Cuenta con compensaci\u00f3n por temperatura y presi\u00f3n de acuerdo a la altitud.<\/p>\n<p class=\"font_8\">Su rango de detecci\u00f3n es de \u00a00-200 ug\/ml (gammas) con resoluci\u00f3n de medici\u00f3n de 0.05 gamma, haci\u00e9ndolo perfecto para aplicaciones de ozonoterapia. Cuenta con pantalla t\u00e1ctil de 8 pulgadas que permite visualizar la informaci\u00f3n y cambiar de pantallas de manera f\u00e1cil e intuitiva.<\/p>\n<p class=\"font_8\">Los medidores que no cuentan con compensaci\u00f3n por temperatura y presi\u00f3n reducen su exactitud de manera dram\u00e1tica al tener errores de hasta 40% entre mediciones al nivel del mar y a 3000 mts de altitud y\/o a diferentes temperaturas. RAM3 resuelve este problema al compensar las mediciones fotom\u00e9tricas con estos factores.<\/p>\n<p class=\"font_8\">Los equipos generadores de ozono m\u00e9dico que utilizan tablas de concentraci\u00f3n y que fueron calibrados (de f\u00e1brica) para producir determinada concentraci\u00f3n de ozono con cierto flujo de ox\u00edgeno, deber\u00edan ser monitoreado con un medidor de espectrofotometr\u00eda como RAM3 ya que existen muchos factores de incertidumbre que podr\u00edan afectar la exactitud ofrecida en la concentraci\u00f3n de salida del equipo: Descalibraci\u00f3n por uso continuo o por mal uso (ozonizar aceites, dejar introducir agua dentro del generador de ozono, etc). Tambi\u00e9n en caso de que las tablas de calibraci\u00f3n sean hechas a una altitud diferente a donde est\u00e1 trabajando el equipo \u00a0(que puede variar hasta en un 40%) y que no se tome en cuenta al generar y aplicar el ozono.<\/p>\n<p class=\"font_8\">Con RAM3 todas estas incertidumbres desaparecen: se puede medir en tiempo real concentraciones de ozono con gran exactitud en todo el rango \u00fatil para la ozonoterapia.<\/p>\n<p class=\"font_8\">Est\u00e1 enfocado principalmente a ser utilizado en el \u00e1rea de ozonoterapia m\u00e9dica, para garantizar los protocolos que se han establecido en la Declaraci\u00f3n de Madrid. Con RAM3 puede verificar en tiempo real la concentraci\u00f3n de ozono de salida de su equipo de ozonoterapia, de esta manera puede dosificar la cantidad de ozono correcta.<\/p>\n<p class=\"font_8\">Las caracter\u00edsticas propias de RAM3 como precisi\u00f3n, rango de detecci\u00f3n, resoluci\u00f3n, linealidad, etc., fueron dise\u00f1adas especialmente para las aplicaciones de ozonoterapia de acuerdo a los protocolos de la\u00a0<a href=\"https:\/\/ateramex.com.mx\/wp-content\/uploads\/2023\/02\/DECLARACION-DE-MADRID-TERCERA-EDICION.pdf\" target=\"_blank\" rel=\"noopener\">Declaraci\u00f3n de Madrid de la Ozonoterapia<\/a>.\u00a0El equipo tambi\u00e9n puede ser utilizado para:<\/p>\n<ul class=\"font_8\">\n<li>\n<p class=\"font_8\">Medir la producci\u00f3n de ozono en sistemas de alta generaci\u00f3n de ozono.<\/p>\n<\/li>\n<li>\n<p class=\"font_8\">Medir la cantidad de ozono aplicado en producci\u00f3n de aceite ozonizado.<\/p>\n<\/li>\n<li>\n<p class=\"font_8\">Para calibraci\u00f3n de equipos generadores de ozono entre otros.<\/p>\n<\/li>\n<\/ul>\n<p class=\"font_8\">Patente en tr\u00e1mite con expediente de\u00a0<a href=\"https:\/\/ateramex.com.mx\/_files\/ugd\/a8aafb_1466aa9c9a8d4132854ad068c9c6e983.pdf?index=true\" target=\"_blank\" rel=\"noopener\">solicitud de patente : MX\/a\/2019\/010158\u00a0<\/a><\/p>\n","protected":false},"excerpt":{"rendered":"<p class=\"font_8\">RAM3 es un medidor de concentraci\u00f3n de ozono (analizador de ozono), en una mezcla de ozono y ox\u00edgeno, a partir de la t\u00e9cnica de espectrofotometr\u00eda (utilizando la ley de Lambert \u2013 Beer) en la banda de Chappuis a 602 nm. Cuenta con compensaci\u00f3n por temperatura y presi\u00f3n de acuerdo a la altitud.<\/p>\n","protected":false},"featured_media":1731,"comment_status":"open","ping_status":"closed","template":"","meta":{"om_disable_all_campaigns":false,"_uf_show_specific_survey":0,"_uf_disable_surveys":false,"site-sidebar-layout":"default","site-content-layout":"default","ast-global-header-display":"","ast-main-header-display":"","ast-hfb-above-header-display":"","ast-hfb-below-header-display":"","ast-hfb-mobile-header-display":"","site-post-title":"","ast-breadcrumbs-content":"","ast-featured-img":"","footer-sml-layout":"","theme-transparent-header-meta":"default","adv-header-id-meta":"","stick-header-meta":"","header-above-stick-meta":"","header-main-stick-meta":"","header-below-stick-meta":"","_joinchat":[]},"product_cat":[18],"product_tag":[22],"aioseo_notices":[],"_links":{"self":[{"href":"https:\/\/ateramex.com.mx\/index.php\/wp-json\/wp\/v2\/product\/1368"}],"collection":[{"href":"https:\/\/ateramex.com.mx\/index.php\/wp-json\/wp\/v2\/product"}],"about":[{"href":"https:\/\/ateramex.com.mx\/index.php\/wp-json\/wp\/v2\/types\/product"}],"replies":[{"embeddable":true,"href":"https:\/\/ateramex.com.mx\/index.php\/wp-json\/wp\/v2\/comments?post=1368"}],"wp:featuredmedia":[{"embeddable":true,"href":"https:\/\/ateramex.com.mx\/index.php\/wp-json\/wp\/v2\/media\/1731"}],"wp:attachment":[{"href":"https:\/\/ateramex.com.mx\/index.php\/wp-json\/wp\/v2\/media?parent=1368"}],"wp:term":[{"taxonomy":"product_cat","embeddable":true,"href":"https:\/\/ateramex.com.mx\/index.php\/wp-json\/wp\/v2\/product_cat?post=1368"},{"taxonomy":"product_tag","embeddable":true,"href":"https:\/\/ateramex.com.mx\/index.php\/wp-json\/wp\/v2\/product_tag?post=1368"}],"curies":[{"name":"wp","href":"https:\/\/api.w.org\/{rel}","templated":true}]}}