{"id":2175,"date":"2023-12-06T17:29:45","date_gmt":"2023-12-06T23:29:45","guid":{"rendered":"https:\/\/ateramex.com.mx\/?post_type=product&#038;p=2175"},"modified":"2025-11-19T00:00:48","modified_gmt":"2025-11-19T06:00:48","slug":"ozono-home-care","status":"publish","type":"product","link":"https:\/\/ateramex.com.mx\/index.php\/producto\/ozono-home-care\/","title":{"rendered":"Ozono Home Care tratamientos del pie diab\u00e9tico y ozonoterapia"},"content":{"rendered":"<p>OZONO HOME CARE es un equipo de ozonoterapia personal que usa el ozono como medicina natural y aprovecha las bondades naturales del ozono para mantener \u00f3ptima tu salud e higiene. \u00a0Con la generaci\u00f3n y aplicaci\u00f3n de agua ozonizada puede dar tratamiento a la halitosis, gingivitis y peridontitis entre otros. Es excelente para el tratamiento del pie diab\u00e9tico, infecciones que no curan y quemaduras.<\/p>\n<p class=\"font_8\">Elimina de manera muy r\u00e1pida y eficiente las infecciones externas en nuestro cuerpo producidas por bacterias, virus y hongos. Es excelente para el tratamiento del pie diab\u00e9tico ya que cura la infecci\u00f3n al tiempo que oxigena el miembro afectado por la diabetes manteni\u00e9ndolo sano.<\/p>\n<p class=\"font_8\">Mediante sencillas terapias que cualquiera puede hacer en su hogar, Ozono Home Care le evitar\u00e1 muchas visitas, gastos m\u00e9dicos y la necesidad de consumir antibi\u00f3ticos (evitando as\u00ed sus efectos colaterales).<\/p>\n<h5 class=\"font_8\" style=\"text-align: center;\"><a href=\"https:\/\/ateramex.com.mx\/index.php\/ozono-home-care-datos-tecnicos\/\">VER DATOS T\u00c9CNICOS<\/a><\/h5>\n","protected":false},"excerpt":{"rendered":"<p>OZONO HOME CARE es un equipo de ozonoterapia personal que usa el ozono como medicina natural y aprovecha las bondades naturales del ozono para mantener \u00f3ptima tu salud e higiene. \u00a0Con la generaci\u00f3n y aplicaci\u00f3n de agua ozonizada puede dar tratamiento a la halitosis, gingivitis y peridontitis entre otros. Es excelente para el tratamiento del pie diab\u00e9tico, infecciones que no curan y quemaduras.<\/p>\n","protected":false},"featured_media":3506,"comment_status":"open","ping_status":"closed","template":"","meta":{"om_disable_all_campaigns":false,"_uf_show_specific_survey":0,"_uf_disable_surveys":false,"site-sidebar-layout":"default","site-content-layout":"default","ast-global-header-display":"","ast-main-header-display":"","ast-hfb-above-header-display":"","ast-hfb-below-header-display":"","ast-hfb-mobile-header-display":"","site-post-title":"","ast-breadcrumbs-content":"","ast-featured-img":"","footer-sml-layout":"","theme-transparent-header-meta":"default","adv-header-id-meta":"","stick-header-meta":"","header-above-stick-meta":"","header-main-stick-meta":"","header-below-stick-meta":"","_joinchat":[]},"product_cat":[18],"product_tag":[],"aioseo_notices":[],"_links":{"self":[{"href":"https:\/\/ateramex.com.mx\/index.php\/wp-json\/wp\/v2\/product\/2175"}],"collection":[{"href":"https:\/\/ateramex.com.mx\/index.php\/wp-json\/wp\/v2\/product"}],"about":[{"href":"https:\/\/ateramex.com.mx\/index.php\/wp-json\/wp\/v2\/types\/product"}],"replies":[{"embeddable":true,"href":"https:\/\/ateramex.com.mx\/index.php\/wp-json\/wp\/v2\/comments?post=2175"}],"wp:featuredmedia":[{"embeddable":true,"href":"https:\/\/ateramex.com.mx\/index.php\/wp-json\/wp\/v2\/media\/3506"}],"wp:attachment":[{"href":"https:\/\/ateramex.com.mx\/index.php\/wp-json\/wp\/v2\/media?parent=2175"}],"wp:term":[{"taxonomy":"product_cat","embeddable":true,"href":"https:\/\/ateramex.com.mx\/index.php\/wp-json\/wp\/v2\/product_cat?post=2175"},{"taxonomy":"product_tag","embeddable":true,"href":"https:\/\/ateramex.com.mx\/index.php\/wp-json\/wp\/v2\/product_tag?post=2175"}],"curies":[{"name":"wp","href":"https:\/\/api.w.org\/{rel}","templated":true}]}}