{"id":2176,"date":"2023-12-06T17:35:27","date_gmt":"2023-12-06T23:35:27","guid":{"rendered":"https:\/\/ateramex.com.mx\/?post_type=product&#038;p=2176"},"modified":"2026-03-25T11:01:00","modified_gmt":"2026-03-25T17:01:00","slug":"aqua-esplendida","status":"publish","type":"product","link":"https:\/\/ateramex.com.mx\/index.php\/producto\/aqua-esplendida\/","title":{"rendered":"Aqua Espl\u00e9ndida ozonizador purificador de agua"},"content":{"rendered":"<p class=\"font_8\">Aqua Espl\u00e9ndida\u00a0es un ozonizador \u2013 \u00a0generador de ozono port\u00e1til. El ozono al entrar en contacto con el agua elimina de una manera segura todo tipo de g\u00e9rmenes, virus, bacterias y hongos causantes de enfermedades. Despu\u00e9s de actuar regresa a su forma natural: ox\u00edgeno.<\/p>\n<p class=\"font_8\">Aqua Espl\u00e9ndida\u00a0es tambi\u00e9n un purificador de agua casero que purifica 20 litros de agua en 10 minutos y 40 litros en 20 minutos. Produce agua ozonizada que desinfecta frutas, verduras, carnes, pescados y mariscos sin cambiarles su sabor. Esteriliza vajillas, biberones, material quir\u00fargico y mucho m\u00e1s\u2026<\/p>\n","protected":false},"excerpt":{"rendered":"<p class=\"font_8\">Aqua Espl\u00e9ndida es un purificador de agua casero que purifica 20 litros de agua en 10 minutos y 40 litros en 20 minutos. Produce agua ozonizada que desinfecta frutas, verduras, carnes, pescados y mariscos sin cambiarles su sabor. Esteriliza vajillas, biberones, material quir\u00fargico y mucho m\u00e1s\u2026<\/p>\n","protected":false},"featured_media":1951,"comment_status":"open","ping_status":"closed","template":"","meta":{"om_disable_all_campaigns":false,"_uf_show_specific_survey":0,"_uf_disable_surveys":false,"site-sidebar-layout":"default","site-content-layout":"default","ast-global-header-display":"","ast-main-header-display":"","ast-hfb-above-header-display":"","ast-hfb-below-header-display":"","ast-hfb-mobile-header-display":"","site-post-title":"","ast-breadcrumbs-content":"","ast-featured-img":"","footer-sml-layout":"","theme-transparent-header-meta":"default","adv-header-id-meta":"","stick-header-meta":"","header-above-stick-meta":"","header-main-stick-meta":"","header-below-stick-meta":"","_joinchat":[]},"product_cat":[18],"product_tag":[],"aioseo_notices":[],"_links":{"self":[{"href":"https:\/\/ateramex.com.mx\/index.php\/wp-json\/wp\/v2\/product\/2176"}],"collection":[{"href":"https:\/\/ateramex.com.mx\/index.php\/wp-json\/wp\/v2\/product"}],"about":[{"href":"https:\/\/ateramex.com.mx\/index.php\/wp-json\/wp\/v2\/types\/product"}],"replies":[{"embeddable":true,"href":"https:\/\/ateramex.com.mx\/index.php\/wp-json\/wp\/v2\/comments?post=2176"}],"wp:featuredmedia":[{"embeddable":true,"href":"https:\/\/ateramex.com.mx\/index.php\/wp-json\/wp\/v2\/media\/1951"}],"wp:attachment":[{"href":"https:\/\/ateramex.com.mx\/index.php\/wp-json\/wp\/v2\/media?parent=2176"}],"wp:term":[{"taxonomy":"product_cat","embeddable":true,"href":"https:\/\/ateramex.com.mx\/index.php\/wp-json\/wp\/v2\/product_cat?post=2176"},{"taxonomy":"product_tag","embeddable":true,"href":"https:\/\/ateramex.com.mx\/index.php\/wp-json\/wp\/v2\/product_tag?post=2176"}],"curies":[{"name":"wp","href":"https:\/\/api.w.org\/{rel}","templated":true}]}}