{"id":2497,"date":"2024-07-09T17:57:02","date_gmt":"2024-07-09T23:57:02","guid":{"rendered":"https:\/\/ateramex.com.mx\/?post_type=product&#038;p=2497"},"modified":"2025-12-10T12:30:29","modified_gmt":"2025-12-10T18:30:29","slug":"mejora-la-calidad-del-aire-en-interiores-eolozon-1000-euro3","status":"publish","type":"product","link":"https:\/\/ateramex.com.mx\/index.php\/producto\/mejora-la-calidad-del-aire-en-interiores-eolozon-1000-euro3\/","title":{"rendered":"EOLOZON-EURO3 Ozonificador de Aire Mejora la Calidad del Aire"},"content":{"rendered":"<p>EOLOZON 500-EURO3 es un sistema para mejorar la calidad del aire en interiores mediante la aplicaci\u00f3n controlada y dosificada de ozono, cumpliendo con las normas internacionales de salud. Tiene capacidad de hasta 500 m3.<\/p>\n<p>El ozono en peque\u00f1as dosis continuas mantiene el ambiente desinfectado y libre de malos olores, y tambi\u00e9n\u00a0 mejora de manera significativa el \u00cdndice de Calidad de Aire (ICA) (Index for Air Quality, IAQ) siendo medido por el sensor Bosch BME-680 en tiempo real. Las mediciones de concentraci\u00f3n de O3 y el ICA pueden verse mediante la App Air Guard en cualquier dispositivo Android con Bluetooth.<\/p>\n<p>El sistema consiste en dos m\u00f3dulos separados que trabajan en conjunto:<\/p>\n<p>1) M\u00f3dulo generador de ozono EOLOZON 500. Este m\u00f3dulo es el encargado de generar el ozono y est\u00e1 controlado por la nariz electr\u00f3nica. Tiene 3 niveles de generaci\u00f3n a 50, a 75 y a 100 ppb (parts per billion) (0.05, 0.075 y 0.1 ppm).<\/p>\n<p>2) Nariz electr\u00f3nica EURO3. Este m\u00f3dulo tiene varios sensores para monitorear el ambiente: \u00cdndice de Calidad de Aire (ICA), Sensor de concentraci\u00f3n de ozono, humedad relativa, presi\u00f3n barom\u00e9trica. Toda la informaci\u00f3n se env\u00eda al m\u00f3dulo generador de ozono EOLOZON v\u00eda remota para controlar la producci\u00f3n de ozono y se puede consultar via Bluetooth bajando la aplicaci\u00f3n <strong>Ateramex Air Guard\u00a0<\/strong>en cualquier dispositivo Android o tambi\u00e9n con el Display Inteligente Lektor 3. Tiene 2 Leds que cambian de color de acuerdo al ICA y al nivel de O3.<\/p>\n<h5 style=\"text-align: center;\"><a href=\"https:\/\/ateramex.com.mx\/index.php\/eolozon-euro3-datos-tecnicos\/\">VER DATOS T\u00c9CNICOS<\/a><\/h5>\n","protected":false},"excerpt":{"rendered":"<p>EOLOZON 500-EURO3 es un sistema para mejorar la calidad del aire en interiores mediante la aplicaci\u00f3n controlada y dosificada de ozono, cumpliendo con las normas internacionales de salud. Tiene capacidad de hasta 500 m3.<\/p>\n","protected":false},"featured_media":2310,"comment_status":"open","ping_status":"closed","template":"","meta":{"om_disable_all_campaigns":false,"_uf_show_specific_survey":0,"_uf_disable_surveys":false,"site-sidebar-layout":"default","site-content-layout":"default","ast-global-header-display":"","ast-main-header-display":"","ast-hfb-above-header-display":"","ast-hfb-below-header-display":"","ast-hfb-mobile-header-display":"","site-post-title":"","ast-breadcrumbs-content":"","ast-featured-img":"","footer-sml-layout":"","theme-transparent-header-meta":"default","adv-header-id-meta":"","stick-header-meta":"","header-above-stick-meta":"","header-main-stick-meta":"","header-below-stick-meta":"","_joinchat":[]},"product_cat":[18],"product_tag":[],"aioseo_notices":[],"_links":{"self":[{"href":"https:\/\/ateramex.com.mx\/index.php\/wp-json\/wp\/v2\/product\/2497"}],"collection":[{"href":"https:\/\/ateramex.com.mx\/index.php\/wp-json\/wp\/v2\/product"}],"about":[{"href":"https:\/\/ateramex.com.mx\/index.php\/wp-json\/wp\/v2\/types\/product"}],"replies":[{"embeddable":true,"href":"https:\/\/ateramex.com.mx\/index.php\/wp-json\/wp\/v2\/comments?post=2497"}],"wp:featuredmedia":[{"embeddable":true,"href":"https:\/\/ateramex.com.mx\/index.php\/wp-json\/wp\/v2\/media\/2310"}],"wp:attachment":[{"href":"https:\/\/ateramex.com.mx\/index.php\/wp-json\/wp\/v2\/media?parent=2497"}],"wp:term":[{"taxonomy":"product_cat","embeddable":true,"href":"https:\/\/ateramex.com.mx\/index.php\/wp-json\/wp\/v2\/product_cat?post=2497"},{"taxonomy":"product_tag","embeddable":true,"href":"https:\/\/ateramex.com.mx\/index.php\/wp-json\/wp\/v2\/product_tag?post=2497"}],"curies":[{"name":"wp","href":"https:\/\/api.w.org\/{rel}","templated":true}]}}