{"id":4260,"date":"2025-12-11T12:38:14","date_gmt":"2025-12-11T18:38:14","guid":{"rendered":"https:\/\/ateramex.com.mx\/?post_type=product&#038;p=4260"},"modified":"2026-01-31T12:13:40","modified_gmt":"2026-01-31T18:13:40","slug":"lektor-3-display-para-monitoreo-de-calidad-del-aire-interior","status":"publish","type":"product","link":"https:\/\/ateramex.com.mx\/index.php\/producto\/lektor-3-display-para-monitoreo-de-calidad-del-aire-interior\/","title":{"rendered":"Lektor 3 Display para Monitoreo de Calidad del Aire Interior"},"content":{"rendered":"<p data-start=\"654\" data-end=\"1121\">El <strong data-start=\"657\" data-end=\"669\">Lektor 3<\/strong> es un display circular inteligente de <strong data-start=\"708\" data-end=\"730\">4.5 cm de di\u00e1metro<\/strong>, dise\u00f1ado para la visualizaci\u00f3n en tiempo real de los principales par\u00e1metros de la <strong data-start=\"814\" data-end=\"848\">calidad del aire en interiores<\/strong>. Este dispositivo muestra de forma clara el <strong data-start=\"893\" data-end=\"929\">\u00cdndice de Calidad del Aire (ICA)<\/strong>, el <strong data-start=\"935\" data-end=\"960\">nivel de ozono (O\u2083)<\/strong>, la <strong data-start=\"965\" data-end=\"985\">humedad relativa <\/strong>y la <strong data-start=\"1011\" data-end=\"1034\">presi\u00f3n barom\u00e9trica<\/strong>, recibiendo la informaci\u00f3n de manera inal\u00e1mbrica desde la nariz electr\u00f3nica <strong data-start=\"1111\" data-end=\"1120\">EURO3<\/strong>.<\/p>\n<p data-start=\"1123\" data-end=\"1397\">Gracias a su integraci\u00f3n con el sensor ambiental de alta precisi\u00f3n EURO3, el <strong data-start=\"1194\" data-end=\"1206\">Lektor 3<\/strong> es ideal para el <strong data-start=\"1224\" data-end=\"1334\">monitoreo ambiental en hogares, oficinas, hospitales, cl\u00ednicas, laboratorios, escuelas y espacios cerrados<\/strong> donde se requiere un control constante de la calidad del aire.<\/p>\n<h2 data-start=\"1399\" data-end=\"1428\">\ud83d\udd39 Principales beneficios<\/h2>\n<p>&nbsp;<\/p>\n<ul data-start=\"1430\" data-end=\"1746\">\n<li data-start=\"1430\" data-end=\"1492\">\n<p data-start=\"1432\" data-end=\"1492\">Monitoreo en tiempo real de la <strong data-start=\"1463\" data-end=\"1492\">calidad del aire interior<\/strong><\/p>\n<\/li>\n<li data-start=\"1493\" data-end=\"1549\">\n<p data-start=\"1495\" data-end=\"1549\">Visualizaci\u00f3n del <strong data-start=\"1513\" data-end=\"1549\">\u00cdndice de Calidad del Aire (ICA)<\/strong><\/p>\n<\/li>\n<li data-start=\"1550\" data-end=\"1647\">\n<p data-start=\"1552\" data-end=\"1647\">Visualizaci\u00f3n de <strong data-start=\"1580\" data-end=\"1594\">ozono (O\u2083)<\/strong>, humedad relativa y presi\u00f3n barom\u00e9trica<\/p>\n<\/li>\n<li data-start=\"1648\" data-end=\"1695\">\n<p data-start=\"1650\" data-end=\"1695\">Trabaja en conjunto con la nariz electr\u00f3nica <strong data-start=\"1686\" data-end=\"1695\">EURO3<\/strong><\/p>\n<\/li>\n<li data-start=\"1696\" data-end=\"1746\">\n<p data-start=\"1698\" data-end=\"1746\">Dise\u00f1o circular compacto y moderno de <strong data-start=\"1736\" data-end=\"1746\">4.5 cm<\/strong><\/p>\n<\/li>\n<\/ul>\n<h2 data-start=\"1748\" data-end=\"1767\">\ud83d\udd39 Aplicaciones<\/h2>\n<p>&nbsp;<\/p>\n<p data-start=\"1769\" data-end=\"1799\">El <strong data-start=\"1772\" data-end=\"1784\">Lektor 3<\/strong> es ideal para:<\/p>\n<ul data-start=\"1800\" data-end=\"1931\">\n<li data-start=\"1800\" data-end=\"1820\">\n<p data-start=\"1802\" data-end=\"1820\">Hogares y oficinas<\/p>\n<\/li>\n<li data-start=\"1821\" data-end=\"1844\">\n<p data-start=\"1823\" data-end=\"1844\">Hospitales y cl\u00ednicas<\/p>\n<\/li>\n<li data-start=\"1845\" data-end=\"1859\">\n<p data-start=\"1847\" data-end=\"1859\">Laboratorios<\/p>\n<\/li>\n<li data-start=\"1860\" data-end=\"1870\">\n<p data-start=\"1862\" data-end=\"1870\">Escuelas<\/p>\n<\/li>\n<li data-start=\"1871\" data-end=\"1893\">\n<p data-start=\"1873\" data-end=\"1893\">Consultorios m\u00e9dicos<\/p>\n<\/li>\n<li data-start=\"1894\" data-end=\"1931\">\n<p data-start=\"1896\" data-end=\"1931\">Espacios industriales y comerciales<\/p>\n<\/li>\n<\/ul>\n<p data-start=\"1933\" data-end=\"2099\">Este dispositivo es una soluci\u00f3n eficiente y confiable para quienes buscan un <strong data-start=\"2011\" data-end=\"2063\">monitor de calidad del aire interior profesional<\/strong>, f\u00e1cil de usar y de alta precisi\u00f3n.<\/p>\n","protected":false},"excerpt":{"rendered":"<p>Lektor 3 es un display circular inteligente de 4.5 cm para monitoreo de calidad del aire interior, que muestra en tiempo real el \u00cdndice de Calidad del Aire (ICA), niveles de ozono (O\u2083), humedad relativa,\u00a0presi\u00f3n barom\u00e9trica y CO2, recibiendo datos v\u00eda remota de la nariz electr\u00f3nica EURO3. Ideal para hogares, oficinas, cl\u00ednicas y laboratorios.<\/p>\n","protected":false},"featured_media":4156,"comment_status":"open","ping_status":"closed","template":"","meta":{"om_disable_all_campaigns":false,"_uf_show_specific_survey":0,"_uf_disable_surveys":false,"site-sidebar-layout":"default","site-content-layout":"default","ast-global-header-display":"","ast-main-header-display":"","ast-hfb-above-header-display":"","ast-hfb-below-header-display":"","ast-hfb-mobile-header-display":"","site-post-title":"","ast-breadcrumbs-content":"","ast-featured-img":"","footer-sml-layout":"","theme-transparent-header-meta":"default","adv-header-id-meta":"","stick-header-meta":"","header-above-stick-meta":"","header-main-stick-meta":"","header-below-stick-meta":"","_joinchat":[]},"product_cat":[18],"product_tag":[],"aioseo_notices":[],"_links":{"self":[{"href":"https:\/\/ateramex.com.mx\/index.php\/wp-json\/wp\/v2\/product\/4260"}],"collection":[{"href":"https:\/\/ateramex.com.mx\/index.php\/wp-json\/wp\/v2\/product"}],"about":[{"href":"https:\/\/ateramex.com.mx\/index.php\/wp-json\/wp\/v2\/types\/product"}],"replies":[{"embeddable":true,"href":"https:\/\/ateramex.com.mx\/index.php\/wp-json\/wp\/v2\/comments?post=4260"}],"wp:featuredmedia":[{"embeddable":true,"href":"https:\/\/ateramex.com.mx\/index.php\/wp-json\/wp\/v2\/media\/4156"}],"wp:attachment":[{"href":"https:\/\/ateramex.com.mx\/index.php\/wp-json\/wp\/v2\/media?parent=4260"}],"wp:term":[{"taxonomy":"product_cat","embeddable":true,"href":"https:\/\/ateramex.com.mx\/index.php\/wp-json\/wp\/v2\/product_cat?post=4260"},{"taxonomy":"product_tag","embeddable":true,"href":"https:\/\/ateramex.com.mx\/index.php\/wp-json\/wp\/v2\/product_tag?post=4260"}],"curies":[{"name":"wp","href":"https:\/\/api.w.org\/{rel}","templated":true}]}}